{"id":19521,"date":"2026-03-21T17:10:31","date_gmt":"2026-03-21T16:10:31","guid":{"rendered":"https:\/\/www.livresentre2actions.fr\/?post_type=product&#038;p=19521"},"modified":"2026-03-21T17:10:32","modified_gmt":"2026-03-21T16:10:32","slug":"cartulaire-de-labbaye-de-saint-vaast-darras-redige-au-xiieme-siecle-par-guimann","status":"publish","type":"product","link":"https:\/\/www.livresentre2actions.fr\/en\/product\/cartulaire-de-labbaye-de-saint-vaast-darras-redige-au-xiieme-siecle-par-guimann\/","title":{"rendered":"Cartulaire de l\u2019abbaye de Saint-Vaast d\u2019Arras r\u00e9dig\u00e9 au XII\u00e8me si\u00e8cle par Guimann"},"content":{"rendered":"<p>Le Chanoine Van Drival &#8211; A. Courtin, imprimeur, Place Wetz-d\u2019Amain, Arras<\/p>\n<p>Broch\u00e9, 228 x 150, 486p. Avec tble (table incompl\u00e8te). 1875. \u00c9dition originale dans un \u00e9tat tr\u00e8s modeste : pas de reliure, pas de garde, pas de faux-titre, pas de frontispice, table incompl\u00e8te de deux pages, un fac-simil\u00e9 manquant, des pages volantes, d\u00e9broch\u00e9, et exemplaire de travail avec abondants soulignages et notes au crayon de papier ; quelques mouillures marginales.<\/p>\n<p>Comprend donc : Page de titre puis 4p. d\u2019illustrations du cartulaire. Puis l\u2019adresse \u00e0 l\u2019Acad\u00e9mie d\u2019Arras, par l\u2019auteur. Puis l\u2019Introduction, pagin\u00e9e viii-xxx. [ce qui indique qu\u2019il manque simplement 2 pages en d\u00e9but de volume : garde et frontispice]. Puis le texte, avec un fac-simile d\u00e9pliant (sur 2), et une carte d\u2019Arras au XII\u00e8me, d\u00e9pliante, int\u00e8gre, mais d\u00e9tach\u00e9e de son cahier. 456p. Suivi du Dictionnaire des noms de lieux, pagin\u00e9 457-473. Puis la table. Exemplaire qui a \u00e9t\u00e9 gliss\u00e9s dans une pochette cartonn\u00e9e titr\u00e9 au dos, et index\u00e9e (ancien exemplaire de biblioth\u00e8que).<\/p>","protected":false},"excerpt":{"rendered":"<p>Le Chanoine Van Drival &#8211; A. Courtin, imprimeur, Place Wetz-d\u2019Amain, Arras Broch\u00e9, 228 x 150, 486p. Avec tble (table incompl\u00e8te). 1875. \u00c9dition originale dans un \u00e9tat tr\u00e8s modeste : pas de reliure, pas de garde, pas de faux-titre, pas de frontispice, table incompl\u00e8te de deux pages, un fac-simil\u00e9 manquant, des pages volantes, d\u00e9broch\u00e9, et exemplaire &#8230; <a title=\"Cartulaire de l\u2019abbaye de Saint-Vaast d\u2019Arras r\u00e9dig\u00e9 au XII\u00e8me si\u00e8cle par Guimann\" class=\"read-more\" href=\"https:\/\/www.livresentre2actions.fr\/en\/product\/cartulaire-de-labbaye-de-saint-vaast-darras-redige-au-xiieme-siecle-par-guimann\/\" aria-label=\"Read more about Cartulaire de l\u2019abbaye de Saint-Vaast d\u2019Arras r\u00e9dig\u00e9 au XII\u00e8me si\u00e8cle par Guimann\">Read more<\/a><\/p>","protected":false},"featured_media":19522,"template":"","meta":{"_eb_attr":""},"product_brand":[],"product_cat":[36,81,73],"product_tag":[],"class_list":{"0":"post-19521","1":"product","2":"type-product","3":"status-publish","4":"has-post-thumbnail","6":"product_cat-entre-le-xviiieme-et-le-xixeme-siecle","7":"product_cat-hauts-de-france","8":"product_cat-histoires-et-recits-de-voyage","9":"sales-flash-overlay","10":"woocommerce-text-align-center","11":"woocommerce-image-align-center","12":"wc-has-gallery","14":"first","15":"instock","16":"taxable","17":"shipping-taxable","18":"purchasable","19":"product-type-simple"},"aioseo_notices":[],"_links":{"self":[{"href":"https:\/\/www.livresentre2actions.fr\/en\/wp-json\/wp\/v2\/product\/19521","targetHints":{"allow":["GET"]}}],"collection":[{"href":"https:\/\/www.livresentre2actions.fr\/en\/wp-json\/wp\/v2\/product"}],"about":[{"href":"https:\/\/www.livresentre2actions.fr\/en\/wp-json\/wp\/v2\/types\/product"}],"wp:featuredmedia":[{"embeddable":true,"href":"https:\/\/www.livresentre2actions.fr\/en\/wp-json\/wp\/v2\/media\/19522"}],"wp:attachment":[{"href":"https:\/\/www.livresentre2actions.fr\/en\/wp-json\/wp\/v2\/media?parent=19521"}],"wp:term":[{"taxonomy":"product_brand","embeddable":true,"href":"https:\/\/www.livresentre2actions.fr\/en\/wp-json\/wp\/v2\/product_brand?post=19521"},{"taxonomy":"product_cat","embeddable":true,"href":"https:\/\/www.livresentre2actions.fr\/en\/wp-json\/wp\/v2\/product_cat?post=19521"},{"taxonomy":"product_tag","embeddable":true,"href":"https:\/\/www.livresentre2actions.fr\/en\/wp-json\/wp\/v2\/product_tag?post=19521"}],"curies":[{"name":"wp","href":"https:\/\/api.w.org\/{rel}","templated":true}]}}