{"id":19468,"date":"2026-03-19T16:26:45","date_gmt":"2026-03-19T15:26:45","guid":{"rendered":"https:\/\/www.livresentre2actions.fr\/?post_type=product&#038;p=19468"},"modified":"2026-03-19T16:27:39","modified_gmt":"2026-03-19T15:27:39","slug":"billet-autographe-joseph-gaston-pourquery-de-boisserin","status":"publish","type":"product","link":"https:\/\/www.livresentre2actions.fr\/en\/product\/billet-autographe-joseph-gaston-pourquery-de-boisserin\/","title":{"rendered":"Billet autographe &#8211; Joseph-Gaston Pourquery de Boisserin"},"content":{"rendered":"<p>Chambre des d\u00e9put\u00e9s 21\/03\/1895<\/p>\n<p>Un billet de remerciement, en premier volet d&rsquo;un quatre page, par ailleurs vierge. Joseph-Gaston Pourquery de Boisserin, radical socialiste \u00e9tait alors d\u00e9put\u00e9 du Vaucluse tr\u00e8s bon \u00e9tat.<\/p>","protected":false},"excerpt":{"rendered":"<p>Chambre des d\u00e9put\u00e9s 21\/03\/1895 Un billet de remerciement, en premier volet d&rsquo;un quatre page, par ailleurs vierge. Joseph-Gaston Pourquery de Boisserin, radical socialiste \u00e9tait alors d\u00e9put\u00e9 du Vaucluse tr\u00e8s bon \u00e9tat.<\/p>","protected":false},"featured_media":19469,"template":"","meta":{"_eb_attr":""},"product_brand":[],"product_cat":[36,71,73],"product_tag":[],"class_list":{"0":"post-19468","1":"product","2":"type-product","3":"status-publish","4":"has-post-thumbnail","6":"product_cat-entre-le-xviiieme-et-le-xixeme-siecle","7":"product_cat-illustres-modernes-editions-originales-signees-numerotees","8":"product_cat-histoires-et-recits-de-voyage","9":"sales-flash-overlay","10":"woocommerce-text-align-center","11":"woocommerce-image-align-center","12":"wc-has-gallery","14":"first","15":"instock","16":"taxable","17":"shipping-taxable","18":"purchasable","19":"product-type-simple"},"aioseo_notices":[],"_links":{"self":[{"href":"https:\/\/www.livresentre2actions.fr\/en\/wp-json\/wp\/v2\/product\/19468","targetHints":{"allow":["GET"]}}],"collection":[{"href":"https:\/\/www.livresentre2actions.fr\/en\/wp-json\/wp\/v2\/product"}],"about":[{"href":"https:\/\/www.livresentre2actions.fr\/en\/wp-json\/wp\/v2\/types\/product"}],"wp:featuredmedia":[{"embeddable":true,"href":"https:\/\/www.livresentre2actions.fr\/en\/wp-json\/wp\/v2\/media\/19469"}],"wp:attachment":[{"href":"https:\/\/www.livresentre2actions.fr\/en\/wp-json\/wp\/v2\/media?parent=19468"}],"wp:term":[{"taxonomy":"product_brand","embeddable":true,"href":"https:\/\/www.livresentre2actions.fr\/en\/wp-json\/wp\/v2\/product_brand?post=19468"},{"taxonomy":"product_cat","embeddable":true,"href":"https:\/\/www.livresentre2actions.fr\/en\/wp-json\/wp\/v2\/product_cat?post=19468"},{"taxonomy":"product_tag","embeddable":true,"href":"https:\/\/www.livresentre2actions.fr\/en\/wp-json\/wp\/v2\/product_tag?post=19468"}],"curies":[{"name":"wp","href":"https:\/\/api.w.org\/{rel}","templated":true}]}}