{"id":19404,"date":"2026-03-18T17:21:58","date_gmt":"2026-03-18T16:21:58","guid":{"rendered":"https:\/\/www.livresentre2actions.fr\/?post_type=product&#038;p=19404"},"modified":"2026-03-18T17:21:59","modified_gmt":"2026-03-18T16:21:59","slug":"discours-prononce-dans-la-seance-publique-tenue-par-lacademie-francaise-pour-la-reception-de-m-henri-de-regnier","status":"publish","type":"product","link":"https:\/\/www.livresentre2actions.fr\/en\/product\/discours-prononce-dans-la-seance-publique-tenue-par-lacademie-francaise-pour-la-reception-de-m-henri-de-regnier\/","title":{"rendered":"Discours prononc\u00e9 dans la s\u00e9ance publique tenue par l\u2019Acad\u00e9mie fran\u00e7aise pour la r\u00e9ception de M. Henri de R\u00e9gnier"},"content":{"rendered":"<p>Firmin-Didot &#8211; Broch\u00e9, 282 x 230, 54p. 1912. Portrait de l\u2019auteur en frontispice sous serpente. Int\u00e9rieur l\u00e9g\u00e8rement insol\u00e9 mais propre, non coup\u00e9, avec quelques pages corn\u00e9es en pied en fin de volume. Couvertures et dos insol\u00e9s, avec une d\u00e9chirure sans manque en pied de dos le long de la couverture, et une petite sans manque en t\u00eat de dos. Bien ferme.<\/p>","protected":false},"excerpt":{"rendered":"<p>Firmin-Didot &#8211; Broch\u00e9, 282 x 230, 54p. 1912. Portrait de l\u2019auteur en frontispice sous serpente. Int\u00e9rieur l\u00e9g\u00e8rement insol\u00e9 mais propre, non coup\u00e9, avec quelques pages corn\u00e9es en pied en fin de volume. Couvertures et dos insol\u00e9s, avec une d\u00e9chirure sans manque en pied de dos le long de la couverture, et une petite sans manque &#8230; <a title=\"Discours prononc\u00e9 dans la s\u00e9ance publique tenue par l\u2019Acad\u00e9mie fran\u00e7aise pour la r\u00e9ception de M. Henri de R\u00e9gnier\" class=\"read-more\" href=\"https:\/\/www.livresentre2actions.fr\/en\/product\/discours-prononce-dans-la-seance-publique-tenue-par-lacademie-francaise-pour-la-reception-de-m-henri-de-regnier\/\" aria-label=\"Read more about Discours prononc\u00e9 dans la s\u00e9ance publique tenue par l\u2019Acad\u00e9mie fran\u00e7aise pour la r\u00e9ception de M. Henri de R\u00e9gnier\">Read more<\/a><\/p>","protected":false},"featured_media":19405,"template":"","meta":{"_eb_attr":""},"product_brand":[],"product_cat":[36,37,74,71,76],"product_tag":[],"class_list":{"0":"post-19404","1":"product","2":"type-product","3":"status-publish","4":"has-post-thumbnail","6":"product_cat-entre-le-xviiieme-et-le-xixeme-siecle","7":"product_cat-a-partir-du-xxeme-siecle","8":"product_cat-collections","9":"product_cat-illustres-modernes-editions-originales-signees-numerotees","10":"product_cat-poesie-theatre-prose","11":"sales-flash-overlay","12":"woocommerce-text-align-center","13":"woocommerce-image-align-center","14":"wc-has-gallery","16":"first","17":"instock","18":"taxable","19":"shipping-taxable","20":"purchasable","21":"product-type-simple"},"aioseo_notices":[],"_links":{"self":[{"href":"https:\/\/www.livresentre2actions.fr\/en\/wp-json\/wp\/v2\/product\/19404","targetHints":{"allow":["GET"]}}],"collection":[{"href":"https:\/\/www.livresentre2actions.fr\/en\/wp-json\/wp\/v2\/product"}],"about":[{"href":"https:\/\/www.livresentre2actions.fr\/en\/wp-json\/wp\/v2\/types\/product"}],"wp:featuredmedia":[{"embeddable":true,"href":"https:\/\/www.livresentre2actions.fr\/en\/wp-json\/wp\/v2\/media\/19405"}],"wp:attachment":[{"href":"https:\/\/www.livresentre2actions.fr\/en\/wp-json\/wp\/v2\/media?parent=19404"}],"wp:term":[{"taxonomy":"product_brand","embeddable":true,"href":"https:\/\/www.livresentre2actions.fr\/en\/wp-json\/wp\/v2\/product_brand?post=19404"},{"taxonomy":"product_cat","embeddable":true,"href":"https:\/\/www.livresentre2actions.fr\/en\/wp-json\/wp\/v2\/product_cat?post=19404"},{"taxonomy":"product_tag","embeddable":true,"href":"https:\/\/www.livresentre2actions.fr\/en\/wp-json\/wp\/v2\/product_tag?post=19404"}],"curies":[{"name":"wp","href":"https:\/\/api.w.org\/{rel}","templated":true}]}}