{"id":19398,"date":"2026-03-18T17:18:48","date_gmt":"2026-03-18T16:18:48","guid":{"rendered":"https:\/\/www.livresentre2actions.fr\/?post_type=product&#038;p=19398"},"modified":"2026-03-18T17:18:51","modified_gmt":"2026-03-18T16:18:51","slug":"discours-prononces-dans-la-seance-publique-tenue-par-lacademie-francaise-pour-la-reception-de-pierre-loti","status":"publish","type":"product","link":"https:\/\/www.livresentre2actions.fr\/en\/product\/discours-prononces-dans-la-seance-publique-tenue-par-lacademie-francaise-pour-la-reception-de-pierre-loti\/","title":{"rendered":"Discours prononc\u00e9s dans la s\u00e9ance publique tenue par l&rsquo;acad\u00e9mie fran\u00e7aise pour la r\u00e9ception de Pierre Loti."},"content":{"rendered":"<p>Loti \/ M. M\u00e9zi\u00e8res &#8211; Firmin-Didot<\/p>\n<p>Broch\u00e9, 255 x 238, 59p. 1892. Int\u00e9rieur tr\u00e8s bon, non coup\u00e9. Discours de Loti, 31p. Suivi de R\u00e9ponse de M. M\u00e9zi\u00e8res, 23p. Int\u00e9rieur propre, non coup\u00e9. Couvertures insol\u00e9s, avec corne, d\u00e9chirures et manque au dos, et une d\u00e9chirure sans manque en couverture.<\/p>","protected":false},"excerpt":{"rendered":"<p>Loti \/ M. M\u00e9zi\u00e8res &#8211; Firmin-Didot Broch\u00e9, 255 x 238, 59p. 1892. Int\u00e9rieur tr\u00e8s bon, non coup\u00e9. Discours de Loti, 31p. Suivi de R\u00e9ponse de M. M\u00e9zi\u00e8res, 23p. Int\u00e9rieur propre, non coup\u00e9. Couvertures insol\u00e9s, avec corne, d\u00e9chirures et manque au dos, et une d\u00e9chirure sans manque en couverture.<\/p>","protected":false},"featured_media":19399,"template":"","meta":{"_eb_attr":""},"product_brand":[],"product_cat":[36,74,71,76],"product_tag":[],"class_list":{"0":"post-19398","1":"product","2":"type-product","3":"status-publish","4":"has-post-thumbnail","6":"product_cat-entre-le-xviiieme-et-le-xixeme-siecle","7":"product_cat-collections","8":"product_cat-illustres-modernes-editions-originales-signees-numerotees","9":"product_cat-poesie-theatre-prose","10":"sales-flash-overlay","11":"woocommerce-text-align-center","12":"woocommerce-image-align-center","13":"wc-has-gallery","15":"first","16":"instock","17":"taxable","18":"shipping-taxable","19":"purchasable","20":"product-type-simple"},"aioseo_notices":[],"_links":{"self":[{"href":"https:\/\/www.livresentre2actions.fr\/en\/wp-json\/wp\/v2\/product\/19398","targetHints":{"allow":["GET"]}}],"collection":[{"href":"https:\/\/www.livresentre2actions.fr\/en\/wp-json\/wp\/v2\/product"}],"about":[{"href":"https:\/\/www.livresentre2actions.fr\/en\/wp-json\/wp\/v2\/types\/product"}],"wp:featuredmedia":[{"embeddable":true,"href":"https:\/\/www.livresentre2actions.fr\/en\/wp-json\/wp\/v2\/media\/19399"}],"wp:attachment":[{"href":"https:\/\/www.livresentre2actions.fr\/en\/wp-json\/wp\/v2\/media?parent=19398"}],"wp:term":[{"taxonomy":"product_brand","embeddable":true,"href":"https:\/\/www.livresentre2actions.fr\/en\/wp-json\/wp\/v2\/product_brand?post=19398"},{"taxonomy":"product_cat","embeddable":true,"href":"https:\/\/www.livresentre2actions.fr\/en\/wp-json\/wp\/v2\/product_cat?post=19398"},{"taxonomy":"product_tag","embeddable":true,"href":"https:\/\/www.livresentre2actions.fr\/en\/wp-json\/wp\/v2\/product_tag?post=19398"}],"curies":[{"name":"wp","href":"https:\/\/api.w.org\/{rel}","templated":true}]}}