{"id":19387,"date":"2026-03-18T15:45:33","date_gmt":"2026-03-18T14:45:33","guid":{"rendered":"https:\/\/www.livresentre2actions.fr\/?post_type=product&#038;p=19387"},"modified":"2026-03-18T15:45:36","modified_gmt":"2026-03-18T14:45:36","slug":"prieres-des-jours-de-ros-haschana-et-du-jour-de-kippour","status":"publish","type":"product","link":"https:\/\/www.livresentre2actions.fr\/en\/product\/prieres-des-jours-de-ros-haschana-et-du-jour-de-kippour\/","title":{"rendered":"Pri\u00e8res des Jours de Ros-Haschana et du Jour de Kippour"},"content":{"rendered":"<p>Pri\u00e8res des Jours de Ros-Haschana et du Jour de Kippour, \u00e0 l&rsquo;usage des Juifs Portugais ou Espagnols. Traduites de l&rsquo;h\u00e9breu, auxquelles on a ajout\u00e9 des notes \u00e9l\u00e9mentaires, pour en faciliter l&rsquo;intelligence. Nouvelle \u00e9dition. Tome Second<\/p>\n<p>Mardoch\u00e9e Venture &#8211; Chez L\u00e9vy<br \/>\nPlein veau marbr\u00e9, dos long, orn\u00e9 du titre et joliment fleuronn\u00e9, super-libris en plat sup\u00e9rieur \u00ab\u00a0M. Simon\u00a0\u00bb, 187 x 85, 326p. 1807. \u00c9dition en fran\u00e7ais de l&rsquo;ensemble du texte, certains titres en caract\u00e8res h\u00e9bra\u00efques. Marge haute un peu courte\u00a0; de m\u00eame lat\u00e9ralement avec petite perte au titre. Int\u00e9rieur plut\u00f4t propre, tranches un peu grises. Quelques cahiers sortent un peu. Un manque en coiffe sinon reliure en bon \u00e9tat. . \u00a0est un rabbin fran\u00e7ais, interpr\u00e8te d&rsquo;h\u00e9breu de la biblioth\u00e8que du Roi.<\/p>","protected":false},"excerpt":{"rendered":"<p>Pri\u00e8res des Jours de Ros-Haschana et du Jour de Kippour, \u00e0 l&rsquo;usage des Juifs Portugais ou Espagnols. Traduites de l&rsquo;h\u00e9breu, auxquelles on a ajout\u00e9 des notes \u00e9l\u00e9mentaires, pour en faciliter l&rsquo;intelligence. Nouvelle \u00e9dition. Tome Second Mardoch\u00e9e Venture &#8211; Chez L\u00e9vy Plein veau marbr\u00e9, dos long, orn\u00e9 du titre et joliment fleuronn\u00e9, super-libris en plat sup\u00e9rieur &#8230; <a title=\"Pri\u00e8res des Jours de Ros-Haschana et du Jour de Kippour\" class=\"read-more\" href=\"https:\/\/www.livresentre2actions.fr\/en\/product\/prieres-des-jours-de-ros-haschana-et-du-jour-de-kippour\/\" aria-label=\"Read more about Pri\u00e8res des Jours de Ros-Haschana et du Jour de Kippour\">Read more<\/a><\/p>","protected":false},"featured_media":19388,"template":"","meta":{"_eb_attr":""},"product_brand":[],"product_cat":[36,68],"product_tag":[],"class_list":{"0":"post-19387","1":"product","2":"type-product","3":"status-publish","4":"has-post-thumbnail","6":"product_cat-entre-le-xviiieme-et-le-xixeme-siecle","7":"product_cat-religion-spiritualite","8":"sales-flash-overlay","9":"woocommerce-text-align-center","10":"woocommerce-image-align-center","11":"wc-has-gallery","13":"first","14":"instock","15":"taxable","16":"shipping-taxable","17":"purchasable","18":"product-type-simple"},"aioseo_notices":[],"_links":{"self":[{"href":"https:\/\/www.livresentre2actions.fr\/en\/wp-json\/wp\/v2\/product\/19387","targetHints":{"allow":["GET"]}}],"collection":[{"href":"https:\/\/www.livresentre2actions.fr\/en\/wp-json\/wp\/v2\/product"}],"about":[{"href":"https:\/\/www.livresentre2actions.fr\/en\/wp-json\/wp\/v2\/types\/product"}],"wp:featuredmedia":[{"embeddable":true,"href":"https:\/\/www.livresentre2actions.fr\/en\/wp-json\/wp\/v2\/media\/19388"}],"wp:attachment":[{"href":"https:\/\/www.livresentre2actions.fr\/en\/wp-json\/wp\/v2\/media?parent=19387"}],"wp:term":[{"taxonomy":"product_brand","embeddable":true,"href":"https:\/\/www.livresentre2actions.fr\/en\/wp-json\/wp\/v2\/product_brand?post=19387"},{"taxonomy":"product_cat","embeddable":true,"href":"https:\/\/www.livresentre2actions.fr\/en\/wp-json\/wp\/v2\/product_cat?post=19387"},{"taxonomy":"product_tag","embeddable":true,"href":"https:\/\/www.livresentre2actions.fr\/en\/wp-json\/wp\/v2\/product_tag?post=19387"}],"curies":[{"name":"wp","href":"https:\/\/api.w.org\/{rel}","templated":true}]}}