{"id":19374,"date":"2026-03-18T15:24:33","date_gmt":"2026-03-18T14:24:33","guid":{"rendered":"https:\/\/www.livresentre2actions.fr\/?post_type=product&#038;p=19374"},"modified":"2026-03-18T15:24:36","modified_gmt":"2026-03-18T14:24:36","slug":"lesprit-dhenri-iv-louis-laurent-prault","status":"publish","type":"product","link":"https:\/\/www.livresentre2actions.fr\/en\/product\/lesprit-dhenri-iv-louis-laurent-prault\/","title":{"rendered":"L\u2019esprit d\u2019Henri IV, Louis-Laurent Prault"},"content":{"rendered":"<p>L\u2019esprit d\u2019Henri IV ou anecdotes les plus int\u00e9ressantes, traits sublimes, reparties ing\u00e9nieuses, &amp; quelques lettres de ce prince\u200e<\/p>\n<p>Prault, fils ain\u00e9 &#8211; Plein veau marbr\u00e9, dos long richement d\u00e9cor\u00e9 et orn\u00e9 d\u2019une pi\u00e8ce de titre lie de vin, tranches rouges, plats \u00e0 encadrement triple filet, 172 x 112, 407p. 1775, Nouvelle \u00e9dition parue la m\u00eame ann\u00e9e que l\u2019originale. Frontispice dessin\u00e9 par Cochin, grav\u00e9 par Cathelin. Int\u00e9rieur tr\u00e8s frais. Except\u00e9 les coins l\u00e9g\u00e8rement \u00e9mouss\u00e9s, reliure en bel \u00e9tat avec \u00e9pidermures, mais bonne.<\/p>","protected":false},"excerpt":{"rendered":"<p>L\u2019esprit d\u2019Henri IV ou anecdotes les plus int\u00e9ressantes, traits sublimes, reparties ing\u00e9nieuses, &amp; quelques lettres de ce prince\u200e Prault, fils ain\u00e9 &#8211; Plein veau marbr\u00e9, dos long richement d\u00e9cor\u00e9 et orn\u00e9 d\u2019une pi\u00e8ce de titre lie de vin, tranches rouges, plats \u00e0 encadrement triple filet, 172 x 112, 407p. 1775, Nouvelle \u00e9dition parue la m\u00eame &#8230; <a title=\"L\u2019esprit d\u2019Henri IV, Louis-Laurent Prault\" class=\"read-more\" href=\"https:\/\/www.livresentre2actions.fr\/en\/product\/lesprit-dhenri-iv-louis-laurent-prault\/\" aria-label=\"Read more about L\u2019esprit d\u2019Henri IV, Louis-Laurent Prault\">Read more<\/a><\/p>","protected":false},"featured_media":19375,"template":"","meta":{"_eb_attr":""},"product_brand":[],"product_cat":[36,71,73],"product_tag":[],"class_list":{"0":"post-19374","1":"product","2":"type-product","3":"status-publish","4":"has-post-thumbnail","6":"product_cat-entre-le-xviiieme-et-le-xixeme-siecle","7":"product_cat-illustres-modernes-editions-originales-signees-numerotees","8":"product_cat-histoires-et-recits-de-voyage","9":"sales-flash-overlay","10":"woocommerce-text-align-center","11":"woocommerce-image-align-center","12":"wc-has-gallery","14":"first","15":"instock","16":"taxable","17":"shipping-taxable","18":"purchasable","19":"product-type-simple"},"aioseo_notices":[],"_links":{"self":[{"href":"https:\/\/www.livresentre2actions.fr\/en\/wp-json\/wp\/v2\/product\/19374","targetHints":{"allow":["GET"]}}],"collection":[{"href":"https:\/\/www.livresentre2actions.fr\/en\/wp-json\/wp\/v2\/product"}],"about":[{"href":"https:\/\/www.livresentre2actions.fr\/en\/wp-json\/wp\/v2\/types\/product"}],"wp:featuredmedia":[{"embeddable":true,"href":"https:\/\/www.livresentre2actions.fr\/en\/wp-json\/wp\/v2\/media\/19375"}],"wp:attachment":[{"href":"https:\/\/www.livresentre2actions.fr\/en\/wp-json\/wp\/v2\/media?parent=19374"}],"wp:term":[{"taxonomy":"product_brand","embeddable":true,"href":"https:\/\/www.livresentre2actions.fr\/en\/wp-json\/wp\/v2\/product_brand?post=19374"},{"taxonomy":"product_cat","embeddable":true,"href":"https:\/\/www.livresentre2actions.fr\/en\/wp-json\/wp\/v2\/product_cat?post=19374"},{"taxonomy":"product_tag","embeddable":true,"href":"https:\/\/www.livresentre2actions.fr\/en\/wp-json\/wp\/v2\/product_tag?post=19374"}],"curies":[{"name":"wp","href":"https:\/\/api.w.org\/{rel}","templated":true}]}}