{"id":19333,"date":"2026-03-13T17:37:33","date_gmt":"2026-03-13T16:37:33","guid":{"rendered":"https:\/\/www.livresentre2actions.fr\/?post_type=product&#038;p=19333"},"modified":"2026-03-18T15:25:40","modified_gmt":"2026-03-18T14:25:40","slug":"vie-de-sainte-catherine-dalexandrie-jean-mielot","status":"publish","type":"product","link":"https:\/\/www.livresentre2actions.fr\/en\/product\/vie-de-sainte-catherine-dalexandrie-jean-mielot\/","title":{"rendered":"Vie de Sainte-Catherine d\u2019Alexandrie, Jean Mielot"},"content":{"rendered":"<p>Georges Hurtrel, \u00c9diteur &#8211; Cartonnage \u00e9diteur enti\u00e8rement d\u00e9cor\u00e9 or noir et rouge en plats et dos, toutes tranches dor\u00e9es, signet bleu, plat sup\u00e9rieur et dos titr\u00e9, reliure sign\u00e9e Nouveau et Levesque relieurs, 292 x 210, 340p. Hors tble. 1881. \u00c9dition originale. Texte revu et rapproch\u00e9 du fran\u00e7ais moderne par Marius Sepet. Frontispice couleur sous serpente. Et 25 illustrations \u00e0 pleine pages hors texte sous serpente dont 10 couleur. Lettrines, vignettes, illustrations \u00e0 pleine page dans le texte et texte encadr\u00e9 dans un d\u00e9cor histori\u00e9. Sur papier fort.<\/p>\n<p>Int\u00e9rieur propre, rousseurs en d\u00e9but de volume (gardes et serpente), et fin de volume (garde de fin). Des frottements et \u00e9pidermures \u00e0 la reliure notamment en mors. Mais tr\u00e8s bel exemplaire.<\/p>","protected":false},"excerpt":{"rendered":"<p>Georges Hurtrel, \u00c9diteur &#8211; Cartonnage \u00e9diteur enti\u00e8rement d\u00e9cor\u00e9 or noir et rouge en plats et dos, toutes tranches dor\u00e9es, signet bleu, plat sup\u00e9rieur et dos titr\u00e9, reliure sign\u00e9e Nouveau et Levesque relieurs, 292 x 210, 340p. Hors tble. 1881. \u00c9dition originale. Texte revu et rapproch\u00e9 du fran\u00e7ais moderne par Marius Sepet. Frontispice couleur sous serpente. &#8230; <a title=\"Vie de Sainte-Catherine d\u2019Alexandrie, Jean Mielot\" class=\"read-more\" href=\"https:\/\/www.livresentre2actions.fr\/en\/product\/vie-de-sainte-catherine-dalexandrie-jean-mielot\/\" aria-label=\"Read more about Vie de Sainte-Catherine d\u2019Alexandrie, Jean Mielot\">Read more<\/a><\/p>","protected":false},"featured_media":19334,"template":"","meta":{"_eb_attr":""},"product_brand":[],"product_cat":[36,71,73,68],"product_tag":[86,95],"class_list":{"0":"post-19333","1":"product","2":"type-product","3":"status-publish","4":"has-post-thumbnail","6":"product_cat-entre-le-xviiieme-et-le-xixeme-siecle","7":"product_cat-illustres-modernes-editions-originales-signees-numerotees","8":"product_cat-histoires-et-recits-de-voyage","9":"product_cat-religion-spiritualite","10":"product_tag-illustre","11":"product_tag-reliure","12":"sales-flash-overlay","13":"woocommerce-text-align-center","14":"woocommerce-image-align-center","15":"wc-has-gallery","17":"first","18":"instock","19":"taxable","20":"shipping-taxable","21":"purchasable","22":"product-type-simple"},"aioseo_notices":[],"_links":{"self":[{"href":"https:\/\/www.livresentre2actions.fr\/en\/wp-json\/wp\/v2\/product\/19333","targetHints":{"allow":["GET"]}}],"collection":[{"href":"https:\/\/www.livresentre2actions.fr\/en\/wp-json\/wp\/v2\/product"}],"about":[{"href":"https:\/\/www.livresentre2actions.fr\/en\/wp-json\/wp\/v2\/types\/product"}],"wp:featuredmedia":[{"embeddable":true,"href":"https:\/\/www.livresentre2actions.fr\/en\/wp-json\/wp\/v2\/media\/19334"}],"wp:attachment":[{"href":"https:\/\/www.livresentre2actions.fr\/en\/wp-json\/wp\/v2\/media?parent=19333"}],"wp:term":[{"taxonomy":"product_brand","embeddable":true,"href":"https:\/\/www.livresentre2actions.fr\/en\/wp-json\/wp\/v2\/product_brand?post=19333"},{"taxonomy":"product_cat","embeddable":true,"href":"https:\/\/www.livresentre2actions.fr\/en\/wp-json\/wp\/v2\/product_cat?post=19333"},{"taxonomy":"product_tag","embeddable":true,"href":"https:\/\/www.livresentre2actions.fr\/en\/wp-json\/wp\/v2\/product_tag?post=19333"}],"curies":[{"name":"wp","href":"https:\/\/api.w.org\/{rel}","templated":true}]}}