{"id":19313,"date":"2026-03-13T17:15:29","date_gmt":"2026-03-13T16:15:29","guid":{"rendered":"https:\/\/www.livresentre2actions.fr\/?post_type=product&#038;p=19313"},"modified":"2026-03-13T17:15:32","modified_gmt":"2026-03-13T16:15:32","slug":"jean-baptiste-andre-godin","status":"publish","type":"product","link":"https:\/\/www.livresentre2actions.fr\/en\/product\/jean-baptiste-andre-godin\/","title":{"rendered":"Jean-Baptiste Andr\u00e9 Godin"},"content":{"rendered":"<p>Broch\u00e9 couverture rempli\u00e9e 210 x 190, 311 p. Editions A.A.M. 1980. En langues fran\u00e7aise et anglaise. Deuxi\u00e8me \u00e9dition revue et augment\u00e9e. Illustrations N&amp;B, photos, reproductions de publicit\u00e9s d&rsquo;\u00e9poque en couleurs. Exemplaire, propre et int\u00e8gre, recouvert avec soin, sans adh\u00e9sif.<\/p>","protected":false},"excerpt":{"rendered":"<p>Broch\u00e9 couverture rempli\u00e9e 210 x 190, 311 p. Editions A.A.M. 1980. En langues fran\u00e7aise et anglaise. Deuxi\u00e8me \u00e9dition revue et augment\u00e9e. Illustrations N&amp;B, photos, reproductions de publicit\u00e9s d&rsquo;\u00e9poque en couleurs. Exemplaire, propre et int\u00e8gre, recouvert avec soin, sans adh\u00e9sif.<\/p>","protected":false},"featured_media":19314,"template":"","meta":{"_eb_attr":""},"product_brand":[],"product_cat":[37,75,71,81,73],"product_tag":[],"class_list":{"0":"post-19313","1":"product","2":"type-product","3":"status-publish","4":"has-post-thumbnail","6":"product_cat-a-partir-du-xxeme-siecle","7":"product_cat-art","8":"product_cat-illustres-modernes-editions-originales-signees-numerotees","9":"product_cat-hauts-de-france","10":"product_cat-histoires-et-recits-de-voyage","11":"sales-flash-overlay","12":"woocommerce-text-align-center","13":"woocommerce-image-align-center","14":"wc-has-gallery","16":"first","17":"instock","18":"taxable","19":"shipping-taxable","20":"purchasable","21":"product-type-simple"},"aioseo_notices":[],"_links":{"self":[{"href":"https:\/\/www.livresentre2actions.fr\/en\/wp-json\/wp\/v2\/product\/19313","targetHints":{"allow":["GET"]}}],"collection":[{"href":"https:\/\/www.livresentre2actions.fr\/en\/wp-json\/wp\/v2\/product"}],"about":[{"href":"https:\/\/www.livresentre2actions.fr\/en\/wp-json\/wp\/v2\/types\/product"}],"wp:featuredmedia":[{"embeddable":true,"href":"https:\/\/www.livresentre2actions.fr\/en\/wp-json\/wp\/v2\/media\/19314"}],"wp:attachment":[{"href":"https:\/\/www.livresentre2actions.fr\/en\/wp-json\/wp\/v2\/media?parent=19313"}],"wp:term":[{"taxonomy":"product_brand","embeddable":true,"href":"https:\/\/www.livresentre2actions.fr\/en\/wp-json\/wp\/v2\/product_brand?post=19313"},{"taxonomy":"product_cat","embeddable":true,"href":"https:\/\/www.livresentre2actions.fr\/en\/wp-json\/wp\/v2\/product_cat?post=19313"},{"taxonomy":"product_tag","embeddable":true,"href":"https:\/\/www.livresentre2actions.fr\/en\/wp-json\/wp\/v2\/product_tag?post=19313"}],"curies":[{"name":"wp","href":"https:\/\/api.w.org\/{rel}","templated":true}]}}