{"id":19274,"date":"2026-03-13T17:04:12","date_gmt":"2026-03-13T16:04:12","guid":{"rendered":"https:\/\/www.livresentre2actions.fr\/?post_type=product&#038;p=19274"},"modified":"2026-03-13T17:04:15","modified_gmt":"2026-03-13T16:04:15","slug":"traite-des-differentes-especes-de-biens-avec-un-traite-des-actions","status":"publish","type":"product","link":"https:\/\/www.livresentre2actions.fr\/en\/product\/traite-des-differentes-especes-de-biens-avec-un-traite-des-actions\/","title":{"rendered":"Trait\u00e9 des diff\u00e9rentes esp\u00e8ces de biens, avec un Trait\u00e9 des actions"},"content":{"rendered":"<p>Trait\u00e9 des diff\u00e9rentes esp\u00e8ces de biens, avec un Trait\u00e9 des actions suivant les Principes du Droit fran\u00e7ais et du Droit coutumier de la Province de Normandie, pour le for de la conscience et pour servir de suite au Trait\u00e9 de l&rsquo;\u00e9tat des personnes. 3 tomes, complet<\/p>\n<p>M. Le Cocq &#8211; Chez P. Chalopin<\/p>\n<p>Plein veau marbr\u00e9, dos \u00e0 cinq nerfs fleuronn\u00e9 aux caissons et orn\u00e9 d\u2019une tomaison (pi\u00e8ce de titre manquante), tranches rouges, 168 x 101, 1777. Rare \u00e9dition originale, compl\u00e8te en trois volumes. T1, Avertissement et Table, 14p. Puis le texte, 412p. Int\u00e9rieur globalement propre, trous de vers en marge, avec atteinte du texte sur 33p. sans alt\u00e9rer la lecture. Bloc livre fragilis\u00e9 en pied, avec quelques cahier d\u00e9salign\u00e9s, mais exemplaire encore ferme. T2, Table 4p. Puis le texte, 468p. Int\u00e9rieur propre, charni\u00e8re ouverte dans le bloc livre, mais exemplaire bien ferme. T3, Table 4p. Puis le texte, 304p.Avec la table des mati\u00e8res g\u00e9n\u00e9rale. Suivi du Trait\u00e9 des actions. 1777, 240p. Avec table.<\/p>\n<p>Int\u00e9rieur propre, charni\u00e8re ouverte dans le bloc livre, mais exemplaire bien ferme. Reliures avec fortes \u00e9pidermures sur les plats, avec un manque en t\u00eate de plat inf\u00e9rieur du T1\u00a0; les dos sont frott\u00e9s, \u00e9pidermures mais globalement bons, avec un trou de ver en pied de T1, et dos fendu au T3 entre tomaison et dernier caissons, avec manque au premier nerf et \u00e0 la tomaison.<\/p>","protected":false},"excerpt":{"rendered":"<p>Trait\u00e9 des diff\u00e9rentes esp\u00e8ces de biens, avec un Trait\u00e9 des actions suivant les Principes du Droit fran\u00e7ais et du Droit coutumier de la Province de Normandie, pour le for de la conscience et pour servir de suite au Trait\u00e9 de l&rsquo;\u00e9tat des personnes. 3 tomes, complet M. Le Cocq &#8211; Chez P. Chalopin Plein veau &#8230; <a title=\"Trait\u00e9 des diff\u00e9rentes esp\u00e8ces de biens, avec un Trait\u00e9 des actions\" class=\"read-more\" href=\"https:\/\/www.livresentre2actions.fr\/en\/product\/traite-des-differentes-especes-de-biens-avec-un-traite-des-actions\/\" aria-label=\"Read more about Trait\u00e9 des diff\u00e9rentes esp\u00e8ces de biens, avec un Trait\u00e9 des actions\">Read more<\/a><\/p>","protected":false},"featured_media":19275,"template":"","meta":{"_eb_attr":""},"product_brand":[],"product_cat":[36,77,71],"product_tag":[],"class_list":{"0":"post-19274","1":"product","2":"type-product","3":"status-publish","4":"has-post-thumbnail","6":"product_cat-entre-le-xviiieme-et-le-xixeme-siecle","7":"product_cat-droit","8":"product_cat-illustres-modernes-editions-originales-signees-numerotees","9":"sales-flash-overlay","10":"woocommerce-text-align-center","11":"woocommerce-image-align-center","12":"wc-has-gallery","14":"first","15":"instock","16":"taxable","17":"shipping-taxable","18":"purchasable","19":"product-type-simple"},"aioseo_notices":[],"_links":{"self":[{"href":"https:\/\/www.livresentre2actions.fr\/en\/wp-json\/wp\/v2\/product\/19274","targetHints":{"allow":["GET"]}}],"collection":[{"href":"https:\/\/www.livresentre2actions.fr\/en\/wp-json\/wp\/v2\/product"}],"about":[{"href":"https:\/\/www.livresentre2actions.fr\/en\/wp-json\/wp\/v2\/types\/product"}],"wp:featuredmedia":[{"embeddable":true,"href":"https:\/\/www.livresentre2actions.fr\/en\/wp-json\/wp\/v2\/media\/19275"}],"wp:attachment":[{"href":"https:\/\/www.livresentre2actions.fr\/en\/wp-json\/wp\/v2\/media?parent=19274"}],"wp:term":[{"taxonomy":"product_brand","embeddable":true,"href":"https:\/\/www.livresentre2actions.fr\/en\/wp-json\/wp\/v2\/product_brand?post=19274"},{"taxonomy":"product_cat","embeddable":true,"href":"https:\/\/www.livresentre2actions.fr\/en\/wp-json\/wp\/v2\/product_cat?post=19274"},{"taxonomy":"product_tag","embeddable":true,"href":"https:\/\/www.livresentre2actions.fr\/en\/wp-json\/wp\/v2\/product_tag?post=19274"}],"curies":[{"name":"wp","href":"https:\/\/api.w.org\/{rel}","templated":true}]}}