{"id":19218,"date":"2026-03-12T16:18:10","date_gmt":"2026-03-12T15:18:10","guid":{"rendered":"https:\/\/www.livresentre2actions.fr\/?post_type=product&#038;p=19218"},"modified":"2026-03-12T16:18:44","modified_gmt":"2026-03-12T15:18:44","slug":"macbeth-intero-spartito-ridotto-per-canto-e-piano-forte-verdi","status":"publish","type":"product","link":"https:\/\/www.livresentre2actions.fr\/en\/product\/macbeth-intero-spartito-ridotto-per-canto-e-piano-forte-verdi\/","title":{"rendered":"Macbeth. Intero spartito ridotto per canto e  piano forte &#8211; Verdi"},"content":{"rendered":"<p>Cartonnage d\u2019attente \u00e0 dos toil\u00e9 muet, vignette titre coll\u00e9e au premier plat, format italien, 263 x 356, 257p. Sans page de titre, sans date. [les num\u00e9ros de planches de K16621K \u00e0 P19643Q permettent de conclure qu\u2019il s\u2019agit d\u2019une \u00e9dition Ricordi de deuxi\u00e8me moiti\u00e9 du XIX\u00e8me, sans doute une \u00e9dition de la version r\u00e9vis\u00e9e de 65 vers 1870, des prix fran\u00e7ais en t\u00eate de planche renforce cette hypoth\u00e8se ; il peut s\u2019agir \u00e9galement de la version finale de 1874.] La premi\u00e8re \u00e9dition datant de 1847, pour une cr\u00e9ation en mars 1847 \u00e0 Florence.<\/p>\n<p>L\u2019\u00e9diteur a ensuite publi\u00e9 une \u00e9dition r\u00e9vis\u00e9e par Verdi pour une repr\u00e9sentation parisienne. D\u2019autres \u00e9ditions sont publi\u00e9es par Ricordi au XX\u00e8 mais \u00e0 petit nombre.<\/p>\n<p>Notre exemplaire est priv\u00e9 de gardes, pages de titres, page de distribution, mais en pied de verso de notre premi\u00e8re page figure la mention \u00ab Verdi, Macbeth. Propriet\u00e0 di G. Ricordi in Milano \u00bb. Et commence par la planche K19621K \u00e0 double num\u00e9rotation 3 en t\u00eate et 7 en pied. Suivie de la page N\u00b02 Atto I Introduzuione \u00ab che fasceste ? Dite su !;; \u00bb, pagin\u00e9e 2 en t\u00eate et 8 en pied, avec un num\u00e9ro de planche U :19622U :.<\/p>\n<p>125 feuillets recto verso de planches musicales avec chants italiens, soit 250 pages. Soit 7 pages manquantes qui peuvent correspondre aux gardes, faux-titre, titre, adresse, etc et cet exemplaire d\u00e9marre donc par les quatre doubles prot\u00e9es du pr\u00e9lude et suit le ch\u0153ur des sorci\u00e8res en Atto i Introduzione.<\/p>\n<p>L\u2019op\u00e9ra semble donc ici complet de ses partitions musicales. Une page est d\u00e9tach\u00e9e, et 20 feuillets quasiment d\u00e9tach\u00e9s ; quelques rousseurs, tr\u00e8s rares traces de mouillures l\u00e9g\u00e8res en marge ; int\u00e9rieur plut\u00f4t frais. Dos toil\u00e9 int\u00e8gre, cartonnage dans son \u00e9tat d\u2019usure marqu\u00e9.<\/p>","protected":false},"excerpt":{"rendered":"<p>Cartonnage d\u2019attente \u00e0 dos toil\u00e9 muet, vignette titre coll\u00e9e au premier plat, format italien, 263 x 356, 257p. Sans page de titre, sans date. [les num\u00e9ros de planches de K16621K \u00e0 P19643Q permettent de conclure qu\u2019il s\u2019agit d\u2019une \u00e9dition Ricordi de deuxi\u00e8me moiti\u00e9 du XIX\u00e8me, sans doute une \u00e9dition de la version r\u00e9vis\u00e9e de 65 &#8230; <a title=\"Macbeth. Intero spartito ridotto per canto e  piano forte &#8211; Verdi\" class=\"read-more\" href=\"https:\/\/www.livresentre2actions.fr\/en\/product\/macbeth-intero-spartito-ridotto-per-canto-e-piano-forte-verdi\/\" aria-label=\"Read more about Macbeth. Intero spartito ridotto per canto e  piano forte &#8211; Verdi\">Read more<\/a><\/p>","protected":false},"featured_media":19219,"template":"","meta":{"_eb_attr":""},"product_brand":[],"product_cat":[36,75,76],"product_tag":[],"class_list":{"0":"post-19218","1":"product","2":"type-product","3":"status-publish","4":"has-post-thumbnail","6":"product_cat-entre-le-xviiieme-et-le-xixeme-siecle","7":"product_cat-art","8":"product_cat-poesie-theatre-prose","9":"sales-flash-overlay","10":"woocommerce-text-align-center","11":"woocommerce-image-align-center","12":"wc-has-gallery","14":"first","15":"instock","16":"taxable","17":"shipping-taxable","18":"purchasable","19":"product-type-simple"},"aioseo_notices":[],"_links":{"self":[{"href":"https:\/\/www.livresentre2actions.fr\/en\/wp-json\/wp\/v2\/product\/19218","targetHints":{"allow":["GET"]}}],"collection":[{"href":"https:\/\/www.livresentre2actions.fr\/en\/wp-json\/wp\/v2\/product"}],"about":[{"href":"https:\/\/www.livresentre2actions.fr\/en\/wp-json\/wp\/v2\/types\/product"}],"wp:featuredmedia":[{"embeddable":true,"href":"https:\/\/www.livresentre2actions.fr\/en\/wp-json\/wp\/v2\/media\/19219"}],"wp:attachment":[{"href":"https:\/\/www.livresentre2actions.fr\/en\/wp-json\/wp\/v2\/media?parent=19218"}],"wp:term":[{"taxonomy":"product_brand","embeddable":true,"href":"https:\/\/www.livresentre2actions.fr\/en\/wp-json\/wp\/v2\/product_brand?post=19218"},{"taxonomy":"product_cat","embeddable":true,"href":"https:\/\/www.livresentre2actions.fr\/en\/wp-json\/wp\/v2\/product_cat?post=19218"},{"taxonomy":"product_tag","embeddable":true,"href":"https:\/\/www.livresentre2actions.fr\/en\/wp-json\/wp\/v2\/product_tag?post=19218"}],"curies":[{"name":"wp","href":"https:\/\/api.w.org\/{rel}","templated":true}]}}