{"id":19161,"date":"2026-03-09T16:51:08","date_gmt":"2026-03-09T15:51:08","guid":{"rendered":"https:\/\/www.livresentre2actions.fr\/?post_type=product&#038;p=19161"},"modified":"2026-03-09T16:51:12","modified_gmt":"2026-03-09T15:51:12","slug":"jacques-le-fataliste-et-son-maitre-2-tomes","status":"publish","type":"product","link":"https:\/\/www.livresentre2actions.fr\/en\/product\/jacques-le-fataliste-et-son-maitre-2-tomes\/","title":{"rendered":"Jacques le fataliste et son ma\u00eetre, 2 tomes"},"content":{"rendered":"<p>Diderot &#8211; \u00c0 l\u2019enseigne du Pot Cass\u00e9<\/p>\n<p>Coll. Scripta manent\u00a0\u00bb. Broch\u00e9, 206 x 138, 1929. Num\u00e9rot\u00e9 CV (donc un des 75 exemplaires sur papier de Hollande Van Gelder). Illustr\u00e9 par Gio Colucci. T1, 189p. T2, 225p. Pour les deux vol.\u00a0: int\u00e9rieur propre et int\u00e8gre, des rousseurs en marge et sur les tranches. Couvertures et dos l\u00e9g\u00e8rement insol\u00e9s, mais tr\u00e8s bons, propres et int\u00e8gres. Beaux exemplaires, bien fermes, recouverts proprement sans adh\u00e9sif.<\/p>","protected":false},"excerpt":{"rendered":"<p>Diderot &#8211; \u00c0 l\u2019enseigne du Pot Cass\u00e9 Coll. Scripta manent\u00a0\u00bb. Broch\u00e9, 206 x 138, 1929. Num\u00e9rot\u00e9 CV (donc un des 75 exemplaires sur papier de Hollande Van Gelder). Illustr\u00e9 par Gio Colucci. T1, 189p. T2, 225p. Pour les deux vol.\u00a0: int\u00e9rieur propre et int\u00e8gre, des rousseurs en marge et sur les tranches. Couvertures et dos &#8230; <a title=\"Jacques le fataliste et son ma\u00eetre, 2 tomes\" class=\"read-more\" href=\"https:\/\/www.livresentre2actions.fr\/en\/product\/jacques-le-fataliste-et-son-maitre-2-tomes\/\" aria-label=\"Read more about Jacques le fataliste et son ma\u00eetre, 2 tomes\">Read more<\/a><\/p>","protected":false},"featured_media":19162,"template":"","meta":{"_eb_attr":""},"product_brand":[],"product_cat":[37,74,71,76],"product_tag":[],"class_list":{"0":"post-19161","1":"product","2":"type-product","3":"status-publish","4":"has-post-thumbnail","6":"product_cat-a-partir-du-xxeme-siecle","7":"product_cat-collections","8":"product_cat-illustres-modernes-editions-originales-signees-numerotees","9":"product_cat-poesie-theatre-prose","10":"sales-flash-overlay","11":"woocommerce-text-align-center","12":"woocommerce-image-align-center","13":"wc-has-gallery","15":"first","16":"instock","17":"taxable","18":"shipping-taxable","19":"purchasable","20":"product-type-simple"},"aioseo_notices":[],"_links":{"self":[{"href":"https:\/\/www.livresentre2actions.fr\/en\/wp-json\/wp\/v2\/product\/19161","targetHints":{"allow":["GET"]}}],"collection":[{"href":"https:\/\/www.livresentre2actions.fr\/en\/wp-json\/wp\/v2\/product"}],"about":[{"href":"https:\/\/www.livresentre2actions.fr\/en\/wp-json\/wp\/v2\/types\/product"}],"wp:featuredmedia":[{"embeddable":true,"href":"https:\/\/www.livresentre2actions.fr\/en\/wp-json\/wp\/v2\/media\/19162"}],"wp:attachment":[{"href":"https:\/\/www.livresentre2actions.fr\/en\/wp-json\/wp\/v2\/media?parent=19161"}],"wp:term":[{"taxonomy":"product_brand","embeddable":true,"href":"https:\/\/www.livresentre2actions.fr\/en\/wp-json\/wp\/v2\/product_brand?post=19161"},{"taxonomy":"product_cat","embeddable":true,"href":"https:\/\/www.livresentre2actions.fr\/en\/wp-json\/wp\/v2\/product_cat?post=19161"},{"taxonomy":"product_tag","embeddable":true,"href":"https:\/\/www.livresentre2actions.fr\/en\/wp-json\/wp\/v2\/product_tag?post=19161"}],"curies":[{"name":"wp","href":"https:\/\/api.w.org\/{rel}","templated":true}]}}