{"id":19152,"date":"2026-03-09T16:44:54","date_gmt":"2026-03-09T15:44:54","guid":{"rendered":"https:\/\/www.livresentre2actions.fr\/?post_type=product&#038;p=19152"},"modified":"2026-03-09T16:45:28","modified_gmt":"2026-03-09T15:45:28","slug":"le-congo-belge-collection-connaitre-pierre-daye","status":"publish","type":"product","link":"https:\/\/www.livresentre2actions.fr\/en\/product\/le-congo-belge-collection-connaitre-pierre-daye\/","title":{"rendered":"Le Congo belge. Collection Conna\u00eetre, Pierre Daye"},"content":{"rendered":"<p>Descl\u00e9e de Brouwer &#8211;<\/p>\n<p>Broch\u00e9, 254 x 165, 146p. Hors tble. 1898. Edition originale. Frontispice. Une carte d\u00e9pliante int\u00e8gre. Et 21 planches photographiques \u00e0 pleine page. Rousseurs. Couvertures frott\u00e9es mais propres, un tr\u00e8s petit manque en t\u00eate de dos, l\u00e9ger \u00e9crasement du dos. Bon exemplaire bien ferme.<\/p>","protected":false},"excerpt":{"rendered":"<p>Descl\u00e9e de Brouwer &#8211; Broch\u00e9, 254 x 165, 146p. Hors tble. 1898. Edition originale. Frontispice. Une carte d\u00e9pliante int\u00e8gre. Et 21 planches photographiques \u00e0 pleine page. Rousseurs. Couvertures frott\u00e9es mais propres, un tr\u00e8s petit manque en t\u00eate de dos, l\u00e9ger \u00e9crasement du dos. Bon exemplaire bien ferme.<\/p>","protected":false},"featured_media":19153,"template":"","meta":{"_eb_attr":""},"product_brand":[],"product_cat":[36,71,81,73],"product_tag":[86],"class_list":{"0":"post-19152","1":"product","2":"type-product","3":"status-publish","4":"has-post-thumbnail","6":"product_cat-entre-le-xviiieme-et-le-xixeme-siecle","7":"product_cat-illustres-modernes-editions-originales-signees-numerotees","8":"product_cat-hauts-de-france","9":"product_cat-histoires-et-recits-de-voyage","10":"product_tag-illustre","11":"sales-flash-overlay","12":"woocommerce-text-align-center","13":"woocommerce-image-align-center","14":"wc-has-gallery","16":"first","17":"instock","18":"taxable","19":"shipping-taxable","20":"purchasable","21":"product-type-simple"},"aioseo_notices":[],"_links":{"self":[{"href":"https:\/\/www.livresentre2actions.fr\/en\/wp-json\/wp\/v2\/product\/19152","targetHints":{"allow":["GET"]}}],"collection":[{"href":"https:\/\/www.livresentre2actions.fr\/en\/wp-json\/wp\/v2\/product"}],"about":[{"href":"https:\/\/www.livresentre2actions.fr\/en\/wp-json\/wp\/v2\/types\/product"}],"wp:featuredmedia":[{"embeddable":true,"href":"https:\/\/www.livresentre2actions.fr\/en\/wp-json\/wp\/v2\/media\/19153"}],"wp:attachment":[{"href":"https:\/\/www.livresentre2actions.fr\/en\/wp-json\/wp\/v2\/media?parent=19152"}],"wp:term":[{"taxonomy":"product_brand","embeddable":true,"href":"https:\/\/www.livresentre2actions.fr\/en\/wp-json\/wp\/v2\/product_brand?post=19152"},{"taxonomy":"product_cat","embeddable":true,"href":"https:\/\/www.livresentre2actions.fr\/en\/wp-json\/wp\/v2\/product_cat?post=19152"},{"taxonomy":"product_tag","embeddable":true,"href":"https:\/\/www.livresentre2actions.fr\/en\/wp-json\/wp\/v2\/product_tag?post=19152"}],"curies":[{"name":"wp","href":"https:\/\/api.w.org\/{rel}","templated":true}]}}