{"id":19137,"date":"2026-03-09T16:41:10","date_gmt":"2026-03-09T15:41:10","guid":{"rendered":"https:\/\/www.livresentre2actions.fr\/?post_type=product&#038;p=19137"},"modified":"2026-03-09T16:41:11","modified_gmt":"2026-03-09T15:41:11","slug":"jean-colin-damiens-1927-1959","status":"publish","type":"product","link":"https:\/\/www.livresentre2actions.fr\/en\/product\/jean-colin-damiens-1927-1959\/","title":{"rendered":"Jean Colin d\u2019Amiens 1927-1959"},"content":{"rendered":"<p>Joseph Czapski (intro.) &#8211; Librairie de Marignan<\/p>\n<p>Pleine toile beige chin\u00e9e, dos long orn\u00e9 du titre, plat d\u00e9cor\u00e9 par J. Czapski , 290 x 232, Frontispice couleur, 97p. Suivi de 29 planches noir et blanc et couleur, pleine pages\u00a0; et du Catalogue des tableaux, non pagin\u00e9, 13p. 1961. Edition originale num\u00e9rot\u00e9e 302\/500 sur v\u00e9lin d\u2019arches (total 540). \u200eExtraits du journal de l&rsquo;artiste portant sur la peinture et sur sa situation de peintre. Int\u00e9rieur avec rousseurs en contreplats, garde, derni\u00e8re page, tranches et plus marginales par ailleurs. Reliure propre en tr\u00e8s bon \u00e9tat. N\u00e9 en 1927, Jean Colin d\u2019Amiens\u00a0a expos\u00e9 \u00e0 Londres\u00a0; puis \u00e0 Amiens. La maladie de Charcot l\u2019emporte en 1959.<\/p>","protected":false},"excerpt":{"rendered":"<p>Joseph Czapski (intro.) &#8211; Librairie de Marignan Pleine toile beige chin\u00e9e, dos long orn\u00e9 du titre, plat d\u00e9cor\u00e9 par J. Czapski , 290 x 232, Frontispice couleur, 97p. Suivi de 29 planches noir et blanc et couleur, pleine pages\u00a0; et du Catalogue des tableaux, non pagin\u00e9, 13p. 1961. Edition originale num\u00e9rot\u00e9e 302\/500 sur v\u00e9lin d\u2019arches &#8230; <a title=\"Jean Colin d\u2019Amiens 1927-1959\" class=\"read-more\" href=\"https:\/\/www.livresentre2actions.fr\/en\/product\/jean-colin-damiens-1927-1959\/\" aria-label=\"Read more about Jean Colin d\u2019Amiens 1927-1959\">Read more<\/a><\/p>","protected":false},"featured_media":19138,"template":"","meta":{"_eb_attr":""},"product_brand":[],"product_cat":[37,75,71,81],"product_tag":[],"class_list":{"0":"post-19137","1":"product","2":"type-product","3":"status-publish","4":"has-post-thumbnail","6":"product_cat-a-partir-du-xxeme-siecle","7":"product_cat-art","8":"product_cat-illustres-modernes-editions-originales-signees-numerotees","9":"product_cat-hauts-de-france","10":"sales-flash-overlay","11":"woocommerce-text-align-center","12":"woocommerce-image-align-center","13":"wc-has-gallery","15":"first","16":"instock","17":"taxable","18":"shipping-taxable","19":"purchasable","20":"product-type-simple"},"aioseo_notices":[],"_links":{"self":[{"href":"https:\/\/www.livresentre2actions.fr\/en\/wp-json\/wp\/v2\/product\/19137","targetHints":{"allow":["GET"]}}],"collection":[{"href":"https:\/\/www.livresentre2actions.fr\/en\/wp-json\/wp\/v2\/product"}],"about":[{"href":"https:\/\/www.livresentre2actions.fr\/en\/wp-json\/wp\/v2\/types\/product"}],"wp:featuredmedia":[{"embeddable":true,"href":"https:\/\/www.livresentre2actions.fr\/en\/wp-json\/wp\/v2\/media\/19138"}],"wp:attachment":[{"href":"https:\/\/www.livresentre2actions.fr\/en\/wp-json\/wp\/v2\/media?parent=19137"}],"wp:term":[{"taxonomy":"product_brand","embeddable":true,"href":"https:\/\/www.livresentre2actions.fr\/en\/wp-json\/wp\/v2\/product_brand?post=19137"},{"taxonomy":"product_cat","embeddable":true,"href":"https:\/\/www.livresentre2actions.fr\/en\/wp-json\/wp\/v2\/product_cat?post=19137"},{"taxonomy":"product_tag","embeddable":true,"href":"https:\/\/www.livresentre2actions.fr\/en\/wp-json\/wp\/v2\/product_tag?post=19137"}],"curies":[{"name":"wp","href":"https:\/\/api.w.org\/{rel}","templated":true}]}}