{"id":19117,"date":"2026-03-09T16:36:52","date_gmt":"2026-03-09T15:36:52","guid":{"rendered":"https:\/\/www.livresentre2actions.fr\/?post_type=product&#038;p=19117"},"modified":"2026-03-09T16:37:21","modified_gmt":"2026-03-09T15:37:21","slug":"manipulations-de-physique-h-buignet","status":"publish","type":"product","link":"https:\/\/www.livresentre2actions.fr\/en\/product\/manipulations-de-physique-h-buignet\/","title":{"rendered":"Manipulations de physique &#8211; H. Buignet"},"content":{"rendered":"<p>Cours de travaux pratique profess\u00e9 \u00e0 l&rsquo;Ecole sup\u00e9rieure de Pharmacie de Paris<\/p>\n<p>H. Buignet &#8211; J.-B. Baili\u00e8re &amp; fils<\/p>\n<p>Pleine percaline \u00e9diteur verte, dos long orn\u00e9 des titre, auteur et \u00e9diteur, plats estamp\u00e9s d\u2019un d\u00e9cor \u00e0 encadrement, 256 x 175, 788p. Avec tble. 1877. Edition originale. In fine, 24p. de catalogue de l\u2019\u00e9diteur. Frontispice couleur sous serpente, et 265 figures dans le texte. Apr\u00e8s la pr\u00e9face pagin\u00e9e vi-xii. Int\u00e9rieur propre, avec un ex-dono en garde. Rousseurs continues mais variable, parfois tr\u00e8s marginales, parfois plus abondantes sur une doublepage. Rousseurs sur tranches. Plats et dos tr\u00e8s bons. Bon exemplaire.<\/p>\n<p>Nous joignons\u00a0: \u00ab\u00a0Trait\u00e9 \u00e9l\u00e9mentaire de physique exp\u00e9rimentale et appliqu\u00e9e et de m\u00e9t\u00e9orologie ; suivi d&rsquo;un recueil de 103 probl\u00e8mes avec solutions : ill. de 630 belles gravures\u2026.\u00a0\u00bb, par A. Ganot. 10 \u00e8me ed. 1862, en demi-chagrin chocolat en tr\u00e8s bel \u00e9tat\u00a0; et\u00a0: \u00ab\u00a0Le probl\u00e8me de physique \u00e9l\u00e9mentaire (principes, exemples et solutions)\u00a0\u00bb, par A. Maillard, t2, 1926, d\u00e9fra\u00eechi.<\/p>","protected":false},"excerpt":{"rendered":"<p>Cours de travaux pratique profess\u00e9 \u00e0 l&rsquo;Ecole sup\u00e9rieure de Pharmacie de Paris H. Buignet &#8211; J.-B. Baili\u00e8re &amp; fils Pleine percaline \u00e9diteur verte, dos long orn\u00e9 des titre, auteur et \u00e9diteur, plats estamp\u00e9s d\u2019un d\u00e9cor \u00e0 encadrement, 256 x 175, 788p. Avec tble. 1877. Edition originale. In fine, 24p. de catalogue de l\u2019\u00e9diteur. Frontispice couleur &#8230; <a title=\"Manipulations de physique &#8211; H. Buignet\" class=\"read-more\" href=\"https:\/\/www.livresentre2actions.fr\/en\/product\/manipulations-de-physique-h-buignet\/\" aria-label=\"Read more about Manipulations de physique &#8211; H. Buignet\">Read more<\/a><\/p>","protected":false},"featured_media":19118,"template":"","meta":{"_eb_attr":""},"product_brand":[],"product_cat":[36,71,69],"product_tag":[86],"class_list":{"0":"post-19117","1":"product","2":"type-product","3":"status-publish","4":"has-post-thumbnail","6":"product_cat-entre-le-xviiieme-et-le-xixeme-siecle","7":"product_cat-illustres-modernes-editions-originales-signees-numerotees","8":"product_cat-sciences-et-techniques","9":"product_tag-illustre","10":"sales-flash-overlay","11":"woocommerce-text-align-center","12":"woocommerce-image-align-center","13":"wc-has-gallery","15":"first","16":"instock","17":"taxable","18":"shipping-taxable","19":"purchasable","20":"product-type-simple"},"aioseo_notices":[],"_links":{"self":[{"href":"https:\/\/www.livresentre2actions.fr\/en\/wp-json\/wp\/v2\/product\/19117","targetHints":{"allow":["GET"]}}],"collection":[{"href":"https:\/\/www.livresentre2actions.fr\/en\/wp-json\/wp\/v2\/product"}],"about":[{"href":"https:\/\/www.livresentre2actions.fr\/en\/wp-json\/wp\/v2\/types\/product"}],"wp:featuredmedia":[{"embeddable":true,"href":"https:\/\/www.livresentre2actions.fr\/en\/wp-json\/wp\/v2\/media\/19118"}],"wp:attachment":[{"href":"https:\/\/www.livresentre2actions.fr\/en\/wp-json\/wp\/v2\/media?parent=19117"}],"wp:term":[{"taxonomy":"product_brand","embeddable":true,"href":"https:\/\/www.livresentre2actions.fr\/en\/wp-json\/wp\/v2\/product_brand?post=19117"},{"taxonomy":"product_cat","embeddable":true,"href":"https:\/\/www.livresentre2actions.fr\/en\/wp-json\/wp\/v2\/product_cat?post=19117"},{"taxonomy":"product_tag","embeddable":true,"href":"https:\/\/www.livresentre2actions.fr\/en\/wp-json\/wp\/v2\/product_tag?post=19117"}],"curies":[{"name":"wp","href":"https:\/\/api.w.org\/{rel}","templated":true}]}}