{"id":19108,"date":"2026-03-09T16:31:41","date_gmt":"2026-03-09T15:31:41","guid":{"rendered":"https:\/\/www.livresentre2actions.fr\/?post_type=product&#038;p=19108"},"modified":"2026-03-09T16:31:43","modified_gmt":"2026-03-09T15:31:43","slug":"les-spectacles-antiques-l-auge-de-lassus","status":"publish","type":"product","link":"https:\/\/www.livresentre2actions.fr\/en\/product\/les-spectacles-antiques-l-auge-de-lassus\/","title":{"rendered":"Les spectacles antiques &#8211; L. Aug\u00e9 de Lassus"},"content":{"rendered":"<p>Librairie Hachette &#8211; Pleine percaline marine \u00e0 dos long joliment orn\u00e9 des titre, auteur et motifs, plats avec la jolie plaque de la collection Biblioth\u00e8que des merveilles, toutes tranches rouges, 296p. Hors tables des gravures et des mati\u00e8res. In fine : extrait de catalogue de l\u2019\u00e9diteur. 1888. Illustr\u00e9e de 25 vignettes sur bois, dont 8 \u00e0 pleine page. Rousseurs d\u2019intensit\u00e9 variable mais plus pr\u00e9sentes en d\u00e9but et fin de volume. Coins et champs frott\u00e9s, \u00e9pidermures marqu\u00e9es sur les champs. Dos frott\u00e9 avec \u00e9pidermures en coiffe et queue. Bon exemplaire bien ferme.<\/p>","protected":false},"excerpt":{"rendered":"<p>Librairie Hachette &#8211; Pleine percaline marine \u00e0 dos long joliment orn\u00e9 des titre, auteur et motifs, plats avec la jolie plaque de la collection Biblioth\u00e8que des merveilles, toutes tranches rouges, 296p. Hors tables des gravures et des mati\u00e8res. In fine : extrait de catalogue de l\u2019\u00e9diteur. 1888. Illustr\u00e9e de 25 vignettes sur bois, dont 8 &#8230; <a title=\"Les spectacles antiques &#8211; L. Aug\u00e9 de Lassus\" class=\"read-more\" href=\"https:\/\/www.livresentre2actions.fr\/en\/product\/les-spectacles-antiques-l-auge-de-lassus\/\" aria-label=\"Read more about Les spectacles antiques &#8211; L. Aug\u00e9 de Lassus\">Read more<\/a><\/p>","protected":false},"featured_media":19109,"template":"","meta":{"_eb_attr":""},"product_brand":[],"product_cat":[36,75,71,73],"product_tag":[],"class_list":{"0":"post-19108","1":"product","2":"type-product","3":"status-publish","4":"has-post-thumbnail","6":"product_cat-entre-le-xviiieme-et-le-xixeme-siecle","7":"product_cat-art","8":"product_cat-illustres-modernes-editions-originales-signees-numerotees","9":"product_cat-histoires-et-recits-de-voyage","10":"sales-flash-overlay","11":"woocommerce-text-align-center","12":"woocommerce-image-align-center","13":"wc-has-gallery","15":"first","16":"instock","17":"taxable","18":"shipping-taxable","19":"purchasable","20":"product-type-simple"},"aioseo_notices":[],"_links":{"self":[{"href":"https:\/\/www.livresentre2actions.fr\/en\/wp-json\/wp\/v2\/product\/19108","targetHints":{"allow":["GET"]}}],"collection":[{"href":"https:\/\/www.livresentre2actions.fr\/en\/wp-json\/wp\/v2\/product"}],"about":[{"href":"https:\/\/www.livresentre2actions.fr\/en\/wp-json\/wp\/v2\/types\/product"}],"wp:featuredmedia":[{"embeddable":true,"href":"https:\/\/www.livresentre2actions.fr\/en\/wp-json\/wp\/v2\/media\/19109"}],"wp:attachment":[{"href":"https:\/\/www.livresentre2actions.fr\/en\/wp-json\/wp\/v2\/media?parent=19108"}],"wp:term":[{"taxonomy":"product_brand","embeddable":true,"href":"https:\/\/www.livresentre2actions.fr\/en\/wp-json\/wp\/v2\/product_brand?post=19108"},{"taxonomy":"product_cat","embeddable":true,"href":"https:\/\/www.livresentre2actions.fr\/en\/wp-json\/wp\/v2\/product_cat?post=19108"},{"taxonomy":"product_tag","embeddable":true,"href":"https:\/\/www.livresentre2actions.fr\/en\/wp-json\/wp\/v2\/product_tag?post=19108"}],"curies":[{"name":"wp","href":"https:\/\/api.w.org\/{rel}","templated":true}]}}