{"id":19097,"date":"2026-03-09T16:27:39","date_gmt":"2026-03-09T15:27:39","guid":{"rendered":"https:\/\/www.livresentre2actions.fr\/?post_type=product&#038;p=19097"},"modified":"2026-03-09T16:27:40","modified_gmt":"2026-03-09T15:27:40","slug":"berryer-sa-vie-et-ses-oeuvres-1790-1868","status":"publish","type":"product","link":"https:\/\/www.livresentre2actions.fr\/en\/product\/berryer-sa-vie-et-ses-oeuvres-1790-1868\/","title":{"rendered":"Berryer. Sa vie et ses \u0153uvres, 1790-1868"},"content":{"rendered":"<p>E Lecanuet &#8211; Broch\u00e9, 230 x 143, 492p. Avec table. Sans date. Mention de onzi\u00e8me \u00e9dition [1894 pour la sixi\u00e8me]. Frontispice et une gravure. Int\u00e9rieur propre, un ex-libris au titre. Couvertures et dos insol\u00e9s avec rousseurs l\u00e9g\u00e8res, mais propres. Exemplaire bien ferme.<\/p>","protected":false},"excerpt":{"rendered":"<p>E Lecanuet &#8211; Broch\u00e9, 230 x 143, 492p. Avec table. Sans date. Mention de onzi\u00e8me \u00e9dition [1894 pour la sixi\u00e8me]. Frontispice et une gravure. Int\u00e9rieur propre, un ex-libris au titre. Couvertures et dos insol\u00e9s avec rousseurs l\u00e9g\u00e8res, mais propres. Exemplaire bien ferme.<\/p>","protected":false},"featured_media":19099,"template":"","meta":{"_eb_attr":""},"product_brand":[],"product_cat":[37,71,68],"product_tag":[],"class_list":{"0":"post-19097","1":"product","2":"type-product","3":"status-publish","4":"has-post-thumbnail","6":"product_cat-a-partir-du-xxeme-siecle","7":"product_cat-illustres-modernes-editions-originales-signees-numerotees","8":"product_cat-religion-spiritualite","9":"sales-flash-overlay","10":"woocommerce-text-align-center","11":"woocommerce-image-align-center","12":"wc-has-gallery","14":"first","15":"instock","16":"taxable","17":"shipping-taxable","18":"purchasable","19":"product-type-simple"},"aioseo_notices":[],"_links":{"self":[{"href":"https:\/\/www.livresentre2actions.fr\/en\/wp-json\/wp\/v2\/product\/19097","targetHints":{"allow":["GET"]}}],"collection":[{"href":"https:\/\/www.livresentre2actions.fr\/en\/wp-json\/wp\/v2\/product"}],"about":[{"href":"https:\/\/www.livresentre2actions.fr\/en\/wp-json\/wp\/v2\/types\/product"}],"wp:featuredmedia":[{"embeddable":true,"href":"https:\/\/www.livresentre2actions.fr\/en\/wp-json\/wp\/v2\/media\/19099"}],"wp:attachment":[{"href":"https:\/\/www.livresentre2actions.fr\/en\/wp-json\/wp\/v2\/media?parent=19097"}],"wp:term":[{"taxonomy":"product_brand","embeddable":true,"href":"https:\/\/www.livresentre2actions.fr\/en\/wp-json\/wp\/v2\/product_brand?post=19097"},{"taxonomy":"product_cat","embeddable":true,"href":"https:\/\/www.livresentre2actions.fr\/en\/wp-json\/wp\/v2\/product_cat?post=19097"},{"taxonomy":"product_tag","embeddable":true,"href":"https:\/\/www.livresentre2actions.fr\/en\/wp-json\/wp\/v2\/product_tag?post=19097"}],"curies":[{"name":"wp","href":"https:\/\/api.w.org\/{rel}","templated":true}]}}