{"id":19088,"date":"2026-03-09T16:22:30","date_gmt":"2026-03-09T15:22:30","guid":{"rendered":"https:\/\/www.livresentre2actions.fr\/?post_type=product&#038;p=19088"},"modified":"2026-03-09T16:22:34","modified_gmt":"2026-03-09T15:22:34","slug":"60-eme-bataillon-de-chasseurs-a-pied","status":"publish","type":"product","link":"https:\/\/www.livresentre2actions.fr\/en\/product\/60-eme-bataillon-de-chasseurs-a-pied\/","title":{"rendered":"60 \u00e8me Bataillon de chasseurs \u00e0 pied"},"content":{"rendered":"<p>60\u00e8me\u00a0Bataillon de chasseurs \u00e0 pied, historique et livre d&rsquo;or, ao\u00fbt 1914 &#8211; f\u00e9vrier 1919 Joseph Antiglio &#8211;<\/p>\n<p>Besan\u00e7on, Impr. de Millot fr\u00e8res<\/p>\n<p>Broch\u00e9, 243 x 158, 124p. Hors tble. 1919. Edition originale. Frontispice. Int\u00e9rieur propre. Couvertures et dos insol\u00e9s et frott\u00e9s, avec un manque en t\u00eate de dos, et premi\u00e8re de couverture d\u00e9tach\u00e9e en pied sur 1\/3. Exemplaire bien ferme.<\/p>","protected":false},"excerpt":{"rendered":"<p>60\u00e8me\u00a0Bataillon de chasseurs \u00e0 pied, historique et livre d&rsquo;or, ao\u00fbt 1914 &#8211; f\u00e9vrier 1919 Joseph Antiglio &#8211; Besan\u00e7on, Impr. de Millot fr\u00e8res Broch\u00e9, 243 x 158, 124p. Hors tble. 1919. Edition originale. Frontispice. Int\u00e9rieur propre. Couvertures et dos insol\u00e9s et frott\u00e9s, avec un manque en t\u00eate de dos, et premi\u00e8re de couverture d\u00e9tach\u00e9e en pied &#8230; <a title=\"60 \u00e8me Bataillon de chasseurs \u00e0 pied\" class=\"read-more\" href=\"https:\/\/www.livresentre2actions.fr\/en\/product\/60-eme-bataillon-de-chasseurs-a-pied\/\" aria-label=\"Read more about 60 \u00e8me Bataillon de chasseurs \u00e0 pied\">Read more<\/a><\/p>","protected":false},"featured_media":19089,"template":"","meta":{"_eb_attr":""},"product_brand":[],"product_cat":[37,71,73],"product_tag":[],"class_list":{"0":"post-19088","1":"product","2":"type-product","3":"status-publish","4":"has-post-thumbnail","6":"product_cat-a-partir-du-xxeme-siecle","7":"product_cat-illustres-modernes-editions-originales-signees-numerotees","8":"product_cat-histoires-et-recits-de-voyage","9":"sales-flash-overlay","10":"woocommerce-text-align-center","11":"woocommerce-image-align-center","12":"wc-has-gallery","14":"first","15":"instock","16":"taxable","17":"shipping-taxable","18":"purchasable","19":"product-type-simple"},"aioseo_notices":[],"_links":{"self":[{"href":"https:\/\/www.livresentre2actions.fr\/en\/wp-json\/wp\/v2\/product\/19088","targetHints":{"allow":["GET"]}}],"collection":[{"href":"https:\/\/www.livresentre2actions.fr\/en\/wp-json\/wp\/v2\/product"}],"about":[{"href":"https:\/\/www.livresentre2actions.fr\/en\/wp-json\/wp\/v2\/types\/product"}],"wp:featuredmedia":[{"embeddable":true,"href":"https:\/\/www.livresentre2actions.fr\/en\/wp-json\/wp\/v2\/media\/19089"}],"wp:attachment":[{"href":"https:\/\/www.livresentre2actions.fr\/en\/wp-json\/wp\/v2\/media?parent=19088"}],"wp:term":[{"taxonomy":"product_brand","embeddable":true,"href":"https:\/\/www.livresentre2actions.fr\/en\/wp-json\/wp\/v2\/product_brand?post=19088"},{"taxonomy":"product_cat","embeddable":true,"href":"https:\/\/www.livresentre2actions.fr\/en\/wp-json\/wp\/v2\/product_cat?post=19088"},{"taxonomy":"product_tag","embeddable":true,"href":"https:\/\/www.livresentre2actions.fr\/en\/wp-json\/wp\/v2\/product_tag?post=19088"}],"curies":[{"name":"wp","href":"https:\/\/api.w.org\/{rel}","templated":true}]}}