{"id":19072,"date":"2026-03-09T16:13:25","date_gmt":"2026-03-09T15:13:25","guid":{"rendered":"https:\/\/www.livresentre2actions.fr\/?post_type=product&#038;p=19072"},"modified":"2026-03-09T16:13:26","modified_gmt":"2026-03-09T15:13:26","slug":"une-enquete-au-pays-du-levant-2-tomes-en-un-volume-2","status":"publish","type":"product","link":"https:\/\/www.livresentre2actions.fr\/en\/product\/une-enquete-au-pays-du-levant-2-tomes-en-un-volume-2\/","title":{"rendered":"Une enqu\u00eate au pays du Levant, 2 tomes en un volume"},"content":{"rendered":"<p>Maurice Barr\u00e8s &#8211; Plon<\/p>\n<p>Pleine toile grise, dos long \u00e0 pi\u00e8ce de titre en maroquin noire, 188 x 125, 312 et 242p. Avec table. 1923. Premi\u00e8re \u00e9dition. Exemplaire enrichi d\u2019un bel ex-libris aux armes \u00ab\u00a0Gustave Estaquier\u00a0\u00bb coll\u00e9 en contreplat sup\u00e9rieur. Int\u00e9rieur tr\u00e8s bon, propre et int\u00e8gre. Pleine toile l\u00e9g\u00e8rement insol\u00e9e, frott\u00e9e, l\u00e9g\u00e8rement tach\u00e9e en t\u00eate de plat sup\u00e9rieur. Bon exemplaire bien ferme.<\/p>","protected":false},"excerpt":{"rendered":"<p>Maurice Barr\u00e8s &#8211; Plon Pleine toile grise, dos long \u00e0 pi\u00e8ce de titre en maroquin noire, 188 x 125, 312 et 242p. Avec table. 1923. Premi\u00e8re \u00e9dition. Exemplaire enrichi d\u2019un bel ex-libris aux armes \u00ab\u00a0Gustave Estaquier\u00a0\u00bb coll\u00e9 en contreplat sup\u00e9rieur. Int\u00e9rieur tr\u00e8s bon, propre et int\u00e8gre. Pleine toile l\u00e9g\u00e8rement insol\u00e9e, frott\u00e9e, l\u00e9g\u00e8rement tach\u00e9e en t\u00eate &#8230; <a title=\"Une enqu\u00eate au pays du Levant, 2 tomes en un volume\" class=\"read-more\" href=\"https:\/\/www.livresentre2actions.fr\/en\/product\/une-enquete-au-pays-du-levant-2-tomes-en-un-volume-2\/\" aria-label=\"Read more about Une enqu\u00eate au pays du Levant, 2 tomes en un volume\">Read more<\/a><\/p>","protected":false},"featured_media":19073,"template":"","meta":{"_eb_attr":""},"product_brand":[],"product_cat":[37,71,73],"product_tag":[],"class_list":{"0":"post-19072","1":"product","2":"type-product","3":"status-publish","4":"has-post-thumbnail","6":"product_cat-a-partir-du-xxeme-siecle","7":"product_cat-illustres-modernes-editions-originales-signees-numerotees","8":"product_cat-histoires-et-recits-de-voyage","9":"sales-flash-overlay","10":"woocommerce-text-align-center","11":"woocommerce-image-align-center","12":"wc-has-gallery","14":"first","15":"instock","16":"taxable","17":"shipping-taxable","18":"purchasable","19":"product-type-simple"},"aioseo_notices":[],"_links":{"self":[{"href":"https:\/\/www.livresentre2actions.fr\/en\/wp-json\/wp\/v2\/product\/19072","targetHints":{"allow":["GET"]}}],"collection":[{"href":"https:\/\/www.livresentre2actions.fr\/en\/wp-json\/wp\/v2\/product"}],"about":[{"href":"https:\/\/www.livresentre2actions.fr\/en\/wp-json\/wp\/v2\/types\/product"}],"wp:featuredmedia":[{"embeddable":true,"href":"https:\/\/www.livresentre2actions.fr\/en\/wp-json\/wp\/v2\/media\/19073"}],"wp:attachment":[{"href":"https:\/\/www.livresentre2actions.fr\/en\/wp-json\/wp\/v2\/media?parent=19072"}],"wp:term":[{"taxonomy":"product_brand","embeddable":true,"href":"https:\/\/www.livresentre2actions.fr\/en\/wp-json\/wp\/v2\/product_brand?post=19072"},{"taxonomy":"product_cat","embeddable":true,"href":"https:\/\/www.livresentre2actions.fr\/en\/wp-json\/wp\/v2\/product_cat?post=19072"},{"taxonomy":"product_tag","embeddable":true,"href":"https:\/\/www.livresentre2actions.fr\/en\/wp-json\/wp\/v2\/product_tag?post=19072"}],"curies":[{"name":"wp","href":"https:\/\/api.w.org\/{rel}","templated":true}]}}