{"id":19023,"date":"2026-03-07T16:32:26","date_gmt":"2026-03-07T15:32:26","guid":{"rendered":"https:\/\/www.livresentre2actions.fr\/?post_type=product&#038;p=19023"},"modified":"2026-03-07T16:32:28","modified_gmt":"2026-03-07T15:32:28","slug":"les-grandes-epreuves-de-lesprit-henri-michaux","status":"publish","type":"product","link":"https:\/\/www.livresentre2actions.fr\/en\/product\/les-grandes-epreuves-de-lesprit-henri-michaux\/","title":{"rendered":"Les grandes \u00e9preuves de l\u2019esprit, Henri Michaux"},"content":{"rendered":"<p>Gallimard &#8211; Coll. Le Point du jour. Broch\u00e9 \u00e0 couvertures rempli\u00e9es, 190 x 140, 207p. 1967. R\u00e9impression num\u00e9rot\u00e9e de 4000 exemplaires, num\u00e9rot\u00e9e, Int\u00e9rieur propre et int\u00e8gre. Couvertures insol\u00e9es avec traces de mouillures en quatri\u00e8me de couverture. Bien ferme.<\/p>","protected":false},"excerpt":{"rendered":"<p>Gallimard &#8211; Coll. Le Point du jour. Broch\u00e9 \u00e0 couvertures rempli\u00e9es, 190 x 140, 207p. 1967. R\u00e9impression num\u00e9rot\u00e9e de 4000 exemplaires, num\u00e9rot\u00e9e, Int\u00e9rieur propre et int\u00e8gre. Couvertures insol\u00e9es avec traces de mouillures en quatri\u00e8me de couverture. Bien ferme.<\/p>","protected":false},"featured_media":19024,"template":"","meta":{"_eb_attr":""},"product_brand":[],"product_cat":[37,81,76],"product_tag":[],"class_list":{"0":"post-19023","1":"product","2":"type-product","3":"status-publish","4":"has-post-thumbnail","6":"product_cat-a-partir-du-xxeme-siecle","7":"product_cat-hauts-de-france","8":"product_cat-poesie-theatre-prose","9":"sales-flash-overlay","10":"woocommerce-text-align-center","11":"woocommerce-image-align-center","12":"wc-has-gallery","14":"first","15":"instock","16":"taxable","17":"shipping-taxable","18":"purchasable","19":"product-type-simple"},"aioseo_notices":[],"_links":{"self":[{"href":"https:\/\/www.livresentre2actions.fr\/en\/wp-json\/wp\/v2\/product\/19023","targetHints":{"allow":["GET"]}}],"collection":[{"href":"https:\/\/www.livresentre2actions.fr\/en\/wp-json\/wp\/v2\/product"}],"about":[{"href":"https:\/\/www.livresentre2actions.fr\/en\/wp-json\/wp\/v2\/types\/product"}],"wp:featuredmedia":[{"embeddable":true,"href":"https:\/\/www.livresentre2actions.fr\/en\/wp-json\/wp\/v2\/media\/19024"}],"wp:attachment":[{"href":"https:\/\/www.livresentre2actions.fr\/en\/wp-json\/wp\/v2\/media?parent=19023"}],"wp:term":[{"taxonomy":"product_brand","embeddable":true,"href":"https:\/\/www.livresentre2actions.fr\/en\/wp-json\/wp\/v2\/product_brand?post=19023"},{"taxonomy":"product_cat","embeddable":true,"href":"https:\/\/www.livresentre2actions.fr\/en\/wp-json\/wp\/v2\/product_cat?post=19023"},{"taxonomy":"product_tag","embeddable":true,"href":"https:\/\/www.livresentre2actions.fr\/en\/wp-json\/wp\/v2\/product_tag?post=19023"}],"curies":[{"name":"wp","href":"https:\/\/api.w.org\/{rel}","templated":true}]}}