{"id":19000,"date":"2026-03-07T16:02:14","date_gmt":"2026-03-07T15:02:14","guid":{"rendered":"https:\/\/www.livresentre2actions.fr\/?post_type=product&#038;p=19000"},"modified":"2026-03-07T16:02:16","modified_gmt":"2026-03-07T15:02:16","slug":"moteurs-la-peine-des-hommes-edition-definitive","status":"publish","type":"product","link":"https:\/\/www.livresentre2actions.fr\/en\/product\/moteurs-la-peine-des-hommes-edition-definitive\/","title":{"rendered":"Moteurs. La peine des hommes. Edition d\u00e9finitive"},"content":{"rendered":"<p>Pierre Hamp &#8211; Gallimard<\/p>\n<p>Pleine toile rouge \u00e0 dos long orn\u00e9 d\u2019une pi\u00e8ce de titre noire, 186 x 121, 287p. 1942. Cinqui\u00e8me \u00e9dition. Exemplaire enrichi d\u2019un ex-libris aux armes Gustave Estaquier en contreplat sup\u00e9rieur. Bel exemplaire bien ferme. Coin de t\u00eate coup\u00e9 sur les 58 premi\u00e8res pages.<\/p>","protected":false},"excerpt":{"rendered":"<p>Pierre Hamp &#8211; Gallimard Pleine toile rouge \u00e0 dos long orn\u00e9 d\u2019une pi\u00e8ce de titre noire, 186 x 121, 287p. 1942. Cinqui\u00e8me \u00e9dition. Exemplaire enrichi d\u2019un ex-libris aux armes Gustave Estaquier en contreplat sup\u00e9rieur. Bel exemplaire bien ferme. Coin de t\u00eate coup\u00e9 sur les 58 premi\u00e8res pages.<\/p>","protected":false},"featured_media":19001,"template":"","meta":{"_eb_attr":""},"product_brand":[],"product_cat":[37,76],"product_tag":[],"class_list":{"0":"post-19000","1":"product","2":"type-product","3":"status-publish","4":"has-post-thumbnail","6":"product_cat-a-partir-du-xxeme-siecle","7":"product_cat-poesie-theatre-prose","8":"sales-flash-overlay","9":"woocommerce-text-align-center","10":"woocommerce-image-align-center","11":"wc-has-gallery","13":"first","14":"instock","15":"taxable","16":"shipping-taxable","17":"purchasable","18":"product-type-simple"},"aioseo_notices":[],"_links":{"self":[{"href":"https:\/\/www.livresentre2actions.fr\/en\/wp-json\/wp\/v2\/product\/19000","targetHints":{"allow":["GET"]}}],"collection":[{"href":"https:\/\/www.livresentre2actions.fr\/en\/wp-json\/wp\/v2\/product"}],"about":[{"href":"https:\/\/www.livresentre2actions.fr\/en\/wp-json\/wp\/v2\/types\/product"}],"wp:featuredmedia":[{"embeddable":true,"href":"https:\/\/www.livresentre2actions.fr\/en\/wp-json\/wp\/v2\/media\/19001"}],"wp:attachment":[{"href":"https:\/\/www.livresentre2actions.fr\/en\/wp-json\/wp\/v2\/media?parent=19000"}],"wp:term":[{"taxonomy":"product_brand","embeddable":true,"href":"https:\/\/www.livresentre2actions.fr\/en\/wp-json\/wp\/v2\/product_brand?post=19000"},{"taxonomy":"product_cat","embeddable":true,"href":"https:\/\/www.livresentre2actions.fr\/en\/wp-json\/wp\/v2\/product_cat?post=19000"},{"taxonomy":"product_tag","embeddable":true,"href":"https:\/\/www.livresentre2actions.fr\/en\/wp-json\/wp\/v2\/product_tag?post=19000"}],"curies":[{"name":"wp","href":"https:\/\/api.w.org\/{rel}","templated":true}]}}