{"id":18960,"date":"2026-03-07T09:03:02","date_gmt":"2026-03-07T08:03:02","guid":{"rendered":"https:\/\/www.livresentre2actions.fr\/?post_type=product&#038;p=18960"},"modified":"2026-03-07T09:04:40","modified_gmt":"2026-03-07T08:04:40","slug":"terres-cuites-architecturales-au-moyen-age","status":"publish","type":"product","link":"https:\/\/www.livresentre2actions.fr\/en\/product\/terres-cuites-architecturales-au-moyen-age\/","title":{"rendered":"Terres cuites architecturales au Moyen-\u00c2ge"},"content":{"rendered":"<p>Textes r\u00e9unis par Didier Deroeux, Colloque des 7- 9 juin 1985, Mus\u00e9e de Saint-Omer Broch\u00e9, 270 x 190, pagin\u00e9 186-206. Bon exemplaire, propre et int\u00e8gre, avec un ex-libris et un envoi.<\/p>","protected":false},"excerpt":{"rendered":"<p>Textes r\u00e9unis par Didier Deroeux, Colloque des 7- 9 juin 1985, Mus\u00e9e de Saint-Omer Broch\u00e9, 270 x 190, pagin\u00e9 186-206. Bon exemplaire, propre et int\u00e8gre, avec un ex-libris et un envoi.<\/p>","protected":false},"featured_media":18961,"template":"","meta":{"_eb_attr":""},"product_brand":[],"product_cat":[37,71,81,73],"product_tag":[86],"class_list":{"0":"post-18960","1":"product","2":"type-product","3":"status-publish","4":"has-post-thumbnail","6":"product_cat-a-partir-du-xxeme-siecle","7":"product_cat-illustres-modernes-editions-originales-signees-numerotees","8":"product_cat-hauts-de-france","9":"product_cat-histoires-et-recits-de-voyage","10":"product_tag-illustre","11":"sales-flash-overlay","12":"woocommerce-text-align-center","13":"woocommerce-image-align-center","14":"wc-has-gallery","16":"first","17":"instock","18":"taxable","19":"shipping-taxable","20":"purchasable","21":"product-type-simple"},"aioseo_notices":[],"_links":{"self":[{"href":"https:\/\/www.livresentre2actions.fr\/en\/wp-json\/wp\/v2\/product\/18960","targetHints":{"allow":["GET"]}}],"collection":[{"href":"https:\/\/www.livresentre2actions.fr\/en\/wp-json\/wp\/v2\/product"}],"about":[{"href":"https:\/\/www.livresentre2actions.fr\/en\/wp-json\/wp\/v2\/types\/product"}],"wp:featuredmedia":[{"embeddable":true,"href":"https:\/\/www.livresentre2actions.fr\/en\/wp-json\/wp\/v2\/media\/18961"}],"wp:attachment":[{"href":"https:\/\/www.livresentre2actions.fr\/en\/wp-json\/wp\/v2\/media?parent=18960"}],"wp:term":[{"taxonomy":"product_brand","embeddable":true,"href":"https:\/\/www.livresentre2actions.fr\/en\/wp-json\/wp\/v2\/product_brand?post=18960"},{"taxonomy":"product_cat","embeddable":true,"href":"https:\/\/www.livresentre2actions.fr\/en\/wp-json\/wp\/v2\/product_cat?post=18960"},{"taxonomy":"product_tag","embeddable":true,"href":"https:\/\/www.livresentre2actions.fr\/en\/wp-json\/wp\/v2\/product_tag?post=18960"}],"curies":[{"name":"wp","href":"https:\/\/api.w.org\/{rel}","templated":true}]}}