{"id":18927,"date":"2026-03-05T17:52:18","date_gmt":"2026-03-05T16:52:18","guid":{"rendered":"https:\/\/www.livresentre2actions.fr\/?post_type=product&#038;p=18927"},"modified":"2026-03-05T17:52:23","modified_gmt":"2026-03-05T16:52:23","slug":"lambition-la-volupte-et-lavarice-contenans-plusieurs-belles-conceptions","status":"publish","type":"product","link":"https:\/\/www.livresentre2actions.fr\/en\/product\/lambition-la-volupte-et-lavarice-contenans-plusieurs-belles-conceptions\/","title":{"rendered":"L&rsquo;Ambition, la volupt\u00e9 et l&rsquo;avarice, contenans plusieurs belles conceptions"},"content":{"rendered":"<p>Henry du Lisdam &#8211; chez Claude Morillon<\/p>\n<p>Plein v\u00e9lin d\u2019\u00e9poque, muet, 174 x 111, 171p. Hors table et Privil\u00e8ge in fine avec achev\u00e9 d\u2019imprimer. 1613, Edition originale, sans sa page de titre [une photocopie de cette page de titre est jointe, elle indique que Claude Morillon, \u00e9tabli \u00e0 Lyon \u00e9tait imprimeur de la Duchesse de Montpensier]\u00a0; quelques jolies lettrines d\u00e9cor\u00e9es, et une belle marque typographique en cul-de-lampe, avant la table.<\/p>\n<p>Int\u00e9rieur globalement frais, quelques rousseurs, charni\u00e8res int\u00e9rieures ouvertes en pied. Reliure dans son \u00e9tat d\u2019usage avec un tache en t\u00eate de dos qui signale sans doute la pr\u00e9sence d\u2019une ancienne pi\u00e8ce ou \u00e9tiquette titre.<\/p>\n<p>Bon exemplaire bien ferme pour un texte peu courant d\u2019un auteur polygraphe m\u00e9connu du d\u00e9but du XVIIe, moraliste catholique, et t\u00e9moin du baroque fran\u00e7ais. Un ex-libris manuscrit \u00e0 la plume en page de garde.<\/p>","protected":false},"excerpt":{"rendered":"<p>Henry du Lisdam &#8211; chez Claude Morillon Plein v\u00e9lin d\u2019\u00e9poque, muet, 174 x 111, 171p. Hors table et Privil\u00e8ge in fine avec achev\u00e9 d\u2019imprimer. 1613, Edition originale, sans sa page de titre [une photocopie de cette page de titre est jointe, elle indique que Claude Morillon, \u00e9tabli \u00e0 Lyon \u00e9tait imprimeur de la Duchesse de &#8230; <a title=\"L&rsquo;Ambition, la volupt\u00e9 et l&rsquo;avarice, contenans plusieurs belles conceptions\" class=\"read-more\" href=\"https:\/\/www.livresentre2actions.fr\/en\/product\/lambition-la-volupte-et-lavarice-contenans-plusieurs-belles-conceptions\/\" aria-label=\"Read more about L&rsquo;Ambition, la volupt\u00e9 et l&rsquo;avarice, contenans plusieurs belles conceptions\">Read more<\/a><\/p>","protected":false},"featured_media":18928,"template":"","meta":{"_eb_attr":""},"product_brand":[],"product_cat":[15],"product_tag":[],"class_list":{"0":"post-18927","1":"product","2":"type-product","3":"status-publish","4":"has-post-thumbnail","6":"product_cat-catalogue","7":"sales-flash-overlay","8":"woocommerce-text-align-center","9":"woocommerce-image-align-center","10":"wc-has-gallery","12":"first","13":"instock","14":"taxable","15":"shipping-taxable","16":"purchasable","17":"product-type-simple"},"aioseo_notices":[],"_links":{"self":[{"href":"https:\/\/www.livresentre2actions.fr\/en\/wp-json\/wp\/v2\/product\/18927","targetHints":{"allow":["GET"]}}],"collection":[{"href":"https:\/\/www.livresentre2actions.fr\/en\/wp-json\/wp\/v2\/product"}],"about":[{"href":"https:\/\/www.livresentre2actions.fr\/en\/wp-json\/wp\/v2\/types\/product"}],"wp:featuredmedia":[{"embeddable":true,"href":"https:\/\/www.livresentre2actions.fr\/en\/wp-json\/wp\/v2\/media\/18928"}],"wp:attachment":[{"href":"https:\/\/www.livresentre2actions.fr\/en\/wp-json\/wp\/v2\/media?parent=18927"}],"wp:term":[{"taxonomy":"product_brand","embeddable":true,"href":"https:\/\/www.livresentre2actions.fr\/en\/wp-json\/wp\/v2\/product_brand?post=18927"},{"taxonomy":"product_cat","embeddable":true,"href":"https:\/\/www.livresentre2actions.fr\/en\/wp-json\/wp\/v2\/product_cat?post=18927"},{"taxonomy":"product_tag","embeddable":true,"href":"https:\/\/www.livresentre2actions.fr\/en\/wp-json\/wp\/v2\/product_tag?post=18927"}],"curies":[{"name":"wp","href":"https:\/\/api.w.org\/{rel}","templated":true}]}}