{"id":18742,"date":"2026-02-09T14:08:07","date_gmt":"2026-02-09T13:08:07","guid":{"rendered":"https:\/\/www.livresentre2actions.fr\/?post_type=product&#038;p=18742"},"modified":"2026-02-09T14:08:39","modified_gmt":"2026-02-09T13:08:39","slug":"relation-de-ce-qui-sest-passe-dans-le-royaume-du-maroc","status":"publish","type":"product","link":"https:\/\/www.livresentre2actions.fr\/en\/product\/relation-de-ce-qui-sest-passe-dans-le-royaume-du-maroc\/","title":{"rendered":"Relation de ce qui s&rsquo;est pass\u00e9 dans le royaume du Maroc"},"content":{"rendered":"<p>Relation de ce qui s&rsquo;est pass\u00e9 dans le royaume du Maroc, depuis l&rsquo;ann\u00e9e 1727 jusqu&rsquo;en 1737<\/p>\n<p>Adrien-Maurice de Mairault &#8211; Chez Chaubert, Chez Durand<\/p>\n<p>Plein veau marbr\u00e9, dos \u00e0 cinq nerfs, orn\u00e9 d\u2019une pi\u00e8ce de titre en maroquin lie de vin, d\u00e9cor\u00e9 d\u2019une frise en pi\u00e8ce et d\u2019un motif floral encadr\u00e9 aux caissons, tranches rouges, signet vert, 167 x 102, 294p. Et 2f. (Approbation, Permission). 1742. Edition originale. Un ex-libris manuscrit au titre. Int\u00e9rieur tr\u00e8s frais, propre. Plats, coins, champs avec frottements et \u00e9pidermures, plat inf\u00e9rieur avec une \u00e9pidermure \u00e9tendue en t\u00eate. Dos en bel \u00e9tat, \u00e9pidermures en coiffe, queue et nerfs, un petit manque lat\u00e9ral en queue. Mors int\u00e8gres et solides. Bel exemplaire bien ferme. Livre qui aborde la guerre civile qui suivit la mort de Moulay Isma\u00efl ben Ch\u00e9rif (1645-1727), sultan du Maroc de 1672 \u00e0 sa mort, conduisant la puissance du l\u2019empire du Maroc \u00e0 son apog\u00e9e. \u00c0 sa mort, l\u2019empire \u00e9clate et sept pr\u00e9tendants se succ\u00e8dent sur le tr\u00f4ne entre 1727 et 1757. \u00ab Le r\u00e9cit est surtout centr\u00e9 sur les agissements de Moulay Abdallah, l&rsquo;un des fils de Moulay Isma\u00efl. L&rsquo;ouvrage d\u00e9crit les relations politiques internes et externes, ainsi que les d\u00e9fis auxquels le royaume faisait face \u00e0 cette \u00e9poque, sans n\u00e9gliger les d\u00e9tails pittoresques ou les anecdotes sanglantes. Il renferme aussi des informations m\u00e9connues sur le r\u00f4le important d\u2019une arm\u00e9e d\u2019esclaves noirs et du sort diplomatique de quelques esclaves fran\u00e7ais.\u00a0\u00bb (fiche Baratoux)<\/p>","protected":false},"excerpt":{"rendered":"<p>Relation de ce qui s&rsquo;est pass\u00e9 dans le royaume du Maroc, depuis l&rsquo;ann\u00e9e 1727 jusqu&rsquo;en 1737 Adrien-Maurice de Mairault &#8211; Chez Chaubert, Chez Durand Plein veau marbr\u00e9, dos \u00e0 cinq nerfs, orn\u00e9 d\u2019une pi\u00e8ce de titre en maroquin lie de vin, d\u00e9cor\u00e9 d\u2019une frise en pi\u00e8ce et d\u2019un motif floral encadr\u00e9 aux caissons, tranches rouges, &#8230; <a title=\"Relation de ce qui s&rsquo;est pass\u00e9 dans le royaume du Maroc\" class=\"read-more\" href=\"https:\/\/www.livresentre2actions.fr\/en\/product\/relation-de-ce-qui-sest-passe-dans-le-royaume-du-maroc\/\" aria-label=\"Read more about Relation de ce qui s&rsquo;est pass\u00e9 dans le royaume du Maroc\">Read more<\/a><\/p>","protected":false},"featured_media":18743,"template":"","meta":{"_eb_attr":""},"product_brand":[],"product_cat":[36,71,73],"product_tag":[],"class_list":{"0":"post-18742","1":"product","2":"type-product","3":"status-publish","4":"has-post-thumbnail","6":"product_cat-entre-le-xviiieme-et-le-xixeme-siecle","7":"product_cat-illustres-modernes-editions-originales-signees-numerotees","8":"product_cat-histoires-et-recits-de-voyage","9":"sales-flash-overlay","10":"woocommerce-text-align-center","11":"woocommerce-image-align-center","12":"wc-has-gallery","14":"first","15":"instock","16":"taxable","17":"shipping-taxable","18":"purchasable","19":"product-type-simple"},"aioseo_notices":[],"_links":{"self":[{"href":"https:\/\/www.livresentre2actions.fr\/en\/wp-json\/wp\/v2\/product\/18742","targetHints":{"allow":["GET"]}}],"collection":[{"href":"https:\/\/www.livresentre2actions.fr\/en\/wp-json\/wp\/v2\/product"}],"about":[{"href":"https:\/\/www.livresentre2actions.fr\/en\/wp-json\/wp\/v2\/types\/product"}],"wp:featuredmedia":[{"embeddable":true,"href":"https:\/\/www.livresentre2actions.fr\/en\/wp-json\/wp\/v2\/media\/18743"}],"wp:attachment":[{"href":"https:\/\/www.livresentre2actions.fr\/en\/wp-json\/wp\/v2\/media?parent=18742"}],"wp:term":[{"taxonomy":"product_brand","embeddable":true,"href":"https:\/\/www.livresentre2actions.fr\/en\/wp-json\/wp\/v2\/product_brand?post=18742"},{"taxonomy":"product_cat","embeddable":true,"href":"https:\/\/www.livresentre2actions.fr\/en\/wp-json\/wp\/v2\/product_cat?post=18742"},{"taxonomy":"product_tag","embeddable":true,"href":"https:\/\/www.livresentre2actions.fr\/en\/wp-json\/wp\/v2\/product_tag?post=18742"}],"curies":[{"name":"wp","href":"https:\/\/api.w.org\/{rel}","templated":true}]}}