{"id":18734,"date":"2026-01-05T14:53:23","date_gmt":"2026-01-05T13:53:23","guid":{"rendered":"https:\/\/www.livresentre2actions.fr\/?post_type=product&#038;p=18734"},"modified":"2026-02-05T14:54:25","modified_gmt":"2026-02-05T13:54:25","slug":"roc-gibraltar-joseph-peyre","status":"publish","type":"product","link":"https:\/\/www.livresentre2actions.fr\/en\/product\/roc-gibraltar-joseph-peyre\/","title":{"rendered":"Roc Gibraltar &#8211; Joseph Peyr\u00e9"},"content":{"rendered":"<p>Bernard Grasset &#8211; Broch\u00e9 \u00e0 couvertures rempli\u00e9es, Collection Pour mon plaisir, 192 x 120, 316p. 1937. Edition originale num\u00e9rot\u00e9e 159, un des 900 sur alfa (tirage total 947). Un ex-libris tamponn\u00e9 en garde et au faux-titre. Except\u00e9 des rousseurs en toute d\u00e9but et toute fin de volume, int\u00e9rieur propre et int\u00e8gre. Except\u00e9 deux petits coups en t\u00eate de couvertures, et une l\u00e9g\u00e8re insolation, couvertures et ds propres et int\u00e8gres. Bel exemplaire bien ferme.<\/p>","protected":false},"excerpt":{"rendered":"<p>Bernard Grasset &#8211; Broch\u00e9 \u00e0 couvertures rempli\u00e9es, Collection Pour mon plaisir, 192 x 120, 316p. 1937. Edition originale num\u00e9rot\u00e9e 159, un des 900 sur alfa (tirage total 947). Un ex-libris tamponn\u00e9 en garde et au faux-titre. Except\u00e9 des rousseurs en toute d\u00e9but et toute fin de volume, int\u00e9rieur propre et int\u00e8gre. Except\u00e9 deux petits coups &#8230; <a title=\"Roc Gibraltar &#8211; Joseph Peyr\u00e9\" class=\"read-more\" href=\"https:\/\/www.livresentre2actions.fr\/en\/product\/roc-gibraltar-joseph-peyre\/\" aria-label=\"Read more about Roc Gibraltar &#8211; Joseph Peyr\u00e9\">Read more<\/a><\/p>","protected":false},"featured_media":18735,"template":"","meta":{"_eb_attr":""},"product_brand":[],"product_cat":[37,71,76],"product_tag":[],"class_list":{"0":"post-18734","1":"product","2":"type-product","3":"status-publish","4":"has-post-thumbnail","6":"product_cat-a-partir-du-xxeme-siecle","7":"product_cat-illustres-modernes-editions-originales-signees-numerotees","8":"product_cat-poesie-theatre-prose","9":"sales-flash-overlay","10":"woocommerce-text-align-center","11":"woocommerce-image-align-center","12":"wc-has-gallery","14":"first","15":"instock","16":"taxable","17":"shipping-taxable","18":"purchasable","19":"product-type-simple"},"aioseo_notices":[],"_links":{"self":[{"href":"https:\/\/www.livresentre2actions.fr\/en\/wp-json\/wp\/v2\/product\/18734","targetHints":{"allow":["GET"]}}],"collection":[{"href":"https:\/\/www.livresentre2actions.fr\/en\/wp-json\/wp\/v2\/product"}],"about":[{"href":"https:\/\/www.livresentre2actions.fr\/en\/wp-json\/wp\/v2\/types\/product"}],"wp:featuredmedia":[{"embeddable":true,"href":"https:\/\/www.livresentre2actions.fr\/en\/wp-json\/wp\/v2\/media\/18735"}],"wp:attachment":[{"href":"https:\/\/www.livresentre2actions.fr\/en\/wp-json\/wp\/v2\/media?parent=18734"}],"wp:term":[{"taxonomy":"product_brand","embeddable":true,"href":"https:\/\/www.livresentre2actions.fr\/en\/wp-json\/wp\/v2\/product_brand?post=18734"},{"taxonomy":"product_cat","embeddable":true,"href":"https:\/\/www.livresentre2actions.fr\/en\/wp-json\/wp\/v2\/product_cat?post=18734"},{"taxonomy":"product_tag","embeddable":true,"href":"https:\/\/www.livresentre2actions.fr\/en\/wp-json\/wp\/v2\/product_tag?post=18734"}],"curies":[{"name":"wp","href":"https:\/\/api.w.org\/{rel}","templated":true}]}}