{"id":18676,"date":"2026-01-03T15:49:01","date_gmt":"2026-01-03T14:49:01","guid":{"rendered":"https:\/\/www.livresentre2actions.fr\/?post_type=product&#038;p=18676"},"modified":"2026-02-03T15:49:33","modified_gmt":"2026-02-03T14:49:33","slug":"en-menage-joris-karl-huysmans-em-jodelet","status":"publish","type":"product","link":"https:\/\/www.livresentre2actions.fr\/en\/product\/en-menage-joris-karl-huysmans-em-jodelet\/","title":{"rendered":"En m\u00e9nage, Joris-Karl Huysmans &#8211; EM. Jodelet"},"content":{"rendered":"<p>Henri Jonqui\u00e8res &amp; Cie &#8211; Demi-veau rouge \u00e0 coins, plats joliment recouvert d\u2019un papier caillout\u00e9s \u00e0 reflets, dos long richement d\u00e9cor\u00e9 de frises, liser\u00e9s et de pi\u00e8ces de titre et d\u2019auteur en maroquin noir, signet, tranche de t\u00eate dor\u00e9e, couvertures conserv\u00e9es, 209 x 158, 336p. 1923.<\/p>\n<p>Edition originale, exemplaire num\u00e9rot\u00e9 690, un des 1000 sur rives (tirage total 1180). Avec 23 dessins de EM. Jodelet dont frontispice couleur et quatri\u00e8me de couverture illustr\u00e9e couleur. Int\u00e9rieur propre et int\u00e8gre. Reliure en tr\u00e8s bel \u00e9tat, quelques l\u00e9g\u00e8res griffes sans perte, dos un peu pass\u00e9. Tr\u00e8s bel exemplaire bien ferme.<\/p>","protected":false},"excerpt":{"rendered":"<p>Henri Jonqui\u00e8res &amp; Cie &#8211; Demi-veau rouge \u00e0 coins, plats joliment recouvert d\u2019un papier caillout\u00e9s \u00e0 reflets, dos long richement d\u00e9cor\u00e9 de frises, liser\u00e9s et de pi\u00e8ces de titre et d\u2019auteur en maroquin noir, signet, tranche de t\u00eate dor\u00e9e, couvertures conserv\u00e9es, 209 x 158, 336p. 1923. Edition originale, exemplaire num\u00e9rot\u00e9 690, un des 1000 sur &#8230; <a title=\"En m\u00e9nage, Joris-Karl Huysmans &#8211; EM. Jodelet\" class=\"read-more\" href=\"https:\/\/www.livresentre2actions.fr\/en\/product\/en-menage-joris-karl-huysmans-em-jodelet\/\" aria-label=\"Read more about En m\u00e9nage, Joris-Karl Huysmans &#8211; EM. Jodelet\">Read more<\/a><\/p>","protected":false},"featured_media":18677,"template":"","meta":{"_eb_attr":""},"product_brand":[],"product_cat":[37,71,76],"product_tag":[86],"class_list":{"0":"post-18676","1":"product","2":"type-product","3":"status-publish","4":"has-post-thumbnail","6":"product_cat-a-partir-du-xxeme-siecle","7":"product_cat-illustres-modernes-editions-originales-signees-numerotees","8":"product_cat-poesie-theatre-prose","9":"product_tag-illustre","10":"sales-flash-overlay","11":"woocommerce-text-align-center","12":"woocommerce-image-align-center","13":"wc-has-gallery","15":"first","16":"instock","17":"taxable","18":"shipping-taxable","19":"purchasable","20":"product-type-simple"},"aioseo_notices":[],"_links":{"self":[{"href":"https:\/\/www.livresentre2actions.fr\/en\/wp-json\/wp\/v2\/product\/18676","targetHints":{"allow":["GET"]}}],"collection":[{"href":"https:\/\/www.livresentre2actions.fr\/en\/wp-json\/wp\/v2\/product"}],"about":[{"href":"https:\/\/www.livresentre2actions.fr\/en\/wp-json\/wp\/v2\/types\/product"}],"wp:featuredmedia":[{"embeddable":true,"href":"https:\/\/www.livresentre2actions.fr\/en\/wp-json\/wp\/v2\/media\/18677"}],"wp:attachment":[{"href":"https:\/\/www.livresentre2actions.fr\/en\/wp-json\/wp\/v2\/media?parent=18676"}],"wp:term":[{"taxonomy":"product_brand","embeddable":true,"href":"https:\/\/www.livresentre2actions.fr\/en\/wp-json\/wp\/v2\/product_brand?post=18676"},{"taxonomy":"product_cat","embeddable":true,"href":"https:\/\/www.livresentre2actions.fr\/en\/wp-json\/wp\/v2\/product_cat?post=18676"},{"taxonomy":"product_tag","embeddable":true,"href":"https:\/\/www.livresentre2actions.fr\/en\/wp-json\/wp\/v2\/product_tag?post=18676"}],"curies":[{"name":"wp","href":"https:\/\/api.w.org\/{rel}","templated":true}]}}