{"id":18569,"date":"2026-01-23T17:36:52","date_gmt":"2026-01-23T16:36:52","guid":{"rendered":"https:\/\/www.livresentre2actions.fr\/?post_type=product&#038;p=18569"},"modified":"2026-01-31T17:37:40","modified_gmt":"2026-01-31T16:37:40","slug":"par-le-monde-qui-change-pierre-daye-avec-envoi","status":"publish","type":"product","link":"https:\/\/www.livresentre2actions.fr\/en\/product\/par-le-monde-qui-change-pierre-daye-avec-envoi\/","title":{"rendered":"Par le monde qui change, Pierre Daye &#8211; avec envoi"},"content":{"rendered":"<p>Les \u00c9crits, Bruxelles &#8211; Pleine toile rouge, dos long orn\u00e9 d\u2019une pi\u00e8ce de titre en maroquin noir, signet 167 x 120, 378p. Avec table. 1941. Premi\u00e8re \u00e9dition. Enrichie d\u2019un long envoi sign\u00e9 et dat\u00e9 de l\u2019auteur en faux-titre, et d\u2019un bel ex-libris aux armes coll\u00e9 en contreplat sup\u00e9rieur. Des rousseurs l\u00e9g\u00e8res sur tranches sinon tr\u00e8s bel exemplaire, propre, int\u00e8gre, bien ferme. Journaliste et \u00e9crivain belge, Pierre Daye est une figure du Rexisme.<\/p>","protected":false},"excerpt":{"rendered":"<p>Les \u00c9crits, Bruxelles &#8211; Pleine toile rouge, dos long orn\u00e9 d\u2019une pi\u00e8ce de titre en maroquin noir, signet 167 x 120, 378p. Avec table. 1941. Premi\u00e8re \u00e9dition. Enrichie d\u2019un long envoi sign\u00e9 et dat\u00e9 de l\u2019auteur en faux-titre, et d\u2019un bel ex-libris aux armes coll\u00e9 en contreplat sup\u00e9rieur. Des rousseurs l\u00e9g\u00e8res sur tranches sinon tr\u00e8s &#8230; <a title=\"Par le monde qui change, Pierre Daye &#8211; avec envoi\" class=\"read-more\" href=\"https:\/\/www.livresentre2actions.fr\/en\/product\/par-le-monde-qui-change-pierre-daye-avec-envoi\/\" aria-label=\"Read more about Par le monde qui change, Pierre Daye &#8211; avec envoi\">Read more<\/a><\/p>","protected":false},"featured_media":18570,"template":"","meta":{"_eb_attr":""},"product_brand":[],"product_cat":[37,81,73],"product_tag":[],"class_list":{"0":"post-18569","1":"product","2":"type-product","3":"status-publish","4":"has-post-thumbnail","6":"product_cat-a-partir-du-xxeme-siecle","7":"product_cat-hauts-de-france","8":"product_cat-histoires-et-recits-de-voyage","9":"sales-flash-overlay","10":"woocommerce-text-align-center","11":"woocommerce-image-align-center","12":"wc-has-gallery","14":"first","15":"instock","16":"taxable","17":"shipping-taxable","18":"purchasable","19":"product-type-simple"},"aioseo_notices":[],"_links":{"self":[{"href":"https:\/\/www.livresentre2actions.fr\/en\/wp-json\/wp\/v2\/product\/18569","targetHints":{"allow":["GET"]}}],"collection":[{"href":"https:\/\/www.livresentre2actions.fr\/en\/wp-json\/wp\/v2\/product"}],"about":[{"href":"https:\/\/www.livresentre2actions.fr\/en\/wp-json\/wp\/v2\/types\/product"}],"wp:featuredmedia":[{"embeddable":true,"href":"https:\/\/www.livresentre2actions.fr\/en\/wp-json\/wp\/v2\/media\/18570"}],"wp:attachment":[{"href":"https:\/\/www.livresentre2actions.fr\/en\/wp-json\/wp\/v2\/media?parent=18569"}],"wp:term":[{"taxonomy":"product_brand","embeddable":true,"href":"https:\/\/www.livresentre2actions.fr\/en\/wp-json\/wp\/v2\/product_brand?post=18569"},{"taxonomy":"product_cat","embeddable":true,"href":"https:\/\/www.livresentre2actions.fr\/en\/wp-json\/wp\/v2\/product_cat?post=18569"},{"taxonomy":"product_tag","embeddable":true,"href":"https:\/\/www.livresentre2actions.fr\/en\/wp-json\/wp\/v2\/product_tag?post=18569"}],"curies":[{"name":"wp","href":"https:\/\/api.w.org\/{rel}","templated":true}]}}