{"id":18501,"date":"2026-01-27T18:50:22","date_gmt":"2026-01-27T17:50:22","guid":{"rendered":"https:\/\/www.livresentre2actions.fr\/?post_type=product&#038;p=18501"},"modified":"2026-01-27T18:50:23","modified_gmt":"2026-01-27T17:50:23","slug":"la-grande-guerre-du-sondrebond-charles-ferdinand-ramuz","status":"publish","type":"product","link":"https:\/\/www.livresentre2actions.fr\/en\/product\/la-grande-guerre-du-sondrebond-charles-ferdinand-ramuz\/","title":{"rendered":"La Grande Guerre du Sondrebond, Charles-Ferdinand Ramuz"},"content":{"rendered":"<p>Librairie A. Jullien, Gen\u00e8ve &#8211; Exemplaire reli\u00e9 demi-chagrin vert, dos long, orn\u00e9 du titre et de l\u2019auteur, couverture conserv\u00e9e, signet, 191 x 146, 43p. 1906. Edition originale. Couverture illustr\u00e9e de Ren\u00e9 Aubers-Jonois. Couverture qui a \u00e9t\u00e9 un peu r\u00e9duite en marges int\u00e9rieures, haute et basse. Des rousseurs \u00e9parses.<\/p>\n<p>Reliure impeccable. \u00ab\u00a0L\u2019\u00e9crivain vaudois raconte en vers libres un \u00e9pisode qui se d\u00e9roule en Suisse dans le cadre d\u2019un conflit mettant aux prises sept cantons catholiques (regroup\u00e9s en une ligue, le Sonderbund) et les troupes de la conf\u00e9d\u00e9ration en novembre 1847. En cause\u00a0: la volont\u00e9 des radicaux suisses de fermer les couvents et d\u2019interdire les J\u00e9suites. Guerre qui fera 100 morts. Ramuz met en sc\u00e8ne Jean-Daniel, un conscrit vaudois de l\u2019arm\u00e9e conf\u00e9d\u00e9rale qui raconte ses souvenirs d\u2019une campagne men\u00e9e victorieusement contre des troupes fribourgeoises, soixante ans plus t\u00f4t. En 1982, le cin\u00e9aste suisse Alain Bloch en tire un court-m\u00e9trage<\/p>\n<p>\u00c9galement en stock : Derborence &#8211; Illustr\u00e9, num\u00e9rot\u00e9<\/p>","protected":false},"excerpt":{"rendered":"<p>Librairie A. Jullien, Gen\u00e8ve &#8211; Exemplaire reli\u00e9 demi-chagrin vert, dos long, orn\u00e9 du titre et de l\u2019auteur, couverture conserv\u00e9e, signet, 191 x 146, 43p. 1906. Edition originale. Couverture illustr\u00e9e de Ren\u00e9 Aubers-Jonois. Couverture qui a \u00e9t\u00e9 un peu r\u00e9duite en marges int\u00e9rieures, haute et basse. Des rousseurs \u00e9parses. Reliure impeccable. \u00ab\u00a0L\u2019\u00e9crivain vaudois raconte en vers &#8230; <a title=\"La Grande Guerre du Sondrebond, Charles-Ferdinand Ramuz\" class=\"read-more\" href=\"https:\/\/www.livresentre2actions.fr\/en\/product\/la-grande-guerre-du-sondrebond-charles-ferdinand-ramuz\/\" aria-label=\"Read more about La Grande Guerre du Sondrebond, Charles-Ferdinand Ramuz\">Read more<\/a><\/p>","protected":false},"featured_media":18504,"template":"","meta":{"_eb_attr":""},"product_brand":[],"product_cat":[37,71,76],"product_tag":[],"class_list":{"0":"post-18501","1":"product","2":"type-product","3":"status-publish","4":"has-post-thumbnail","6":"product_cat-a-partir-du-xxeme-siecle","7":"product_cat-illustres-modernes-editions-originales-signees-numerotees","8":"product_cat-poesie-theatre-prose","9":"sales-flash-overlay","10":"woocommerce-text-align-center","11":"woocommerce-image-align-center","12":"wc-has-gallery","14":"first","15":"instock","16":"taxable","17":"shipping-taxable","18":"purchasable","19":"product-type-simple"},"aioseo_notices":[],"_links":{"self":[{"href":"https:\/\/www.livresentre2actions.fr\/en\/wp-json\/wp\/v2\/product\/18501","targetHints":{"allow":["GET"]}}],"collection":[{"href":"https:\/\/www.livresentre2actions.fr\/en\/wp-json\/wp\/v2\/product"}],"about":[{"href":"https:\/\/www.livresentre2actions.fr\/en\/wp-json\/wp\/v2\/types\/product"}],"wp:featuredmedia":[{"embeddable":true,"href":"https:\/\/www.livresentre2actions.fr\/en\/wp-json\/wp\/v2\/media\/18504"}],"wp:attachment":[{"href":"https:\/\/www.livresentre2actions.fr\/en\/wp-json\/wp\/v2\/media?parent=18501"}],"wp:term":[{"taxonomy":"product_brand","embeddable":true,"href":"https:\/\/www.livresentre2actions.fr\/en\/wp-json\/wp\/v2\/product_brand?post=18501"},{"taxonomy":"product_cat","embeddable":true,"href":"https:\/\/www.livresentre2actions.fr\/en\/wp-json\/wp\/v2\/product_cat?post=18501"},{"taxonomy":"product_tag","embeddable":true,"href":"https:\/\/www.livresentre2actions.fr\/en\/wp-json\/wp\/v2\/product_tag?post=18501"}],"curies":[{"name":"wp","href":"https:\/\/api.w.org\/{rel}","templated":true}]}}