{"id":18478,"date":"2026-01-23T18:36:27","date_gmt":"2026-01-23T17:36:27","guid":{"rendered":"https:\/\/www.livresentre2actions.fr\/?post_type=product&#038;p=18478"},"modified":"2026-04-08T15:46:56","modified_gmt":"2026-04-08T13:46:56","slug":"laumone-damour-camille-lemonnier-ill-de-marold-et-mittis","status":"publish","type":"product","link":"https:\/\/www.livresentre2actions.fr\/en\/product\/laumone-damour-camille-lemonnier-ill-de-marold-et-mittis\/","title":{"rendered":"L\u2019Aum\u00f4ne d\u2019amour, Camille Lemonnier &#8211; Ill. de Marold et Mittis"},"content":{"rendered":"<p>Librairie Borel &#8211; Pleine basane chocolat \u00e0 dos romantique orn\u00e9 de 5 faux-nerfs, de liser\u00e9s, frises et pi\u00e8ce de titre olive, et de l\u2019auteur estamp\u00e9 dor\u00e9, tranche de t\u00eate dor\u00e9e, couverture couleur conserv\u00e9e, signet rouge, 140 x 77, 82p. Hors table. 1897. Collection Edouard Guillaume \u00ab Lotus Alba \u00bb. Illustrations de Marold et Mittis. Page de titre illustr\u00e9e. 3 sanguines pleine page en guide de suite avant la lettre ; frontispice et des illustrations \u00e0 pleine page et en ent\u00eate.<\/p>\n<p>Comprend : outre le texte titre,\u00a0 3 textes : La paysanne amoureuse ; Eden ; La petite Hyacinthe toute nue. Int\u00e9rieur tr\u00e8s bon, propre et int\u00e8gre. La couverture conserv\u00e9e se d\u00e9tache. Des frottements \u00e0 la reliure l\u00e9g\u00e8rement insol\u00e9e au dos, avec un petit manque en coiffe. Bon exemplaire bien ferme.<\/p>","protected":false},"excerpt":{"rendered":"<p>Librairie Borel &#8211; Pleine basane chocolat \u00e0 dos romantique orn\u00e9 de 5 faux-nerfs, de liser\u00e9s, frises et pi\u00e8ce de titre olive, et de l\u2019auteur estamp\u00e9 dor\u00e9, tranche de t\u00eate dor\u00e9e, couverture couleur conserv\u00e9e, signet rouge, 140 x 77, 82p. Hors table. 1897. Collection Edouard Guillaume \u00ab Lotus Alba \u00bb. Illustrations de Marold et Mittis. Page &#8230; <a title=\"L\u2019Aum\u00f4ne d\u2019amour, Camille Lemonnier &#8211; Ill. de Marold et Mittis\" class=\"read-more\" href=\"https:\/\/www.livresentre2actions.fr\/en\/product\/laumone-damour-camille-lemonnier-ill-de-marold-et-mittis\/\" aria-label=\"Read more about L\u2019Aum\u00f4ne d\u2019amour, Camille Lemonnier &#8211; Ill. de Marold et Mittis\">Read more<\/a><\/p>","protected":false},"featured_media":18479,"template":"","meta":{"_eb_attr":""},"product_brand":[],"product_cat":[36,74,84,71,76],"product_tag":[],"class_list":{"0":"post-18478","1":"product","2":"type-product","3":"status-publish","4":"has-post-thumbnail","6":"product_cat-entre-le-xviiieme-et-le-xixeme-siecle","7":"product_cat-collections","8":"product_cat-curiosa","9":"product_cat-illustres-modernes-editions-originales-signees-numerotees","10":"product_cat-poesie-theatre-prose","11":"sales-flash-overlay","12":"woocommerce-text-align-center","13":"woocommerce-image-align-center","14":"wc-has-gallery","16":"first","17":"outofstock","18":"taxable","19":"shipping-taxable","20":"purchasable","21":"product-type-simple"},"aioseo_notices":[],"_links":{"self":[{"href":"https:\/\/www.livresentre2actions.fr\/en\/wp-json\/wp\/v2\/product\/18478","targetHints":{"allow":["GET"]}}],"collection":[{"href":"https:\/\/www.livresentre2actions.fr\/en\/wp-json\/wp\/v2\/product"}],"about":[{"href":"https:\/\/www.livresentre2actions.fr\/en\/wp-json\/wp\/v2\/types\/product"}],"wp:featuredmedia":[{"embeddable":true,"href":"https:\/\/www.livresentre2actions.fr\/en\/wp-json\/wp\/v2\/media\/18479"}],"wp:attachment":[{"href":"https:\/\/www.livresentre2actions.fr\/en\/wp-json\/wp\/v2\/media?parent=18478"}],"wp:term":[{"taxonomy":"product_brand","embeddable":true,"href":"https:\/\/www.livresentre2actions.fr\/en\/wp-json\/wp\/v2\/product_brand?post=18478"},{"taxonomy":"product_cat","embeddable":true,"href":"https:\/\/www.livresentre2actions.fr\/en\/wp-json\/wp\/v2\/product_cat?post=18478"},{"taxonomy":"product_tag","embeddable":true,"href":"https:\/\/www.livresentre2actions.fr\/en\/wp-json\/wp\/v2\/product_tag?post=18478"}],"curies":[{"name":"wp","href":"https:\/\/api.w.org\/{rel}","templated":true}]}}