{"id":18388,"date":"2026-01-23T15:26:05","date_gmt":"2026-01-23T14:26:05","guid":{"rendered":"https:\/\/www.livresentre2actions.fr\/?post_type=product&#038;p=18388"},"modified":"2026-01-27T15:26:41","modified_gmt":"2026-01-27T14:26:41","slug":"lettres-deuler-a-une-princesse-dallemagne-sur-divers-sujets-de-physique-et-de-philosophie","status":"publish","type":"product","link":"https:\/\/www.livresentre2actions.fr\/en\/product\/lettres-deuler-a-une-princesse-dallemagne-sur-divers-sujets-de-physique-et-de-philosophie\/","title":{"rendered":"Lettres d&rsquo;Euler \u00e0 une princesse d&rsquo;Allemagne sur divers sujets de physique et de philosophie"},"content":{"rendered":"<p>Lettres d&rsquo;Euler \u00e0 une princesse d&rsquo;Allemagne sur divers sujets de physique et de philosophie Accompagn\u00e9s de l&rsquo;\u00c9loge d&rsquo;Euler par Condorcet et de 215 figures grav\u00e9es sur bois intercal\u00e9es dans le texte Avec une introduction et des notes par \u00c9mile Saisset, 2 tomes, Charpentier, libraire-\u00e9diteur. 1859.<\/p>\n<p>Plein chagrin vert deux tons, dos \u00e0 faux-nerfs orn\u00e9 des titre, auteur, tomaison, et d&rsquo;encadrements \u00e0 double liser\u00e9, signet, plats \u00e0 encadrements estamp\u00e9s et aux armes du Lyc\u00e9e imp\u00e9rial de Lille en plat sup\u00e9rieur, 183 x 120. Tome I, 404p. avec tble. Avertissement, Introduction, pagin\u00e9s iv-xxviii. L&rsquo;\u00e9loge d&rsquo;Euler (28p.) Tome II, 412p. avec tble. Rousseurs continues pour les deux volumes.\u00a0Des frottements \u00e0 la reliure mais propres, int\u00e8gres. Bien fermes.<\/p>","protected":false},"excerpt":{"rendered":"<p>Lettres d&rsquo;Euler \u00e0 une princesse d&rsquo;Allemagne sur divers sujets de physique et de philosophie Accompagn\u00e9s de l&rsquo;\u00c9loge d&rsquo;Euler par Condorcet et de 215 figures grav\u00e9es sur bois intercal\u00e9es dans le texte Avec une introduction et des notes par \u00c9mile Saisset, 2 tomes, Charpentier, libraire-\u00e9diteur. 1859. Plein chagrin vert deux tons, dos \u00e0 faux-nerfs orn\u00e9 des &#8230; <a title=\"Lettres d&rsquo;Euler \u00e0 une princesse d&rsquo;Allemagne sur divers sujets de physique et de philosophie\" class=\"read-more\" href=\"https:\/\/www.livresentre2actions.fr\/en\/product\/lettres-deuler-a-une-princesse-dallemagne-sur-divers-sujets-de-physique-et-de-philosophie\/\" aria-label=\"Read more about Lettres d&rsquo;Euler \u00e0 une princesse d&rsquo;Allemagne sur divers sujets de physique et de philosophie\">Read more<\/a><\/p>","protected":false},"featured_media":18389,"template":"","meta":{"_eb_attr":""},"product_brand":[],"product_cat":[36,71,69],"product_tag":[86],"class_list":{"0":"post-18388","1":"product","2":"type-product","3":"status-publish","4":"has-post-thumbnail","6":"product_cat-entre-le-xviiieme-et-le-xixeme-siecle","7":"product_cat-illustres-modernes-editions-originales-signees-numerotees","8":"product_cat-sciences-et-techniques","9":"product_tag-illustre","10":"sales-flash-overlay","11":"woocommerce-text-align-center","12":"woocommerce-image-align-center","13":"wc-has-gallery","15":"first","16":"instock","17":"taxable","18":"shipping-taxable","19":"purchasable","20":"product-type-simple"},"aioseo_notices":[],"_links":{"self":[{"href":"https:\/\/www.livresentre2actions.fr\/en\/wp-json\/wp\/v2\/product\/18388","targetHints":{"allow":["GET"]}}],"collection":[{"href":"https:\/\/www.livresentre2actions.fr\/en\/wp-json\/wp\/v2\/product"}],"about":[{"href":"https:\/\/www.livresentre2actions.fr\/en\/wp-json\/wp\/v2\/types\/product"}],"wp:featuredmedia":[{"embeddable":true,"href":"https:\/\/www.livresentre2actions.fr\/en\/wp-json\/wp\/v2\/media\/18389"}],"wp:attachment":[{"href":"https:\/\/www.livresentre2actions.fr\/en\/wp-json\/wp\/v2\/media?parent=18388"}],"wp:term":[{"taxonomy":"product_brand","embeddable":true,"href":"https:\/\/www.livresentre2actions.fr\/en\/wp-json\/wp\/v2\/product_brand?post=18388"},{"taxonomy":"product_cat","embeddable":true,"href":"https:\/\/www.livresentre2actions.fr\/en\/wp-json\/wp\/v2\/product_cat?post=18388"},{"taxonomy":"product_tag","embeddable":true,"href":"https:\/\/www.livresentre2actions.fr\/en\/wp-json\/wp\/v2\/product_tag?post=18388"}],"curies":[{"name":"wp","href":"https:\/\/api.w.org\/{rel}","templated":true}]}}