{"id":18334,"date":"2026-01-23T17:15:58","date_gmt":"2026-01-23T16:15:58","guid":{"rendered":"https:\/\/www.livresentre2actions.fr\/?post_type=product&#038;p=18334"},"modified":"2026-01-25T17:25:40","modified_gmt":"2026-01-25T16:25:40","slug":"botanique-adrien-de-jussieu","status":"publish","type":"product","link":"https:\/\/www.livresentre2actions.fr\/en\/product\/botanique-adrien-de-jussieu\/","title":{"rendered":"Botanique, Adrien de Jussieu"},"content":{"rendered":"<p>Cours \u00e9l\u00e9mentaire d&rsquo;histoire naturelle \u00e0 l&rsquo;usage des lyc\u00e9es, coll\u00e8ges, s\u00e9minaires et maisons d&rsquo;\u00e9ducation &#8211; Garnier fr\u00e8res, Victor Masson. Demie-basane lie de vin, dos long orn\u00e9 du titre et de l&rsquo;auteur, de liser\u00e9s et fleuronn\u00e9, 184 x 122, 561p. avec tble. Nouvelle \u00e9dition, 1865.\u00a0 812 figures, 3 tableaux d\u00e9pliantes. Rousseurs marginales, pr\u00e9sentes sur tranches. Dos pass\u00e9, sinon reliure frott\u00e9e mais bonne.<\/p>","protected":false},"excerpt":{"rendered":"<p>Cours \u00e9l\u00e9mentaire d&rsquo;histoire naturelle \u00e0 l&rsquo;usage des lyc\u00e9es, coll\u00e8ges, s\u00e9minaires et maisons d&rsquo;\u00e9ducation &#8211; Garnier fr\u00e8res, Victor Masson. Demie-basane lie de vin, dos long orn\u00e9 du titre et de l&rsquo;auteur, de liser\u00e9s et fleuronn\u00e9, 184 x 122, 561p. avec tble. Nouvelle \u00e9dition, 1865.\u00a0 812 figures, 3 tableaux d\u00e9pliantes. Rousseurs marginales, pr\u00e9sentes sur tranches. Dos pass\u00e9, &#8230; <a title=\"Botanique, Adrien de Jussieu\" class=\"read-more\" href=\"https:\/\/www.livresentre2actions.fr\/en\/product\/botanique-adrien-de-jussieu\/\" aria-label=\"Read more about Botanique, Adrien de Jussieu\">Read more<\/a><\/p>","protected":false},"featured_media":18335,"template":"","meta":{"_eb_attr":""},"product_brand":[],"product_cat":[36,71,69],"product_tag":[86],"class_list":{"0":"post-18334","1":"product","2":"type-product","3":"status-publish","4":"has-post-thumbnail","6":"product_cat-entre-le-xviiieme-et-le-xixeme-siecle","7":"product_cat-illustres-modernes-editions-originales-signees-numerotees","8":"product_cat-sciences-et-techniques","9":"product_tag-illustre","10":"sales-flash-overlay","11":"woocommerce-text-align-center","12":"woocommerce-image-align-center","13":"wc-has-gallery","15":"first","16":"instock","17":"taxable","18":"shipping-taxable","19":"purchasable","20":"product-type-simple"},"aioseo_notices":[],"_links":{"self":[{"href":"https:\/\/www.livresentre2actions.fr\/en\/wp-json\/wp\/v2\/product\/18334","targetHints":{"allow":["GET"]}}],"collection":[{"href":"https:\/\/www.livresentre2actions.fr\/en\/wp-json\/wp\/v2\/product"}],"about":[{"href":"https:\/\/www.livresentre2actions.fr\/en\/wp-json\/wp\/v2\/types\/product"}],"wp:featuredmedia":[{"embeddable":true,"href":"https:\/\/www.livresentre2actions.fr\/en\/wp-json\/wp\/v2\/media\/18335"}],"wp:attachment":[{"href":"https:\/\/www.livresentre2actions.fr\/en\/wp-json\/wp\/v2\/media?parent=18334"}],"wp:term":[{"taxonomy":"product_brand","embeddable":true,"href":"https:\/\/www.livresentre2actions.fr\/en\/wp-json\/wp\/v2\/product_brand?post=18334"},{"taxonomy":"product_cat","embeddable":true,"href":"https:\/\/www.livresentre2actions.fr\/en\/wp-json\/wp\/v2\/product_cat?post=18334"},{"taxonomy":"product_tag","embeddable":true,"href":"https:\/\/www.livresentre2actions.fr\/en\/wp-json\/wp\/v2\/product_tag?post=18334"}],"curies":[{"name":"wp","href":"https:\/\/api.w.org\/{rel}","templated":true}]}}