{"id":18222,"date":"2026-01-24T16:45:30","date_gmt":"2026-01-24T15:45:30","guid":{"rendered":"https:\/\/www.livresentre2actions.fr\/?post_type=product&#038;p=18222"},"modified":"2026-01-24T16:47:19","modified_gmt":"2026-01-24T15:47:19","slug":"petite-biographie-militaire-raban-louis-francois","status":"publish","type":"product","link":"https:\/\/www.livresentre2actions.fr\/en\/product\/petite-biographie-militaire-raban-louis-francois\/","title":{"rendered":"Petite biographie militaire, Raban [Louis-Fran\u00e7ois]"},"content":{"rendered":"<p>H. Langlois fils &amp; Cie &#8211; Petit broch\u00e9 quasi miniature, 112 x 70, 124p. 1826. Edition originale de ce texte peu courant en forme d\u2019ab\u00e9c\u00e9daire, les biographies \u00e9tant class\u00e9es par ordre alphab\u00e9tique des noms.<\/p>\n<p>Exemplaire insol\u00e9s, un peu gris\u00e9, l\u00e9g\u00e8rement roussi, avec petits manques en t\u00eate et pied de dos. Romancier, essayiste et pamphl\u00e9taire, Raban publia sous diff\u00e9rents pseudonymes dont notamment \u00ab\u00a0le\u00a0comte de Barins\u00a0\u00bb, \u00ab\u00a0un descendant de Rivarol\u00a0\u00bb ou \u00ab\u00a0Robert Macaire\u00a0\u00bb. \u00c0 19 ans, il s\u2019engage dans les artilleurs, participe \u00e0 la d\u00e9fense de Paris. Ce fut un grand partisan de Napol\u00e9on.<\/p>","protected":false},"excerpt":{"rendered":"<p>H. Langlois fils &amp; Cie &#8211; Petit broch\u00e9 quasi miniature, 112 x 70, 124p. 1826. Edition originale de ce texte peu courant en forme d\u2019ab\u00e9c\u00e9daire, les biographies \u00e9tant class\u00e9es par ordre alphab\u00e9tique des noms. Exemplaire insol\u00e9s, un peu gris\u00e9, l\u00e9g\u00e8rement roussi, avec petits manques en t\u00eate et pied de dos. Romancier, essayiste et pamphl\u00e9taire, Raban &#8230; <a title=\"Petite biographie militaire, Raban [Louis-Fran\u00e7ois]\" class=\"read-more\" href=\"https:\/\/www.livresentre2actions.fr\/en\/product\/petite-biographie-militaire-raban-louis-francois\/\" aria-label=\"Read more about Petite biographie militaire, Raban [Louis-Fran\u00e7ois]\">Read more<\/a><\/p>","protected":false},"featured_media":18223,"template":"","meta":{"_eb_attr":""},"product_brand":[],"product_cat":[36,71,73],"product_tag":[],"class_list":{"0":"post-18222","1":"product","2":"type-product","3":"status-publish","4":"has-post-thumbnail","6":"product_cat-entre-le-xviiieme-et-le-xixeme-siecle","7":"product_cat-illustres-modernes-editions-originales-signees-numerotees","8":"product_cat-histoires-et-recits-de-voyage","9":"sales-flash-overlay","10":"woocommerce-text-align-center","11":"woocommerce-image-align-center","12":"wc-has-gallery","14":"first","15":"instock","16":"taxable","17":"shipping-taxable","18":"purchasable","19":"product-type-simple"},"aioseo_notices":[],"_links":{"self":[{"href":"https:\/\/www.livresentre2actions.fr\/en\/wp-json\/wp\/v2\/product\/18222","targetHints":{"allow":["GET"]}}],"collection":[{"href":"https:\/\/www.livresentre2actions.fr\/en\/wp-json\/wp\/v2\/product"}],"about":[{"href":"https:\/\/www.livresentre2actions.fr\/en\/wp-json\/wp\/v2\/types\/product"}],"wp:featuredmedia":[{"embeddable":true,"href":"https:\/\/www.livresentre2actions.fr\/en\/wp-json\/wp\/v2\/media\/18223"}],"wp:attachment":[{"href":"https:\/\/www.livresentre2actions.fr\/en\/wp-json\/wp\/v2\/media?parent=18222"}],"wp:term":[{"taxonomy":"product_brand","embeddable":true,"href":"https:\/\/www.livresentre2actions.fr\/en\/wp-json\/wp\/v2\/product_brand?post=18222"},{"taxonomy":"product_cat","embeddable":true,"href":"https:\/\/www.livresentre2actions.fr\/en\/wp-json\/wp\/v2\/product_cat?post=18222"},{"taxonomy":"product_tag","embeddable":true,"href":"https:\/\/www.livresentre2actions.fr\/en\/wp-json\/wp\/v2\/product_tag?post=18222"}],"curies":[{"name":"wp","href":"https:\/\/api.w.org\/{rel}","templated":true}]}}