{"id":18210,"date":"2026-01-20T15:24:45","date_gmt":"2026-01-20T14:24:45","guid":{"rendered":"https:\/\/www.livresentre2actions.fr\/?post_type=product&#038;p=18210"},"modified":"2026-02-15T17:01:44","modified_gmt":"2026-02-15T16:01:44","slug":"les-fadas-de-la-petanque-francis-huger-illustre-par-dubout","status":"publish","type":"product","link":"https:\/\/www.livresentre2actions.fr\/en\/product\/les-fadas-de-la-petanque-francis-huger-illustre-par-dubout\/","title":{"rendered":"Les fadas de la p\u00e9tanque, Francis Huger, illustr\u00e9 par Dubout"},"content":{"rendered":"<p>\u00c9ditions Pastorelli &#8211;\u00a0Broch\u00e9, 203 x 153, 222p. avec tble. 1963. Exemplaire l\u00e9g\u00e8rement insol\u00e9 mais tr\u00e8s bon, propre, int\u00e8gre, bien ferme. Non coup\u00e9.<\/p>","protected":false},"excerpt":{"rendered":"<p>\u00c9ditions Pastorelli &#8211;\u00a0Broch\u00e9, 203 x 153, 222p. avec tble. 1963. Exemplaire l\u00e9g\u00e8rement insol\u00e9 mais tr\u00e8s bon, propre, int\u00e8gre, bien ferme. Non coup\u00e9.<\/p>","protected":false},"featured_media":18211,"template":"","meta":{"_eb_attr":""},"product_brand":[],"product_cat":[37,72,71],"product_tag":[86],"class_list":{"0":"post-18210","1":"product","2":"type-product","3":"status-publish","4":"has-post-thumbnail","6":"product_cat-a-partir-du-xxeme-siecle","7":"product_cat-divers","8":"product_cat-illustres-modernes-editions-originales-signees-numerotees","9":"product_tag-illustre","10":"sales-flash-overlay","11":"woocommerce-text-align-center","12":"woocommerce-image-align-center","14":"first","15":"outofstock","16":"taxable","17":"shipping-taxable","18":"purchasable","19":"product-type-simple"},"aioseo_notices":[],"_links":{"self":[{"href":"https:\/\/www.livresentre2actions.fr\/en\/wp-json\/wp\/v2\/product\/18210","targetHints":{"allow":["GET"]}}],"collection":[{"href":"https:\/\/www.livresentre2actions.fr\/en\/wp-json\/wp\/v2\/product"}],"about":[{"href":"https:\/\/www.livresentre2actions.fr\/en\/wp-json\/wp\/v2\/types\/product"}],"wp:featuredmedia":[{"embeddable":true,"href":"https:\/\/www.livresentre2actions.fr\/en\/wp-json\/wp\/v2\/media\/18211"}],"wp:attachment":[{"href":"https:\/\/www.livresentre2actions.fr\/en\/wp-json\/wp\/v2\/media?parent=18210"}],"wp:term":[{"taxonomy":"product_brand","embeddable":true,"href":"https:\/\/www.livresentre2actions.fr\/en\/wp-json\/wp\/v2\/product_brand?post=18210"},{"taxonomy":"product_cat","embeddable":true,"href":"https:\/\/www.livresentre2actions.fr\/en\/wp-json\/wp\/v2\/product_cat?post=18210"},{"taxonomy":"product_tag","embeddable":true,"href":"https:\/\/www.livresentre2actions.fr\/en\/wp-json\/wp\/v2\/product_tag?post=18210"}],"curies":[{"name":"wp","href":"https:\/\/api.w.org\/{rel}","templated":true}]}}