{"id":18172,"date":"2026-01-20T14:06:34","date_gmt":"2026-01-20T13:06:34","guid":{"rendered":"https:\/\/www.livresentre2actions.fr\/?post_type=product&#038;p=18172"},"modified":"2026-01-20T14:06:35","modified_gmt":"2026-01-20T13:06:35","slug":"fragmens-psychologiques-sur-la-folie-francois-leuret","status":"publish","type":"product","link":"https:\/\/www.livresentre2actions.fr\/en\/product\/fragmens-psychologiques-sur-la-folie-francois-leuret\/","title":{"rendered":"Fragmens psychologiques sur la folie, Fran\u00e7ois Leuret"},"content":{"rendered":"<p>Crochard Libraire-\u00e9diteur Broch\u00e9, 210 x 140, 426p. 1834. tble en d\u00e9but de volume. Edition originale pour ces travaux d\u2019un pr\u00e9curseur de la psychiatrie, \u00e9galement m\u00e9decin et important anatomiste du cerveau notamment. Exemplaire sans premi\u00e8re de couverture, avec son dos et sa quatri\u00e8me de couverture qui pr\u00e9sentent de petits accidents. Les deux premiers feuillets (faux-titre et titre) se d\u00e9tachent. Exemplaire r\u00e9form\u00e9 de biblioth\u00e8que, avec code barr\u00e9 et tampon au faux-titre, tampon au titre. Int\u00e9rieur propre.<\/p>","protected":false},"excerpt":{"rendered":"<p>Crochard Libraire-\u00e9diteur Broch\u00e9, 210 x 140, 426p. 1834. tble en d\u00e9but de volume. Edition originale pour ces travaux d\u2019un pr\u00e9curseur de la psychiatrie, \u00e9galement m\u00e9decin et important anatomiste du cerveau notamment. Exemplaire sans premi\u00e8re de couverture, avec son dos et sa quatri\u00e8me de couverture qui pr\u00e9sentent de petits accidents. Les deux premiers feuillets (faux-titre et &#8230; <a title=\"Fragmens psychologiques sur la folie, Fran\u00e7ois Leuret\" class=\"read-more\" href=\"https:\/\/www.livresentre2actions.fr\/en\/product\/fragmens-psychologiques-sur-la-folie-francois-leuret\/\" aria-label=\"Read more about Fragmens psychologiques sur la folie, Fran\u00e7ois Leuret\">Read more<\/a><\/p>","protected":false},"featured_media":18173,"template":"","meta":{"_eb_attr":""},"product_brand":[],"product_cat":[36,71,70],"product_tag":[],"class_list":{"0":"post-18172","1":"product","2":"type-product","3":"status-publish","4":"has-post-thumbnail","6":"product_cat-entre-le-xviiieme-et-le-xixeme-siecle","7":"product_cat-illustres-modernes-editions-originales-signees-numerotees","8":"product_cat-medecine-et-nature","9":"sales-flash-overlay","10":"woocommerce-text-align-center","11":"woocommerce-image-align-center","12":"wc-has-gallery","14":"first","15":"instock","16":"taxable","17":"shipping-taxable","18":"purchasable","19":"product-type-simple"},"aioseo_notices":[],"_links":{"self":[{"href":"https:\/\/www.livresentre2actions.fr\/en\/wp-json\/wp\/v2\/product\/18172","targetHints":{"allow":["GET"]}}],"collection":[{"href":"https:\/\/www.livresentre2actions.fr\/en\/wp-json\/wp\/v2\/product"}],"about":[{"href":"https:\/\/www.livresentre2actions.fr\/en\/wp-json\/wp\/v2\/types\/product"}],"wp:featuredmedia":[{"embeddable":true,"href":"https:\/\/www.livresentre2actions.fr\/en\/wp-json\/wp\/v2\/media\/18173"}],"wp:attachment":[{"href":"https:\/\/www.livresentre2actions.fr\/en\/wp-json\/wp\/v2\/media?parent=18172"}],"wp:term":[{"taxonomy":"product_brand","embeddable":true,"href":"https:\/\/www.livresentre2actions.fr\/en\/wp-json\/wp\/v2\/product_brand?post=18172"},{"taxonomy":"product_cat","embeddable":true,"href":"https:\/\/www.livresentre2actions.fr\/en\/wp-json\/wp\/v2\/product_cat?post=18172"},{"taxonomy":"product_tag","embeddable":true,"href":"https:\/\/www.livresentre2actions.fr\/en\/wp-json\/wp\/v2\/product_tag?post=18172"}],"curies":[{"name":"wp","href":"https:\/\/api.w.org\/{rel}","templated":true}]}}