{"id":18156,"date":"2026-01-20T13:53:58","date_gmt":"2026-01-20T12:53:58","guid":{"rendered":"https:\/\/www.livresentre2actions.fr\/?post_type=product&#038;p=18156"},"modified":"2026-01-20T13:53:59","modified_gmt":"2026-01-20T12:53:59","slug":"bref-de-sa-saintete-le-pape-gregoire-xvi-au-conseil-general-de-la-societe-saint-vincent-de-paul","status":"publish","type":"product","link":"https:\/\/www.livresentre2actions.fr\/en\/product\/bref-de-sa-saintete-le-pape-gregoire-xvi-au-conseil-general-de-la-societe-saint-vincent-de-paul\/","title":{"rendered":"Bref de sa Saintet\u00e9 le pape Gr\u00e9goire XVI au Conseil g\u00e9n\u00e9ral de la Soci\u00e9t\u00e9 Saint-Vincent de Paul"},"content":{"rendered":"<p>Bref de sa Saintet\u00e9 le pape Gr\u00e9goire XVI au Conseil g\u00e9n\u00e9ral de la Soci\u00e9t\u00e9 Saint-Vincent de Paul<\/p>\n<p>A. Card. Lambruschini &#8211; Imp. E. J. Bailly, Place Sorbonne<\/p>\n<p>Broch\u00e9 issu de reliure, 207 x 130, 48p. 1845. Comprend plusieurs textes \u00e0 la suite dans une seule pagination : le Bref, 4p. Puis Gr\u00e9goire XVI, pape. Afin d\u2019en perp\u00e9tuer la m\u00e9moire, du m\u00eame auteur, 4p. Puis : Ordonnances d\u2019exaquatur de NN. SS. Les archev\u00eaques et \u00e9v\u00eaques de France, 24p. Puis : Instruction 1. Des indulgences en g\u00e9n\u00e9ral, 8p. Par F. Dupanloup. Puis Bref suppl\u00e9mentaire Gregorius PP. XVI, 2p. A. Card. Lambruschini, puis Gr\u00e9goire XVI, pape. Afin d\u2019en perp\u00e9tuer la m\u00e9moire, du m\u00eame auteur,(pas le m\u00eame texte que pr\u00e9c\u00e9demment), 3p. In fine : Instruction sur les indulgences accord\u00e9es aux bienfaiteurs de la soci\u00e9t\u00e9 de Saint-Vincent de Paul. Rousseurs fortes en d\u00e9but, puis plus marginales. 2 premiers feuillets d\u00e9tach\u00e9s.<\/p>","protected":false},"excerpt":{"rendered":"<p>Bref de sa Saintet\u00e9 le pape Gr\u00e9goire XVI au Conseil g\u00e9n\u00e9ral de la Soci\u00e9t\u00e9 Saint-Vincent de Paul A. Card. Lambruschini &#8211; Imp. E. J. Bailly, Place Sorbonne Broch\u00e9 issu de reliure, 207 x 130, 48p. 1845. Comprend plusieurs textes \u00e0 la suite dans une seule pagination : le Bref, 4p. Puis Gr\u00e9goire XVI, pape. Afin &#8230; <a title=\"Bref de sa Saintet\u00e9 le pape Gr\u00e9goire XVI au Conseil g\u00e9n\u00e9ral de la Soci\u00e9t\u00e9 Saint-Vincent de Paul\" class=\"read-more\" href=\"https:\/\/www.livresentre2actions.fr\/en\/product\/bref-de-sa-saintete-le-pape-gregoire-xvi-au-conseil-general-de-la-societe-saint-vincent-de-paul\/\" aria-label=\"Read more about Bref de sa Saintet\u00e9 le pape Gr\u00e9goire XVI au Conseil g\u00e9n\u00e9ral de la Soci\u00e9t\u00e9 Saint-Vincent de Paul\">Read more<\/a><\/p>","protected":false},"featured_media":18158,"template":"","meta":{"_eb_attr":""},"product_brand":[],"product_cat":[36,68],"product_tag":[],"class_list":{"0":"post-18156","1":"product","2":"type-product","3":"status-publish","4":"has-post-thumbnail","6":"product_cat-entre-le-xviiieme-et-le-xixeme-siecle","7":"product_cat-religion-spiritualite","8":"sales-flash-overlay","9":"woocommerce-text-align-center","10":"woocommerce-image-align-center","11":"wc-has-gallery","13":"first","14":"instock","15":"taxable","16":"shipping-taxable","17":"purchasable","18":"product-type-simple"},"aioseo_notices":[],"_links":{"self":[{"href":"https:\/\/www.livresentre2actions.fr\/en\/wp-json\/wp\/v2\/product\/18156","targetHints":{"allow":["GET"]}}],"collection":[{"href":"https:\/\/www.livresentre2actions.fr\/en\/wp-json\/wp\/v2\/product"}],"about":[{"href":"https:\/\/www.livresentre2actions.fr\/en\/wp-json\/wp\/v2\/types\/product"}],"wp:featuredmedia":[{"embeddable":true,"href":"https:\/\/www.livresentre2actions.fr\/en\/wp-json\/wp\/v2\/media\/18158"}],"wp:attachment":[{"href":"https:\/\/www.livresentre2actions.fr\/en\/wp-json\/wp\/v2\/media?parent=18156"}],"wp:term":[{"taxonomy":"product_brand","embeddable":true,"href":"https:\/\/www.livresentre2actions.fr\/en\/wp-json\/wp\/v2\/product_brand?post=18156"},{"taxonomy":"product_cat","embeddable":true,"href":"https:\/\/www.livresentre2actions.fr\/en\/wp-json\/wp\/v2\/product_cat?post=18156"},{"taxonomy":"product_tag","embeddable":true,"href":"https:\/\/www.livresentre2actions.fr\/en\/wp-json\/wp\/v2\/product_tag?post=18156"}],"curies":[{"name":"wp","href":"https:\/\/api.w.org\/{rel}","templated":true}]}}