{"id":18152,"date":"2026-01-20T13:45:37","date_gmt":"2026-01-20T12:45:37","guid":{"rendered":"https:\/\/www.livresentre2actions.fr\/?post_type=product&#038;p=18152"},"modified":"2026-01-20T13:45:41","modified_gmt":"2026-01-20T12:45:41","slug":"exhortation-en-faveur-des-salles-dasile-prononcee-en-leglise-de-la-magdeleine","status":"publish","type":"product","link":"https:\/\/www.livresentre2actions.fr\/en\/product\/exhortation-en-faveur-des-salles-dasile-prononcee-en-leglise-de-la-magdeleine\/","title":{"rendered":"Exhortation en faveur des salles d\u2019asile prononc\u00e9e en l\u2019\u00e9glise de la Magdeleine"},"content":{"rendered":"<p>Exhortation en faveur des salles d\u2019asile prononc\u00e9e en l\u2019\u00e9glise de la Magdeleine le 28 d\u00e9cembre 1845 Lille, Imprimerie de L. Lefort &#8211;<\/p>\n<p>Broch\u00e9 issu de reliure, 207 x 130, 16p. 1845. Rousseurs ,en premi\u00e8re et derni\u00e8re page, sinon propre. In fine adresse du pr\u00e9sident et de la vice-pr\u00e9sidente de l\u2019oeuvre. Naissance des salles d&rsquo;asile en France en 1826\u00a0; et en\u00a01836, elles sont class\u00e9es parmi les \u00e9coles relevant du minist\u00e8re de l&rsquo;instruction publique.<\/p>","protected":false},"excerpt":{"rendered":"<p>Exhortation en faveur des salles d\u2019asile prononc\u00e9e en l\u2019\u00e9glise de la Magdeleine le 28 d\u00e9cembre 1845 Lille, Imprimerie de L. Lefort &#8211; Broch\u00e9 issu de reliure, 207 x 130, 16p. 1845. Rousseurs ,en premi\u00e8re et derni\u00e8re page, sinon propre. In fine adresse du pr\u00e9sident et de la vice-pr\u00e9sidente de l\u2019oeuvre. Naissance des salles d&rsquo;asile en &#8230; <a title=\"Exhortation en faveur des salles d\u2019asile prononc\u00e9e en l\u2019\u00e9glise de la Magdeleine\" class=\"read-more\" href=\"https:\/\/www.livresentre2actions.fr\/en\/product\/exhortation-en-faveur-des-salles-dasile-prononcee-en-leglise-de-la-magdeleine\/\" aria-label=\"Read more about Exhortation en faveur des salles d\u2019asile prononc\u00e9e en l\u2019\u00e9glise de la Magdeleine\">Read more<\/a><\/p>","protected":false},"featured_media":18153,"template":"","meta":{"_eb_attr":""},"product_brand":[],"product_cat":[36,81,73,68],"product_tag":[],"class_list":{"0":"post-18152","1":"product","2":"type-product","3":"status-publish","4":"has-post-thumbnail","6":"product_cat-entre-le-xviiieme-et-le-xixeme-siecle","7":"product_cat-hauts-de-france","8":"product_cat-histoires-et-recits-de-voyage","9":"product_cat-religion-spiritualite","10":"sales-flash-overlay","11":"woocommerce-text-align-center","12":"woocommerce-image-align-center","13":"wc-has-gallery","15":"first","16":"instock","17":"taxable","18":"shipping-taxable","19":"purchasable","20":"product-type-simple"},"aioseo_notices":[],"_links":{"self":[{"href":"https:\/\/www.livresentre2actions.fr\/en\/wp-json\/wp\/v2\/product\/18152","targetHints":{"allow":["GET"]}}],"collection":[{"href":"https:\/\/www.livresentre2actions.fr\/en\/wp-json\/wp\/v2\/product"}],"about":[{"href":"https:\/\/www.livresentre2actions.fr\/en\/wp-json\/wp\/v2\/types\/product"}],"wp:featuredmedia":[{"embeddable":true,"href":"https:\/\/www.livresentre2actions.fr\/en\/wp-json\/wp\/v2\/media\/18153"}],"wp:attachment":[{"href":"https:\/\/www.livresentre2actions.fr\/en\/wp-json\/wp\/v2\/media?parent=18152"}],"wp:term":[{"taxonomy":"product_brand","embeddable":true,"href":"https:\/\/www.livresentre2actions.fr\/en\/wp-json\/wp\/v2\/product_brand?post=18152"},{"taxonomy":"product_cat","embeddable":true,"href":"https:\/\/www.livresentre2actions.fr\/en\/wp-json\/wp\/v2\/product_cat?post=18152"},{"taxonomy":"product_tag","embeddable":true,"href":"https:\/\/www.livresentre2actions.fr\/en\/wp-json\/wp\/v2\/product_tag?post=18152"}],"curies":[{"name":"wp","href":"https:\/\/api.w.org\/{rel}","templated":true}]}}