{"id":18137,"date":"2026-01-20T13:29:48","date_gmt":"2026-01-20T12:29:48","guid":{"rendered":"https:\/\/www.livresentre2actions.fr\/?post_type=product&#038;p=18137"},"modified":"2026-01-20T13:29:53","modified_gmt":"2026-01-20T12:29:53","slug":"colonie-agricole-au-mesnil-saint-firmin","status":"publish","type":"product","link":"https:\/\/www.livresentre2actions.fr\/en\/product\/colonie-agricole-au-mesnil-saint-firmin\/","title":{"rendered":"Colonie agricole Au Mesnil-Saint-Firmin"},"content":{"rendered":"<p>Soci\u00e9t\u00e9 d\u2019adoption pour les enfants trouv\u00e9s, abandonn\u00e9s et orphelins pauvres. Colonie agricole Au Mesnil-Saint-Firmin, pr\u00e8s Breteuil, arrondissement de Clermont (Oise). 1er compte-rendu (1843-1845)<\/p>\n<p>Bureaux de la soci\u00e9t\u00e9, Paris &#8211; Brochure issue de reliure, 206 x 130. 32p. 1845. Comprend\u00a0: le conseil d\u2019administration, 1er compte-rendu de la soci\u00e9t\u00e9 d\u2019adoption, tableau de la culture pour 1845, ou encore tableau des recettes et d\u00e9penses, statuts, liste des membres. Rousseurs mais bon \u00e9tat. Cr\u00e9\u00e9e en 1843 sur l\u2019initiative Mr. Bazin, la Maison d\u2019Enfants au Mesnil Saint Firmin lance d\u00e8s son origine la colonie agricole, et confie l\u2019\u00e9ducation et l\u2019enseignement \u00e0 \u00a0S\u0153ur Anne Marie Javouhey, fondatrice de la Congr\u00e9gation des Soeurs de Saint Joseph de Cluny.<\/p>","protected":false},"excerpt":{"rendered":"<p>Soci\u00e9t\u00e9 d\u2019adoption pour les enfants trouv\u00e9s, abandonn\u00e9s et orphelins pauvres. Colonie agricole Au Mesnil-Saint-Firmin, pr\u00e8s Breteuil, arrondissement de Clermont (Oise). 1er compte-rendu (1843-1845) Bureaux de la soci\u00e9t\u00e9, Paris &#8211; Brochure issue de reliure, 206 x 130. 32p. 1845. Comprend\u00a0: le conseil d\u2019administration, 1er compte-rendu de la soci\u00e9t\u00e9 d\u2019adoption, tableau de la culture pour 1845, ou &#8230; <a title=\"Colonie agricole Au Mesnil-Saint-Firmin\" class=\"read-more\" href=\"https:\/\/www.livresentre2actions.fr\/en\/product\/colonie-agricole-au-mesnil-saint-firmin\/\" aria-label=\"Read more about Colonie agricole Au Mesnil-Saint-Firmin\">Read more<\/a><\/p>","protected":false},"featured_media":18138,"template":"","meta":{"_eb_attr":""},"product_brand":[],"product_cat":[36,81,73,68],"product_tag":[],"class_list":{"0":"post-18137","1":"product","2":"type-product","3":"status-publish","4":"has-post-thumbnail","6":"product_cat-entre-le-xviiieme-et-le-xixeme-siecle","7":"product_cat-hauts-de-france","8":"product_cat-histoires-et-recits-de-voyage","9":"product_cat-religion-spiritualite","10":"sales-flash-overlay","11":"woocommerce-text-align-center","12":"woocommerce-image-align-center","13":"wc-has-gallery","15":"first","16":"instock","17":"taxable","18":"shipping-taxable","19":"purchasable","20":"product-type-simple"},"aioseo_notices":[],"_links":{"self":[{"href":"https:\/\/www.livresentre2actions.fr\/en\/wp-json\/wp\/v2\/product\/18137","targetHints":{"allow":["GET"]}}],"collection":[{"href":"https:\/\/www.livresentre2actions.fr\/en\/wp-json\/wp\/v2\/product"}],"about":[{"href":"https:\/\/www.livresentre2actions.fr\/en\/wp-json\/wp\/v2\/types\/product"}],"wp:featuredmedia":[{"embeddable":true,"href":"https:\/\/www.livresentre2actions.fr\/en\/wp-json\/wp\/v2\/media\/18138"}],"wp:attachment":[{"href":"https:\/\/www.livresentre2actions.fr\/en\/wp-json\/wp\/v2\/media?parent=18137"}],"wp:term":[{"taxonomy":"product_brand","embeddable":true,"href":"https:\/\/www.livresentre2actions.fr\/en\/wp-json\/wp\/v2\/product_brand?post=18137"},{"taxonomy":"product_cat","embeddable":true,"href":"https:\/\/www.livresentre2actions.fr\/en\/wp-json\/wp\/v2\/product_cat?post=18137"},{"taxonomy":"product_tag","embeddable":true,"href":"https:\/\/www.livresentre2actions.fr\/en\/wp-json\/wp\/v2\/product_tag?post=18137"}],"curies":[{"name":"wp","href":"https:\/\/api.w.org\/{rel}","templated":true}]}}