{"id":18039,"date":"2026-01-14T14:46:56","date_gmt":"2026-01-14T13:46:56","guid":{"rendered":"https:\/\/www.livresentre2actions.fr\/?post_type=product&#038;p=18039"},"modified":"2026-01-24T17:15:56","modified_gmt":"2026-01-24T16:15:56","slug":"le-chemin-de-damas-jerome-et-jean-tharaud","status":"publish","type":"product","link":"https:\/\/www.livresentre2actions.fr\/en\/product\/le-chemin-de-damas-jerome-et-jean-tharaud\/","title":{"rendered":"Le chemin de Damas, J\u00e9r\u00f4me et Jean Tharaud"},"content":{"rendered":"<p>Librairie Plon &#8211; Broch\u00e9, 190 x 123, 289p. 1923. \u00c9dition originale sur papier de fil, un des 50 non num\u00e9rot\u00e9s et non mis dans le commerce (tirage de 1300). Tr\u00e8s bon exemplaire, propre, int\u00e8gre, bien ferme.<\/p>","protected":false},"excerpt":{"rendered":"<p>Librairie Plon &#8211; Broch\u00e9, 190 x 123, 289p. 1923. \u00c9dition originale sur papier de fil, un des 50 non num\u00e9rot\u00e9s et non mis dans le commerce (tirage de 1300). Tr\u00e8s bon exemplaire, propre, int\u00e8gre, bien ferme.<\/p>","protected":false},"featured_media":18040,"template":"","meta":{"_eb_attr":""},"product_brand":[],"product_cat":[37,71,73,76],"product_tag":[],"class_list":{"0":"post-18039","1":"product","2":"type-product","3":"status-publish","4":"has-post-thumbnail","6":"product_cat-a-partir-du-xxeme-siecle","7":"product_cat-illustres-modernes-editions-originales-signees-numerotees","8":"product_cat-histoires-et-recits-de-voyage","9":"product_cat-poesie-theatre-prose","10":"sales-flash-overlay","11":"woocommerce-text-align-center","12":"woocommerce-image-align-center","13":"wc-has-gallery","15":"first","16":"instock","17":"taxable","18":"shipping-taxable","19":"purchasable","20":"product-type-simple"},"aioseo_notices":[],"_links":{"self":[{"href":"https:\/\/www.livresentre2actions.fr\/en\/wp-json\/wp\/v2\/product\/18039","targetHints":{"allow":["GET"]}}],"collection":[{"href":"https:\/\/www.livresentre2actions.fr\/en\/wp-json\/wp\/v2\/product"}],"about":[{"href":"https:\/\/www.livresentre2actions.fr\/en\/wp-json\/wp\/v2\/types\/product"}],"wp:featuredmedia":[{"embeddable":true,"href":"https:\/\/www.livresentre2actions.fr\/en\/wp-json\/wp\/v2\/media\/18040"}],"wp:attachment":[{"href":"https:\/\/www.livresentre2actions.fr\/en\/wp-json\/wp\/v2\/media?parent=18039"}],"wp:term":[{"taxonomy":"product_brand","embeddable":true,"href":"https:\/\/www.livresentre2actions.fr\/en\/wp-json\/wp\/v2\/product_brand?post=18039"},{"taxonomy":"product_cat","embeddable":true,"href":"https:\/\/www.livresentre2actions.fr\/en\/wp-json\/wp\/v2\/product_cat?post=18039"},{"taxonomy":"product_tag","embeddable":true,"href":"https:\/\/www.livresentre2actions.fr\/en\/wp-json\/wp\/v2\/product_tag?post=18039"}],"curies":[{"name":"wp","href":"https:\/\/api.w.org\/{rel}","templated":true}]}}