{"id":18020,"date":"2026-01-14T09:11:03","date_gmt":"2026-01-14T08:11:03","guid":{"rendered":"https:\/\/www.livresentre2actions.fr\/?post_type=product&#038;p=18020"},"modified":"2026-01-14T09:11:29","modified_gmt":"2026-01-14T08:11:29","slug":"miloula-la-negrillonne-hellele","status":"publish","type":"product","link":"https:\/\/www.livresentre2actions.fr\/en\/product\/miloula-la-negrillonne-hellele\/","title":{"rendered":"Miloula la N\u00e9grillonne, Hell\u00e8le"},"content":{"rendered":"<p>Gautier-Languereau<\/p>\n<p>Cartonnage \u00e0 dos toil\u00e9, plat sup\u00e9rieur illustr\u00e9 par Raymond de la N\u00e9zi\u00e8re, 313 x 228, 31p. Hors tble. 1929. Int\u00e9rieur propre. Pages 27 \u00e0 fin fragilis\u00e9e en pied. Charni\u00e8re sup\u00e9rieur ouverte. Plats frott\u00e9s, mais propres. Exemplaire bien ferme, recouvert avec soin.<\/p>","protected":false},"excerpt":{"rendered":"<p>Gautier-Languereau Cartonnage \u00e0 dos toil\u00e9, plat sup\u00e9rieur illustr\u00e9 par Raymond de la N\u00e9zi\u00e8re, 313 x 228, 31p. Hors tble. 1929. Int\u00e9rieur propre. Pages 27 \u00e0 fin fragilis\u00e9e en pied. Charni\u00e8re sup\u00e9rieur ouverte. Plats frott\u00e9s, mais propres. Exemplaire bien ferme, recouvert avec soin.<\/p>","protected":false},"featured_media":18021,"template":"","meta":{"_eb_attr":""},"product_brand":[],"product_cat":[37,78,71],"product_tag":[],"class_list":{"0":"post-18020","1":"product","2":"type-product","3":"status-publish","4":"has-post-thumbnail","6":"product_cat-a-partir-du-xxeme-siecle","7":"product_cat-enfantina","8":"product_cat-illustres-modernes-editions-originales-signees-numerotees","9":"sales-flash-overlay","10":"woocommerce-text-align-center","11":"woocommerce-image-align-center","12":"wc-has-gallery","14":"first","15":"instock","16":"taxable","17":"shipping-taxable","18":"purchasable","19":"product-type-simple"},"aioseo_notices":[],"_links":{"self":[{"href":"https:\/\/www.livresentre2actions.fr\/en\/wp-json\/wp\/v2\/product\/18020","targetHints":{"allow":["GET"]}}],"collection":[{"href":"https:\/\/www.livresentre2actions.fr\/en\/wp-json\/wp\/v2\/product"}],"about":[{"href":"https:\/\/www.livresentre2actions.fr\/en\/wp-json\/wp\/v2\/types\/product"}],"wp:featuredmedia":[{"embeddable":true,"href":"https:\/\/www.livresentre2actions.fr\/en\/wp-json\/wp\/v2\/media\/18021"}],"wp:attachment":[{"href":"https:\/\/www.livresentre2actions.fr\/en\/wp-json\/wp\/v2\/media?parent=18020"}],"wp:term":[{"taxonomy":"product_brand","embeddable":true,"href":"https:\/\/www.livresentre2actions.fr\/en\/wp-json\/wp\/v2\/product_brand?post=18020"},{"taxonomy":"product_cat","embeddable":true,"href":"https:\/\/www.livresentre2actions.fr\/en\/wp-json\/wp\/v2\/product_cat?post=18020"},{"taxonomy":"product_tag","embeddable":true,"href":"https:\/\/www.livresentre2actions.fr\/en\/wp-json\/wp\/v2\/product_tag?post=18020"}],"curies":[{"name":"wp","href":"https:\/\/api.w.org\/{rel}","templated":true}]}}