{"id":18007,"date":"2026-01-13T16:48:55","date_gmt":"2026-01-13T15:48:55","guid":{"rendered":"https:\/\/www.livresentre2actions.fr\/?post_type=product&#038;p=18007"},"modified":"2026-01-13T16:50:19","modified_gmt":"2026-01-13T15:50:19","slug":"the-book-of-the-cinema-foreword-by-francois-truffaut-2","status":"publish","type":"product","link":"https:\/\/www.livresentre2actions.fr\/en\/product\/the-book-of-the-cinema-foreword-by-francois-truffaut-2\/","title":{"rendered":"The Book of the Cinema, Foreword by Fran\u00e7ois Truffaut"},"content":{"rendered":"<p>Cartonnage \u00e9diteur sous jaquette, 312 x 240, 240p. avec index. 1979. A Chris Milsome Book. Int\u00e9rieur tr\u00e8s bon, propre et int\u00e8gre. Cartonnage tr\u00e8s bon, propre et int\u00e8gre. Jaquette l\u00e9g\u00e8rement frott\u00e9e mais propre et int\u00e8gre. Bel exemplaire bien ferme.<\/p>","protected":false},"excerpt":{"rendered":"<p>Cartonnage \u00e9diteur sous jaquette, 312 x 240, 240p. avec index. 1979. A Chris Milsome Book. Int\u00e9rieur tr\u00e8s bon, propre et int\u00e8gre. Cartonnage tr\u00e8s bon, propre et int\u00e8gre. Jaquette l\u00e9g\u00e8rement frott\u00e9e mais propre et int\u00e8gre. Bel exemplaire bien ferme.<\/p>","protected":false},"featured_media":18008,"template":"","meta":{"_eb_attr":""},"product_brand":[],"product_cat":[37,75,71],"product_tag":[86],"class_list":{"0":"post-18007","1":"product","2":"type-product","3":"status-publish","4":"has-post-thumbnail","6":"product_cat-a-partir-du-xxeme-siecle","7":"product_cat-art","8":"product_cat-illustres-modernes-editions-originales-signees-numerotees","9":"product_tag-illustre","10":"sales-flash-overlay","11":"woocommerce-text-align-center","12":"woocommerce-image-align-center","13":"wc-has-gallery","15":"first","16":"instock","17":"taxable","18":"shipping-taxable","19":"purchasable","20":"product-type-simple"},"aioseo_notices":[],"_links":{"self":[{"href":"https:\/\/www.livresentre2actions.fr\/en\/wp-json\/wp\/v2\/product\/18007","targetHints":{"allow":["GET"]}}],"collection":[{"href":"https:\/\/www.livresentre2actions.fr\/en\/wp-json\/wp\/v2\/product"}],"about":[{"href":"https:\/\/www.livresentre2actions.fr\/en\/wp-json\/wp\/v2\/types\/product"}],"wp:featuredmedia":[{"embeddable":true,"href":"https:\/\/www.livresentre2actions.fr\/en\/wp-json\/wp\/v2\/media\/18008"}],"wp:attachment":[{"href":"https:\/\/www.livresentre2actions.fr\/en\/wp-json\/wp\/v2\/media?parent=18007"}],"wp:term":[{"taxonomy":"product_brand","embeddable":true,"href":"https:\/\/www.livresentre2actions.fr\/en\/wp-json\/wp\/v2\/product_brand?post=18007"},{"taxonomy":"product_cat","embeddable":true,"href":"https:\/\/www.livresentre2actions.fr\/en\/wp-json\/wp\/v2\/product_cat?post=18007"},{"taxonomy":"product_tag","embeddable":true,"href":"https:\/\/www.livresentre2actions.fr\/en\/wp-json\/wp\/v2\/product_tag?post=18007"}],"curies":[{"name":"wp","href":"https:\/\/api.w.org\/{rel}","templated":true}]}}