{"id":17960,"date":"2026-01-13T16:12:54","date_gmt":"2026-01-13T15:12:54","guid":{"rendered":"https:\/\/www.livresentre2actions.fr\/?post_type=product&#038;p=17960"},"modified":"2026-01-13T16:12:55","modified_gmt":"2026-01-13T15:12:55","slug":"1914-1918-les-vandales-en-france-senlis-soissons-arras","status":"publish","type":"product","link":"https:\/\/www.livresentre2actions.fr\/en\/product\/1914-1918-les-vandales-en-france-senlis-soissons-arras\/","title":{"rendered":"1914-1918. Les Vandales en France. Senlis, Soissons, Arras&#8230;"},"content":{"rendered":"<p>L\u2019Art et les artistes, revue d\u2019art ancien et moderne Broch\u00e9, 308 x 210, 48p. Avec table. 1917. Textes de Louis R\u00e9au. 58 illustrations \u00e0 pleine page ou vignettes, ou dessins d\u2019ent\u00eate, lettrines, complet. Int\u00e9rieur avec quelques rousseurs, mais l\u00e9g\u00e8res, une gravure d\u00e9tach\u00e9e. Page de table avec coin de pied rogn\u00e9. Couvertures et dos propres et int\u00e8gres. Bon exemplaire bien ferme.<\/p>","protected":false},"excerpt":{"rendered":"<p>L\u2019Art et les artistes, revue d\u2019art ancien et moderne Broch\u00e9, 308 x 210, 48p. Avec table. 1917. Textes de Louis R\u00e9au. 58 illustrations \u00e0 pleine page ou vignettes, ou dessins d\u2019ent\u00eate, lettrines, complet. Int\u00e9rieur avec quelques rousseurs, mais l\u00e9g\u00e8res, une gravure d\u00e9tach\u00e9e. Page de table avec coin de pied rogn\u00e9. Couvertures et dos propres et &#8230; <a title=\"1914-1918. Les Vandales en France. Senlis, Soissons, Arras&#8230;\" class=\"read-more\" href=\"https:\/\/www.livresentre2actions.fr\/en\/product\/1914-1918-les-vandales-en-france-senlis-soissons-arras\/\" aria-label=\"Read more about 1914-1918. Les Vandales en France. Senlis, Soissons, Arras&#8230;\">Read more<\/a><\/p>","protected":false},"featured_media":17962,"template":"","meta":{"_eb_attr":""},"product_brand":[],"product_cat":[37,74,71,81,73],"product_tag":[],"class_list":{"0":"post-17960","1":"product","2":"type-product","3":"status-publish","4":"has-post-thumbnail","6":"product_cat-a-partir-du-xxeme-siecle","7":"product_cat-collections","8":"product_cat-illustres-modernes-editions-originales-signees-numerotees","9":"product_cat-hauts-de-france","10":"product_cat-histoires-et-recits-de-voyage","11":"sales-flash-overlay","12":"woocommerce-text-align-center","13":"woocommerce-image-align-center","14":"wc-has-gallery","16":"first","17":"instock","18":"taxable","19":"shipping-taxable","20":"purchasable","21":"product-type-simple"},"aioseo_notices":[],"_links":{"self":[{"href":"https:\/\/www.livresentre2actions.fr\/en\/wp-json\/wp\/v2\/product\/17960","targetHints":{"allow":["GET"]}}],"collection":[{"href":"https:\/\/www.livresentre2actions.fr\/en\/wp-json\/wp\/v2\/product"}],"about":[{"href":"https:\/\/www.livresentre2actions.fr\/en\/wp-json\/wp\/v2\/types\/product"}],"wp:featuredmedia":[{"embeddable":true,"href":"https:\/\/www.livresentre2actions.fr\/en\/wp-json\/wp\/v2\/media\/17962"}],"wp:attachment":[{"href":"https:\/\/www.livresentre2actions.fr\/en\/wp-json\/wp\/v2\/media?parent=17960"}],"wp:term":[{"taxonomy":"product_brand","embeddable":true,"href":"https:\/\/www.livresentre2actions.fr\/en\/wp-json\/wp\/v2\/product_brand?post=17960"},{"taxonomy":"product_cat","embeddable":true,"href":"https:\/\/www.livresentre2actions.fr\/en\/wp-json\/wp\/v2\/product_cat?post=17960"},{"taxonomy":"product_tag","embeddable":true,"href":"https:\/\/www.livresentre2actions.fr\/en\/wp-json\/wp\/v2\/product_tag?post=17960"}],"curies":[{"name":"wp","href":"https:\/\/api.w.org\/{rel}","templated":true}]}}