{"id":17948,"date":"2026-01-13T16:08:38","date_gmt":"2026-01-13T15:08:38","guid":{"rendered":"https:\/\/www.livresentre2actions.fr\/?post_type=product&#038;p=17948"},"modified":"2026-01-13T16:08:45","modified_gmt":"2026-01-13T15:08:45","slug":"etude-sur-francois-hotman-la-franco-gallia","status":"publish","type":"product","link":"https:\/\/www.livresentre2actions.fr\/en\/product\/etude-sur-francois-hotman-la-franco-gallia\/","title":{"rendered":"\u00c9tude sur Fran\u00e7ois Hotman. La Franco-Gallia"},"content":{"rendered":"<p>\u00c9tienne Blocaille &#8211; Dijon, Imprimerie Jobard<\/p>\n<p>Broch\u00e9, 235 x 170, 270p. Avec table. 1902. Int\u00e9rieur propre, non coup\u00e9, mais ouvrage qui se d\u00e9broche et certaines pages ont \u00e9t\u00e9 adh\u00e9siv\u00e9es en partie pour tenter de consolider l\u2019ensemble. Premi\u00e8re de couverture avec tache, manque en t\u00eate et pied de dos, adh\u00e9sif en t\u00eate et pied de dos.<\/p>","protected":false},"excerpt":{"rendered":"<p>\u00c9tienne Blocaille &#8211; Dijon, Imprimerie Jobard Broch\u00e9, 235 x 170, 270p. Avec table. 1902. Int\u00e9rieur propre, non coup\u00e9, mais ouvrage qui se d\u00e9broche et certaines pages ont \u00e9t\u00e9 adh\u00e9siv\u00e9es en partie pour tenter de consolider l\u2019ensemble. Premi\u00e8re de couverture avec tache, manque en t\u00eate et pied de dos, adh\u00e9sif en t\u00eate et pied de dos.<\/p>","protected":false},"featured_media":17949,"template":"","meta":{"_eb_attr":""},"product_brand":[],"product_cat":[37,68],"product_tag":[],"class_list":{"0":"post-17948","1":"product","2":"type-product","3":"status-publish","4":"has-post-thumbnail","6":"product_cat-a-partir-du-xxeme-siecle","7":"product_cat-religion-spiritualite","8":"sales-flash-overlay","9":"woocommerce-text-align-center","10":"woocommerce-image-align-center","11":"wc-has-gallery","13":"first","14":"instock","15":"taxable","16":"shipping-taxable","17":"purchasable","18":"product-type-simple"},"aioseo_notices":[],"_links":{"self":[{"href":"https:\/\/www.livresentre2actions.fr\/en\/wp-json\/wp\/v2\/product\/17948","targetHints":{"allow":["GET"]}}],"collection":[{"href":"https:\/\/www.livresentre2actions.fr\/en\/wp-json\/wp\/v2\/product"}],"about":[{"href":"https:\/\/www.livresentre2actions.fr\/en\/wp-json\/wp\/v2\/types\/product"}],"wp:featuredmedia":[{"embeddable":true,"href":"https:\/\/www.livresentre2actions.fr\/en\/wp-json\/wp\/v2\/media\/17949"}],"wp:attachment":[{"href":"https:\/\/www.livresentre2actions.fr\/en\/wp-json\/wp\/v2\/media?parent=17948"}],"wp:term":[{"taxonomy":"product_brand","embeddable":true,"href":"https:\/\/www.livresentre2actions.fr\/en\/wp-json\/wp\/v2\/product_brand?post=17948"},{"taxonomy":"product_cat","embeddable":true,"href":"https:\/\/www.livresentre2actions.fr\/en\/wp-json\/wp\/v2\/product_cat?post=17948"},{"taxonomy":"product_tag","embeddable":true,"href":"https:\/\/www.livresentre2actions.fr\/en\/wp-json\/wp\/v2\/product_tag?post=17948"}],"curies":[{"name":"wp","href":"https:\/\/api.w.org\/{rel}","templated":true}]}}