{"id":17929,"date":"2026-01-13T14:28:43","date_gmt":"2026-01-13T13:28:43","guid":{"rendered":"https:\/\/www.livresentre2actions.fr\/?post_type=product&#038;p=17929"},"modified":"2026-01-13T14:34:44","modified_gmt":"2026-01-13T13:34:44","slug":"egypte-100-ans-de-cinema-magda-wassef-dir","status":"publish","type":"product","link":"https:\/\/www.livresentre2actions.fr\/en\/product\/egypte-100-ans-de-cinema-magda-wassef-dir\/","title":{"rendered":"\u00c9gypte, 100 ans de cin\u00e9ma &#8211; Magda Wassef (dir.)"},"content":{"rendered":"<p>Broch\u00e9, 300 x 220, 319p. Editions Plume, 1995. Except\u00e9 quelques rousseurs sur la tranche de t\u00eate, tr\u00e8s bon exemplaire, propre, int\u00e8gre, bien ferme.<\/p>","protected":false},"excerpt":{"rendered":"<p>Broch\u00e9, 300 x 220, 319p. Editions Plume, 1995. Except\u00e9 quelques rousseurs sur la tranche de t\u00eate, tr\u00e8s bon exemplaire, propre, int\u00e8gre, bien ferme.<\/p>","protected":false},"featured_media":17930,"template":"","meta":{"_eb_attr":""},"product_brand":[],"product_cat":[37,75],"product_tag":[],"class_list":{"0":"post-17929","1":"product","2":"type-product","3":"status-publish","4":"has-post-thumbnail","6":"product_cat-a-partir-du-xxeme-siecle","7":"product_cat-art","8":"sales-flash-overlay","9":"woocommerce-text-align-center","10":"woocommerce-image-align-center","11":"wc-has-gallery","13":"first","14":"instock","15":"taxable","16":"shipping-taxable","17":"purchasable","18":"product-type-simple"},"aioseo_notices":[],"_links":{"self":[{"href":"https:\/\/www.livresentre2actions.fr\/en\/wp-json\/wp\/v2\/product\/17929","targetHints":{"allow":["GET"]}}],"collection":[{"href":"https:\/\/www.livresentre2actions.fr\/en\/wp-json\/wp\/v2\/product"}],"about":[{"href":"https:\/\/www.livresentre2actions.fr\/en\/wp-json\/wp\/v2\/types\/product"}],"wp:featuredmedia":[{"embeddable":true,"href":"https:\/\/www.livresentre2actions.fr\/en\/wp-json\/wp\/v2\/media\/17930"}],"wp:attachment":[{"href":"https:\/\/www.livresentre2actions.fr\/en\/wp-json\/wp\/v2\/media?parent=17929"}],"wp:term":[{"taxonomy":"product_brand","embeddable":true,"href":"https:\/\/www.livresentre2actions.fr\/en\/wp-json\/wp\/v2\/product_brand?post=17929"},{"taxonomy":"product_cat","embeddable":true,"href":"https:\/\/www.livresentre2actions.fr\/en\/wp-json\/wp\/v2\/product_cat?post=17929"},{"taxonomy":"product_tag","embeddable":true,"href":"https:\/\/www.livresentre2actions.fr\/en\/wp-json\/wp\/v2\/product_tag?post=17929"}],"curies":[{"name":"wp","href":"https:\/\/api.w.org\/{rel}","templated":true}]}}