{"id":17893,"date":"2026-01-07T17:51:16","date_gmt":"2026-01-07T16:51:16","guid":{"rendered":"https:\/\/www.livresentre2actions.fr\/?post_type=product&#038;p=17893"},"modified":"2026-01-07T17:51:20","modified_gmt":"2026-01-07T16:51:20","slug":"description-de-sainte-sophie-de-constantinople","status":"publish","type":"product","link":"https:\/\/www.livresentre2actions.fr\/en\/product\/description-de-sainte-sophie-de-constantinople\/","title":{"rendered":"Description de Sainte-Sophie de Constantinople"},"content":{"rendered":"<p>Paul Le Silentiaire &#8211; \u00c9ditions A. Die Broch\u00e9 \u00e0 rabats, 242 x 160, 167p. Hors table. 1997 Excellent exemplaire, propre, int\u00e8gre, bien ferme.<\/p>","protected":false},"excerpt":{"rendered":"<p>Paul Le Silentiaire &#8211; \u00c9ditions A. Die Broch\u00e9 \u00e0 rabats, 242 x 160, 167p. Hors table. 1997 Excellent exemplaire, propre, int\u00e8gre, bien ferme.<\/p>","protected":false},"featured_media":17894,"template":"","meta":{"_eb_attr":""},"product_brand":[],"product_cat":[37,75,71,68],"product_tag":[],"class_list":{"0":"post-17893","1":"product","2":"type-product","3":"status-publish","4":"has-post-thumbnail","6":"product_cat-a-partir-du-xxeme-siecle","7":"product_cat-art","8":"product_cat-illustres-modernes-editions-originales-signees-numerotees","9":"product_cat-religion-spiritualite","10":"sales-flash-overlay","11":"woocommerce-text-align-center","12":"woocommerce-image-align-center","13":"wc-has-gallery","15":"first","16":"instock","17":"taxable","18":"shipping-taxable","19":"purchasable","20":"product-type-simple"},"aioseo_notices":[],"_links":{"self":[{"href":"https:\/\/www.livresentre2actions.fr\/en\/wp-json\/wp\/v2\/product\/17893","targetHints":{"allow":["GET"]}}],"collection":[{"href":"https:\/\/www.livresentre2actions.fr\/en\/wp-json\/wp\/v2\/product"}],"about":[{"href":"https:\/\/www.livresentre2actions.fr\/en\/wp-json\/wp\/v2\/types\/product"}],"wp:featuredmedia":[{"embeddable":true,"href":"https:\/\/www.livresentre2actions.fr\/en\/wp-json\/wp\/v2\/media\/17894"}],"wp:attachment":[{"href":"https:\/\/www.livresentre2actions.fr\/en\/wp-json\/wp\/v2\/media?parent=17893"}],"wp:term":[{"taxonomy":"product_brand","embeddable":true,"href":"https:\/\/www.livresentre2actions.fr\/en\/wp-json\/wp\/v2\/product_brand?post=17893"},{"taxonomy":"product_cat","embeddable":true,"href":"https:\/\/www.livresentre2actions.fr\/en\/wp-json\/wp\/v2\/product_cat?post=17893"},{"taxonomy":"product_tag","embeddable":true,"href":"https:\/\/www.livresentre2actions.fr\/en\/wp-json\/wp\/v2\/product_tag?post=17893"}],"curies":[{"name":"wp","href":"https:\/\/api.w.org\/{rel}","templated":true}]}}