{"id":17789,"date":"2025-12-31T20:47:18","date_gmt":"2025-12-31T19:47:18","guid":{"rendered":"https:\/\/www.livresentre2actions.fr\/?post_type=product&#038;p=17789"},"modified":"2026-01-16T18:07:58","modified_gmt":"2026-01-16T17:07:58","slug":"la-buire-imp-c-b-c-lyon-monplaisir","status":"publish","type":"product","link":"https:\/\/www.livresentre2actions.fr\/en\/product\/la-buire-imp-c-b-c-lyon-monplaisir\/","title":{"rendered":"La Buire &#8211; Imp. C.B.C Lyon Monplaisir."},"content":{"rendered":"<p>Broch\u00e9 cord\u00e9, 155 x 228, Non pagin\u00e9 (19p.) Sans date. Avec un feuillet coll\u00e9 en premi\u00e8re page avec les tarifs et l\u2019ex-libris Garage Terminus Michel Ponce \u00e0 Charleville. Avec 8 mod\u00e8les couleur dessin\u00e9 dans un style art nouveau\u00a0; une double page avec les quelques organes isol\u00e9s, une page avec le sch\u00e9ma du ch\u00e2ssis. Rares rousseurs int\u00e9rieures. Tr\u00e8s bon exemplaire, propre, int\u00e8gre.<\/p>","protected":false},"excerpt":{"rendered":"<p>Broch\u00e9 cord\u00e9, 155 x 228, Non pagin\u00e9 (19p.) Sans date. Avec un feuillet coll\u00e9 en premi\u00e8re page avec les tarifs et l\u2019ex-libris Garage Terminus Michel Ponce \u00e0 Charleville. Avec 8 mod\u00e8les couleur dessin\u00e9 dans un style art nouveau\u00a0; une double page avec les quelques organes isol\u00e9s, une page avec le sch\u00e9ma du ch\u00e2ssis. Rares rousseurs &#8230; <a title=\"La Buire &#8211; Imp. C.B.C Lyon Monplaisir.\" class=\"read-more\" href=\"https:\/\/www.livresentre2actions.fr\/en\/product\/la-buire-imp-c-b-c-lyon-monplaisir\/\" aria-label=\"Read more about La Buire &#8211; Imp. C.B.C Lyon Monplaisir.\">Read more<\/a><\/p>","protected":false},"featured_media":17791,"template":"","meta":{"_eb_attr":""},"product_brand":[],"product_cat":[37,74,72],"product_tag":[86],"class_list":{"0":"post-17789","1":"product","2":"type-product","3":"status-publish","4":"has-post-thumbnail","6":"product_cat-a-partir-du-xxeme-siecle","7":"product_cat-collections","8":"product_cat-divers","9":"product_tag-illustre","10":"sales-flash-overlay","11":"woocommerce-text-align-center","12":"woocommerce-image-align-center","13":"wc-has-gallery","15":"first","16":"outofstock","17":"taxable","18":"shipping-taxable","19":"purchasable","20":"product-type-simple"},"aioseo_notices":[],"_links":{"self":[{"href":"https:\/\/www.livresentre2actions.fr\/en\/wp-json\/wp\/v2\/product\/17789","targetHints":{"allow":["GET"]}}],"collection":[{"href":"https:\/\/www.livresentre2actions.fr\/en\/wp-json\/wp\/v2\/product"}],"about":[{"href":"https:\/\/www.livresentre2actions.fr\/en\/wp-json\/wp\/v2\/types\/product"}],"wp:featuredmedia":[{"embeddable":true,"href":"https:\/\/www.livresentre2actions.fr\/en\/wp-json\/wp\/v2\/media\/17791"}],"wp:attachment":[{"href":"https:\/\/www.livresentre2actions.fr\/en\/wp-json\/wp\/v2\/media?parent=17789"}],"wp:term":[{"taxonomy":"product_brand","embeddable":true,"href":"https:\/\/www.livresentre2actions.fr\/en\/wp-json\/wp\/v2\/product_brand?post=17789"},{"taxonomy":"product_cat","embeddable":true,"href":"https:\/\/www.livresentre2actions.fr\/en\/wp-json\/wp\/v2\/product_cat?post=17789"},{"taxonomy":"product_tag","embeddable":true,"href":"https:\/\/www.livresentre2actions.fr\/en\/wp-json\/wp\/v2\/product_tag?post=17789"}],"curies":[{"name":"wp","href":"https:\/\/api.w.org\/{rel}","templated":true}]}}