{"id":17767,"date":"2025-12-31T20:36:48","date_gmt":"2025-12-31T19:36:48","guid":{"rendered":"https:\/\/www.livresentre2actions.fr\/?post_type=product&#038;p=17767"},"modified":"2025-12-31T20:36:49","modified_gmt":"2025-12-31T19:36:49","slug":"cheminees-des-pays-de-loire-du-moyen-age-au-xviiie-siecle","status":"publish","type":"product","link":"https:\/\/www.livresentre2actions.fr\/en\/product\/cheminees-des-pays-de-loire-du-moyen-age-au-xviiie-siecle\/","title":{"rendered":"Chemin\u00e9es des Pays de Loire du Moyen Age au XVIIIe si\u00e8cle"},"content":{"rendered":"<p>Lo\u00efc Cl\u00e9ment d\u2019Armont et Michel Lacroix &#8211; L\u00e9once Laget<\/p>\n<p>Pleine toile \u00e9diteur sous jaquette, dos orn\u00e9 des titre et auteurs, 307 x 233, 405p. Avec table. 1973. Pr\u00e9face de Andr\u00e9 Chastel. Rousseurs sur les tranches de t\u00eate et m\u00e9diane, tranche de pied noircie sur l\u2019appui. Rousseurs en garde et derni\u00e8re page, et en faux-titre. Propre par ailleurs. Plats avec l\u00e9g\u00e8res rousseurs en t\u00eate. Jaquette globalement propre, avec quelques petites d\u00e9chirures consolid\u00e9es avec adh\u00e9sif, et deux petits manques. Bon exemplaire bien ferme.<\/p>","protected":false},"excerpt":{"rendered":"<p>Lo\u00efc Cl\u00e9ment d\u2019Armont et Michel Lacroix &#8211; L\u00e9once Laget Pleine toile \u00e9diteur sous jaquette, dos orn\u00e9 des titre et auteurs, 307 x 233, 405p. Avec table. 1973. Pr\u00e9face de Andr\u00e9 Chastel. Rousseurs sur les tranches de t\u00eate et m\u00e9diane, tranche de pied noircie sur l\u2019appui. Rousseurs en garde et derni\u00e8re page, et en faux-titre. Propre &#8230; <a title=\"Chemin\u00e9es des Pays de Loire du Moyen Age au XVIIIe si\u00e8cle\" class=\"read-more\" href=\"https:\/\/www.livresentre2actions.fr\/en\/product\/cheminees-des-pays-de-loire-du-moyen-age-au-xviiie-siecle\/\" aria-label=\"Read more about Chemin\u00e9es des Pays de Loire du Moyen Age au XVIIIe si\u00e8cle\">Read more<\/a><\/p>","protected":false},"featured_media":17768,"template":"","meta":{"_eb_attr":""},"product_brand":[],"product_cat":[37,75,71,97,69],"product_tag":[],"class_list":{"0":"post-17767","1":"product","2":"type-product","3":"status-publish","4":"has-post-thumbnail","6":"product_cat-a-partir-du-xxeme-siecle","7":"product_cat-art","8":"product_cat-illustres-modernes-editions-originales-signees-numerotees","9":"product_cat-regionalia-divers","10":"product_cat-sciences-et-techniques","11":"sales-flash-overlay","12":"woocommerce-text-align-center","13":"woocommerce-image-align-center","14":"wc-has-gallery","16":"first","17":"instock","18":"taxable","19":"shipping-taxable","20":"purchasable","21":"product-type-simple"},"aioseo_notices":[],"_links":{"self":[{"href":"https:\/\/www.livresentre2actions.fr\/en\/wp-json\/wp\/v2\/product\/17767","targetHints":{"allow":["GET"]}}],"collection":[{"href":"https:\/\/www.livresentre2actions.fr\/en\/wp-json\/wp\/v2\/product"}],"about":[{"href":"https:\/\/www.livresentre2actions.fr\/en\/wp-json\/wp\/v2\/types\/product"}],"wp:featuredmedia":[{"embeddable":true,"href":"https:\/\/www.livresentre2actions.fr\/en\/wp-json\/wp\/v2\/media\/17768"}],"wp:attachment":[{"href":"https:\/\/www.livresentre2actions.fr\/en\/wp-json\/wp\/v2\/media?parent=17767"}],"wp:term":[{"taxonomy":"product_brand","embeddable":true,"href":"https:\/\/www.livresentre2actions.fr\/en\/wp-json\/wp\/v2\/product_brand?post=17767"},{"taxonomy":"product_cat","embeddable":true,"href":"https:\/\/www.livresentre2actions.fr\/en\/wp-json\/wp\/v2\/product_cat?post=17767"},{"taxonomy":"product_tag","embeddable":true,"href":"https:\/\/www.livresentre2actions.fr\/en\/wp-json\/wp\/v2\/product_tag?post=17767"}],"curies":[{"name":"wp","href":"https:\/\/api.w.org\/{rel}","templated":true}]}}