{"id":17715,"date":"2025-12-31T19:59:16","date_gmt":"2025-12-31T18:59:16","guid":{"rendered":"https:\/\/www.livresentre2actions.fr\/?post_type=product&#038;p=17715"},"modified":"2025-12-31T20:01:30","modified_gmt":"2025-12-31T19:01:30","slug":"cathedrales-le-verbe-geometrique-thierry-de-champris","status":"publish","type":"product","link":"https:\/\/www.livresentre2actions.fr\/en\/product\/cathedrales-le-verbe-geometrique-thierry-de-champris\/","title":{"rendered":"Cath\u00e9drales : le verbe g\u00e9om\u00e9trique, Thierry de Champris"},"content":{"rendered":"<p>Guy Tredaniel \u00e9diteur<\/p>\n<p>Broch\u00e9, 420 x 296, 325p. hors tble. 1994. Int\u00e9rieur propre, l\u00e9g\u00e8re insolation en marge ext\u00e9rieure. Quelques points de rousseurs sur tranches (abondantes sur la tranche de t\u00eate) et en couvertures (tr\u00e8s rares) et dos (plus r\u00e9pandues). Bel exemplaire n\u00e9anmoins.<\/p>","protected":false},"excerpt":{"rendered":"<p>Guy Tredaniel \u00e9diteur Broch\u00e9, 420 x 296, 325p. hors tble. 1994. Int\u00e9rieur propre, l\u00e9g\u00e8re insolation en marge ext\u00e9rieure. Quelques points de rousseurs sur tranches (abondantes sur la tranche de t\u00eate) et en couvertures (tr\u00e8s rares) et dos (plus r\u00e9pandues). Bel exemplaire n\u00e9anmoins.<\/p>","protected":false},"featured_media":17716,"template":"","meta":{"_eb_attr":""},"product_brand":[],"product_cat":[37,75,71,68,69],"product_tag":[86],"class_list":{"0":"post-17715","1":"product","2":"type-product","3":"status-publish","4":"has-post-thumbnail","6":"product_cat-a-partir-du-xxeme-siecle","7":"product_cat-art","8":"product_cat-illustres-modernes-editions-originales-signees-numerotees","9":"product_cat-religion-spiritualite","10":"product_cat-sciences-et-techniques","11":"product_tag-illustre","12":"sales-flash-overlay","13":"woocommerce-text-align-center","14":"woocommerce-image-align-center","15":"wc-has-gallery","17":"first","18":"instock","19":"taxable","20":"shipping-taxable","21":"purchasable","22":"product-type-simple"},"aioseo_notices":[],"_links":{"self":[{"href":"https:\/\/www.livresentre2actions.fr\/en\/wp-json\/wp\/v2\/product\/17715","targetHints":{"allow":["GET"]}}],"collection":[{"href":"https:\/\/www.livresentre2actions.fr\/en\/wp-json\/wp\/v2\/product"}],"about":[{"href":"https:\/\/www.livresentre2actions.fr\/en\/wp-json\/wp\/v2\/types\/product"}],"wp:featuredmedia":[{"embeddable":true,"href":"https:\/\/www.livresentre2actions.fr\/en\/wp-json\/wp\/v2\/media\/17716"}],"wp:attachment":[{"href":"https:\/\/www.livresentre2actions.fr\/en\/wp-json\/wp\/v2\/media?parent=17715"}],"wp:term":[{"taxonomy":"product_brand","embeddable":true,"href":"https:\/\/www.livresentre2actions.fr\/en\/wp-json\/wp\/v2\/product_brand?post=17715"},{"taxonomy":"product_cat","embeddable":true,"href":"https:\/\/www.livresentre2actions.fr\/en\/wp-json\/wp\/v2\/product_cat?post=17715"},{"taxonomy":"product_tag","embeddable":true,"href":"https:\/\/www.livresentre2actions.fr\/en\/wp-json\/wp\/v2\/product_tag?post=17715"}],"curies":[{"name":"wp","href":"https:\/\/api.w.org\/{rel}","templated":true}]}}