{"id":17686,"date":"2025-12-27T18:17:51","date_gmt":"2025-12-27T17:17:51","guid":{"rendered":"https:\/\/www.livresentre2actions.fr\/?post_type=product&#038;p=17686"},"modified":"2025-12-27T18:17:52","modified_gmt":"2025-12-27T17:17:52","slug":"jeanne-darc-louis-xiv-napoleon-charles-maurras-et-le-nationalisme-d","status":"publish","type":"product","link":"https:\/\/www.livresentre2actions.fr\/en\/product\/jeanne-darc-louis-xiv-napoleon-charles-maurras-et-le-nationalisme-d\/","title":{"rendered":"Jeanne d\u2019Arc, Louis XIV, Napol\u00e9on \/ Charles Maurras et le nationalisme d"},"content":{"rendered":"<p>Reli\u00e9 \u00e0 la suite\u00a0: Charles Maurras et le nationalisme de l\u2019Action Fran\u00e7aise<\/p>\n<p>Flammarion \/ Grasset<\/p>\n<p>Demi-percaline bleue \u00e0 dos long orn\u00e9 des titre et auteur, et d\u2019une fleur de lys en plein, couvertures conserv\u00e9es, 183 x 120, 260p. Avec table. 1937. \u00c9dition originale sur papier courant. Avec trois coupures de presse d\u2019\u00e9poque gliss\u00e9e dans le volume.<\/p>\n<p>Reli\u00e9 \u00e0 la suite : Charles Maurras et le nationalisme de l\u2019Action Fran\u00e7aise, par Mis de Roux [Marie de], couvertures conserv\u00e9es de m\u00eame, 272p. Avec table, 1937. Edition originale sur papier courant. Mention sans doute factice de 9\u00e8me \u00e9dition. Exemplaire truff\u00e9 avant la garde de deux grands coupures de presse d\u00e9pliante d\u2019\u00e9poque, dont un article de Maurras, probablement tir\u00e9s de l\u2019Action fran\u00e7aise. Exemplaire propre et int\u00e8gre, bien ferme.<\/p>","protected":false},"excerpt":{"rendered":"<p>Reli\u00e9 \u00e0 la suite\u00a0: Charles Maurras et le nationalisme de l\u2019Action Fran\u00e7aise Flammarion \/ Grasset Demi-percaline bleue \u00e0 dos long orn\u00e9 des titre et auteur, et d\u2019une fleur de lys en plein, couvertures conserv\u00e9es, 183 x 120, 260p. Avec table. 1937. \u00c9dition originale sur papier courant. Avec trois coupures de presse d\u2019\u00e9poque gliss\u00e9e dans le &#8230; <a title=\"Jeanne d\u2019Arc, Louis XIV, Napol\u00e9on \/ Charles Maurras et le nationalisme d\" class=\"read-more\" href=\"https:\/\/www.livresentre2actions.fr\/en\/product\/jeanne-darc-louis-xiv-napoleon-charles-maurras-et-le-nationalisme-d\/\" aria-label=\"Read more about Jeanne d\u2019Arc, Louis XIV, Napol\u00e9on \/ Charles Maurras et le nationalisme d\">Read more<\/a><\/p>","protected":false},"featured_media":17687,"template":"","meta":{"_eb_attr":""},"product_brand":[],"product_cat":[37,71,73],"product_tag":[],"class_list":{"0":"post-17686","1":"product","2":"type-product","3":"status-publish","4":"has-post-thumbnail","6":"product_cat-a-partir-du-xxeme-siecle","7":"product_cat-illustres-modernes-editions-originales-signees-numerotees","8":"product_cat-histoires-et-recits-de-voyage","9":"sales-flash-overlay","10":"woocommerce-text-align-center","11":"woocommerce-image-align-center","12":"wc-has-gallery","14":"first","15":"instock","16":"taxable","17":"shipping-taxable","18":"purchasable","19":"product-type-simple"},"aioseo_notices":[],"_links":{"self":[{"href":"https:\/\/www.livresentre2actions.fr\/en\/wp-json\/wp\/v2\/product\/17686","targetHints":{"allow":["GET"]}}],"collection":[{"href":"https:\/\/www.livresentre2actions.fr\/en\/wp-json\/wp\/v2\/product"}],"about":[{"href":"https:\/\/www.livresentre2actions.fr\/en\/wp-json\/wp\/v2\/types\/product"}],"wp:featuredmedia":[{"embeddable":true,"href":"https:\/\/www.livresentre2actions.fr\/en\/wp-json\/wp\/v2\/media\/17687"}],"wp:attachment":[{"href":"https:\/\/www.livresentre2actions.fr\/en\/wp-json\/wp\/v2\/media?parent=17686"}],"wp:term":[{"taxonomy":"product_brand","embeddable":true,"href":"https:\/\/www.livresentre2actions.fr\/en\/wp-json\/wp\/v2\/product_brand?post=17686"},{"taxonomy":"product_cat","embeddable":true,"href":"https:\/\/www.livresentre2actions.fr\/en\/wp-json\/wp\/v2\/product_cat?post=17686"},{"taxonomy":"product_tag","embeddable":true,"href":"https:\/\/www.livresentre2actions.fr\/en\/wp-json\/wp\/v2\/product_tag?post=17686"}],"curies":[{"name":"wp","href":"https:\/\/api.w.org\/{rel}","templated":true}]}}