{"id":17624,"date":"2025-12-27T17:42:28","date_gmt":"2025-12-27T16:42:28","guid":{"rendered":"https:\/\/www.livresentre2actions.fr\/?post_type=product&#038;p=17624"},"modified":"2025-12-27T17:42:30","modified_gmt":"2025-12-27T16:42:30","slug":"soeurs-darmes-leon-poirier","status":"publish","type":"product","link":"https:\/\/www.livresentre2actions.fr\/en\/product\/soeurs-darmes-leon-poirier\/","title":{"rendered":"S\u0153urs d\u2019armes.  L\u00e9on Poirier"},"content":{"rendered":"<p>S\u0153urs d\u2019armes. \u00c9pisodes inspir\u00e9s par l\u2019h\u00e9ro\u00efsme de Louise de Bettignies, de L\u00e9onie Vanhoutte et de toutes les femmes admirables des pays envahis 1914-1918.\u00a0 Photographies du film.<\/p>\n<p>L\u00e9on Poirier &#8211; Maison Mame<\/p>\n<p>Demi-basane tabac, dos \u00e0 faux-nerfs, orn\u00e9 d\u2019une pi\u00e8ce de titre havane et d\u2019une pi\u00e8ce d\u2019auteur rouge, 192 x 130, 224p. Hors table. 1938. illustrations photographiques dans le texte. Int\u00e9rieur tr\u00e8s bon propre et int\u00e8gre. Coins et champs frott\u00e9s, coins l\u00e9g\u00e8rement cogn\u00e9s. Reliure frott\u00e9e avec \u00e9pidermures et griffes. Bon exemplaire bien ferme.<\/p>","protected":false},"excerpt":{"rendered":"<p>S\u0153urs d\u2019armes. \u00c9pisodes inspir\u00e9s par l\u2019h\u00e9ro\u00efsme de Louise de Bettignies, de L\u00e9onie Vanhoutte et de toutes les femmes admirables des pays envahis 1914-1918.\u00a0 Photographies du film. L\u00e9on Poirier &#8211; Maison Mame Demi-basane tabac, dos \u00e0 faux-nerfs, orn\u00e9 d\u2019une pi\u00e8ce de titre havane et d\u2019une pi\u00e8ce d\u2019auteur rouge, 192 x 130, 224p. Hors table. 1938. illustrations &#8230; <a title=\"S\u0153urs d\u2019armes.  L\u00e9on Poirier\" class=\"read-more\" href=\"https:\/\/www.livresentre2actions.fr\/en\/product\/soeurs-darmes-leon-poirier\/\" aria-label=\"Read more about S\u0153urs d\u2019armes.  L\u00e9on Poirier\">Read more<\/a><\/p>","protected":false},"featured_media":17625,"template":"","meta":{"_eb_attr":""},"product_brand":[],"product_cat":[37,75,71,81,73],"product_tag":[],"class_list":{"0":"post-17624","1":"product","2":"type-product","3":"status-publish","4":"has-post-thumbnail","6":"product_cat-a-partir-du-xxeme-siecle","7":"product_cat-art","8":"product_cat-illustres-modernes-editions-originales-signees-numerotees","9":"product_cat-hauts-de-france","10":"product_cat-histoires-et-recits-de-voyage","11":"sales-flash-overlay","12":"woocommerce-text-align-center","13":"woocommerce-image-align-center","14":"wc-has-gallery","16":"first","17":"instock","18":"taxable","19":"shipping-taxable","20":"purchasable","21":"product-type-simple"},"aioseo_notices":[],"_links":{"self":[{"href":"https:\/\/www.livresentre2actions.fr\/en\/wp-json\/wp\/v2\/product\/17624","targetHints":{"allow":["GET"]}}],"collection":[{"href":"https:\/\/www.livresentre2actions.fr\/en\/wp-json\/wp\/v2\/product"}],"about":[{"href":"https:\/\/www.livresentre2actions.fr\/en\/wp-json\/wp\/v2\/types\/product"}],"wp:featuredmedia":[{"embeddable":true,"href":"https:\/\/www.livresentre2actions.fr\/en\/wp-json\/wp\/v2\/media\/17625"}],"wp:attachment":[{"href":"https:\/\/www.livresentre2actions.fr\/en\/wp-json\/wp\/v2\/media?parent=17624"}],"wp:term":[{"taxonomy":"product_brand","embeddable":true,"href":"https:\/\/www.livresentre2actions.fr\/en\/wp-json\/wp\/v2\/product_brand?post=17624"},{"taxonomy":"product_cat","embeddable":true,"href":"https:\/\/www.livresentre2actions.fr\/en\/wp-json\/wp\/v2\/product_cat?post=17624"},{"taxonomy":"product_tag","embeddable":true,"href":"https:\/\/www.livresentre2actions.fr\/en\/wp-json\/wp\/v2\/product_tag?post=17624"}],"curies":[{"name":"wp","href":"https:\/\/api.w.org\/{rel}","templated":true}]}}