{"id":17604,"date":"2025-12-27T17:26:25","date_gmt":"2025-12-27T16:26:25","guid":{"rendered":"https:\/\/www.livresentre2actions.fr\/?post_type=product&#038;p=17604"},"modified":"2026-03-07T19:28:36","modified_gmt":"2026-03-07T18:28:36","slug":"encyclopedie-pratique-du-naturaliste-microscope-pratique-g-deflandre","status":"publish","type":"product","link":"https:\/\/www.livresentre2actions.fr\/en\/product\/encyclopedie-pratique-du-naturaliste-microscope-pratique-g-deflandre\/","title":{"rendered":"Encyclop\u00e9die pratique du naturaliste &#8211; Microscope pratique, G. Deflandre"},"content":{"rendered":"<p>2\u00e8me \u00e9d. revue et augment\u00e9e, 1947. Pleine toile \u00e9diteur, 165 x 125, 441p. avec tble.. 20 planches colori\u00e9es, 158 planches noires (1950 figures). Tr\u00e8s bel exemplaire, propre, int\u00e8gre, bien ferme. recouvert avec soin. Bien ferme.<\/p>","protected":false},"excerpt":{"rendered":"<p>2\u00e8me \u00e9d. revue et augment\u00e9e, 1947. Pleine toile \u00e9diteur, 165 x 125, 441p. avec tble.. 20 planches colori\u00e9es, 158 planches noires (1950 figures). Tr\u00e8s bel exemplaire, propre, int\u00e8gre, bien ferme. recouvert avec soin. Bien ferme.<\/p>","protected":false},"featured_media":0,"template":"","meta":{"_eb_attr":""},"product_brand":[],"product_cat":[37,69],"product_tag":[86],"class_list":{"0":"post-17604","1":"product","2":"type-product","3":"status-publish","5":"product_cat-a-partir-du-xxeme-siecle","6":"product_cat-sciences-et-techniques","7":"product_tag-illustre","8":"sales-flash-overlay","9":"woocommerce-text-align-center","10":"woocommerce-image-align-center","12":"first","13":"outofstock","14":"taxable","15":"shipping-taxable","16":"purchasable","17":"product-type-simple"},"aioseo_notices":[],"_links":{"self":[{"href":"https:\/\/www.livresentre2actions.fr\/en\/wp-json\/wp\/v2\/product\/17604","targetHints":{"allow":["GET"]}}],"collection":[{"href":"https:\/\/www.livresentre2actions.fr\/en\/wp-json\/wp\/v2\/product"}],"about":[{"href":"https:\/\/www.livresentre2actions.fr\/en\/wp-json\/wp\/v2\/types\/product"}],"wp:attachment":[{"href":"https:\/\/www.livresentre2actions.fr\/en\/wp-json\/wp\/v2\/media?parent=17604"}],"wp:term":[{"taxonomy":"product_brand","embeddable":true,"href":"https:\/\/www.livresentre2actions.fr\/en\/wp-json\/wp\/v2\/product_brand?post=17604"},{"taxonomy":"product_cat","embeddable":true,"href":"https:\/\/www.livresentre2actions.fr\/en\/wp-json\/wp\/v2\/product_cat?post=17604"},{"taxonomy":"product_tag","embeddable":true,"href":"https:\/\/www.livresentre2actions.fr\/en\/wp-json\/wp\/v2\/product_tag?post=17604"}],"curies":[{"name":"wp","href":"https:\/\/api.w.org\/{rel}","templated":true}]}}