{"id":17597,"date":"2025-12-27T17:09:06","date_gmt":"2025-12-27T16:09:06","guid":{"rendered":"https:\/\/www.livresentre2actions.fr\/?post_type=product&#038;p=17597"},"modified":"2025-12-27T17:28:36","modified_gmt":"2025-12-27T16:28:36","slug":"aide-memoire-de-meteorologie-pour-aviateurs","status":"publish","type":"product","link":"https:\/\/www.livresentre2actions.fr\/en\/product\/aide-memoire-de-meteorologie-pour-aviateurs\/","title":{"rendered":"Aide-m\u00e9moire de m\u00e9t\u00e9orologie pour aviateurs"},"content":{"rendered":"<p>Broch\u00e9, 270 X 210, 24p. 1947. Tableaux et sch\u00e9mas dans le texte. Propre et int\u00e8gre. En Annexe : Tableau de correspondance concernant les vents \/ Petit lexique m\u00e9t\u00e9orologique anglais-fran\u00e7ais \/ Le givrage \/ Vols \u00e0 courte distance : Compte-rendu d&rsquo;observations m\u00e9t\u00e9orologiques d&rsquo;a\u00e9ronefs ; Pr\u00e9visions m\u00e9t\u00e9orologiques de vol et d\u2019atterrissage.<\/p>","protected":false},"excerpt":{"rendered":"<p>Broch\u00e9, 270 X 210, 24p. 1947. Tableaux et sch\u00e9mas dans le texte. Propre et int\u00e8gre. En Annexe : Tableau de correspondance concernant les vents \/ Petit lexique m\u00e9t\u00e9orologique anglais-fran\u00e7ais \/ Le givrage \/ Vols \u00e0 courte distance : Compte-rendu d&rsquo;observations m\u00e9t\u00e9orologiques d&rsquo;a\u00e9ronefs ; Pr\u00e9visions m\u00e9t\u00e9orologiques de vol et d\u2019atterrissage.<\/p>","protected":false},"featured_media":17598,"template":"","meta":{"_eb_attr":""},"product_brand":[],"product_cat":[37,72,69],"product_tag":[],"class_list":{"0":"post-17597","1":"product","2":"type-product","3":"status-publish","4":"has-post-thumbnail","6":"product_cat-a-partir-du-xxeme-siecle","7":"product_cat-divers","8":"product_cat-sciences-et-techniques","9":"sales-flash-overlay","10":"woocommerce-text-align-center","11":"woocommerce-image-align-center","12":"wc-has-gallery","14":"first","15":"instock","16":"taxable","17":"shipping-taxable","18":"purchasable","19":"product-type-simple"},"aioseo_notices":[],"_links":{"self":[{"href":"https:\/\/www.livresentre2actions.fr\/en\/wp-json\/wp\/v2\/product\/17597","targetHints":{"allow":["GET"]}}],"collection":[{"href":"https:\/\/www.livresentre2actions.fr\/en\/wp-json\/wp\/v2\/product"}],"about":[{"href":"https:\/\/www.livresentre2actions.fr\/en\/wp-json\/wp\/v2\/types\/product"}],"wp:featuredmedia":[{"embeddable":true,"href":"https:\/\/www.livresentre2actions.fr\/en\/wp-json\/wp\/v2\/media\/17598"}],"wp:attachment":[{"href":"https:\/\/www.livresentre2actions.fr\/en\/wp-json\/wp\/v2\/media?parent=17597"}],"wp:term":[{"taxonomy":"product_brand","embeddable":true,"href":"https:\/\/www.livresentre2actions.fr\/en\/wp-json\/wp\/v2\/product_brand?post=17597"},{"taxonomy":"product_cat","embeddable":true,"href":"https:\/\/www.livresentre2actions.fr\/en\/wp-json\/wp\/v2\/product_cat?post=17597"},{"taxonomy":"product_tag","embeddable":true,"href":"https:\/\/www.livresentre2actions.fr\/en\/wp-json\/wp\/v2\/product_tag?post=17597"}],"curies":[{"name":"wp","href":"https:\/\/api.w.org\/{rel}","templated":true}]}}